{"id":2981,"date":"2024-08-07T12:30:08","date_gmt":"2024-08-07T12:30:08","guid":{"rendered":"https:\/\/no-nailboxes.com.eteamsys.com\/?page_id=2981"},"modified":"2025-09-16T06:39:42","modified_gmt":"2025-09-16T06:39:42","slug":"katalog","status":"publish","type":"page","link":"https:\/\/no-nailboxes.com\/de\/katalog\/","title":{"rendered":"Unser Katalog"},"content":{"rendered":"\r\n<section class=\"acf-block acf-block-image-texte acf-block-first\" id=\"block_acf-block_68b6aca7183eb\">\r\n            <div class=\"container-fluid \">\r\n        <div class=\"content__columns--wrapper columns__wrapper columns__wrapper--one\">\r\n                                                \r\n                                            <div class=\"content__column content__column--left content content__column--valign content__column--valign-top\"><div class=\"sub_title\"><h2 style=\"font-size: 30px; text-transform: none;\">NO-NAIL BOXES beantwortet Ihre Fragen zu Holzkisten auf Paletten. <\/H2><\/div><p>&nbsp;<\/p>\n<p>Verpackungsl\u00f6sungen sind nicht nur eine Frage des Schutzes, sondern auch ein strategischer Faktor zur Optimierung Ihrer Logistikkosten, zur Reduzierung Ihres \u00f6kologischen Fu\u00dfabdrucks und zur Gew\u00e4hrleistung der Produktsicherheit. Mit \u00fcber 60 Jahren Erfahrung in der Industrie kennt NO-NAIL BOXES die Herausforderungen, vor denen Unternehmen beim Transport schwerer, empfindlicher oder gef\u00e4hrlicher G\u00fcter stehen. Unsere Holzkisten auf Paletten, entwickelt, um h\u00f6chsten Anforderungen gerecht zu werden, verbinden Innovation, Nachhaltigkeit und individuelle Anpassung. Entdecken Sie in diesem FAQ alles, was Sie wissen m\u00fcssen, um die passende Holzverpackungskiste f\u00fcr Ihre spezifischen Anforderungen zu w\u00e4hlen!<\/p>\n<div id=\"ConnectiveDocSignExtentionInstalled\" data-extension-version=\"1.0.4\"><\/div>\n<\/div>\r\n                                                        <\/div>\r\n    <\/div>\r\n<\/section>\r\n\r\n    <section class=\"acf-block acf-block-faq acf-block-last\" id=\"block_acf-block_68b6aca718697\">\r\n        <div class=\"container-fluid\">\r\n            <h2 class=\"faq__title\">\r\n                <span class=\"h2\">Fragen &#038; Antworten<\/span>            <\/h2>\r\n\r\n            <ul class=\"faq__questions\">\r\n                                    \r\n                    <li class=\"faq__question\">\r\n                        <input class=\"faq__toggle\" id=\"faq-question-69ef90cbc876f\" type=\"checkbox\">\r\n\r\n                        <label class=\"faq__question--title\" for=\"faq-question-69ef90cbc876f\">\r\n                            <h2 class=\"h6\">Was sind die wichtigsten Einsatzbereiche von Holzkisten auf Paletten?<\/h2>                        <\/label>\r\n\r\n                        <div class=\"faq__question--answer-container\">\r\n                            <div class=\"faq__question--answer\">\r\n                                Holzkisten auf Paletten werden in verschiedenen Branchen f\u00fcr den Transport und die Lagerung schwerer, empfindlicher oder gro\u00dfformatiger G\u00fcter eingesetzt. Sie eignen sich besonders f\u00fcr die Chemie-, Verteidigungs-, Transport- und Logistikbranche sowie f\u00fcr den Maschinen- und Anlagenbau, die Mechanik-, Automobil- und Bahnindustrie, in denen Produktsicherheit und Schutz entscheidend sind.                            <\/div>\r\n                        <\/div>\r\n                    <\/li>\r\n                                    \r\n                    <li class=\"faq__question\">\r\n                        <input class=\"faq__toggle\" id=\"faq-question-69ef90cbc8772\" type=\"checkbox\">\r\n\r\n                        <label class=\"faq__question--title\" for=\"faq-question-69ef90cbc8772\">\r\n                            <h2 class=\"h6\">Welche Personalisierungsoptionen gibt es f\u00fcr Holzkisten auf Paletten?<\/h2>                        <\/label>\r\n\r\n                        <div class=\"faq__question--answer-container\">\r\n                            <div class=\"faq__question--answer\">\r\n                                NO-NAIL BOXES bietet ma\u00dfgeschneiderte Holzverpackungskisten, die exakt auf die Abmessungen Ihrer Produkte zugeschnitten sind. Zu den Optionen geh\u00f6ren individuelle Verschlusssysteme (Umreifung, Verschraubung), das Aufdrucken Ihres Logos, Handhabungszubeh\u00f6r sowie Holz- oder Schaumstoffeinlagen \u2013 alles, um Ihre spezifischen Anforderungen optimal zu erf\u00fcllen.                            <\/div>\r\n                        <\/div>\r\n                    <\/li>\r\n                                    \r\n                    <li class=\"faq__question\">\r\n                        <input class=\"faq__toggle\" id=\"faq-question-69ef90cbc8773\" type=\"checkbox\">\r\n\r\n                        <label class=\"faq__question--title\" for=\"faq-question-69ef90cbc8773\">\r\n                            <h2 class=\"h6\">Welche Zertifizierungen und Normen erf\u00fcllen die Holzkisten auf Paletten von NO-NAIL BOXES?<\/h2>                        <\/label>\r\n\r\n                        <div class=\"faq__question--answer-container\">\r\n                            <div class=\"faq__question--answer\">\r\n                                Unsere Holzkisten auf Paletten entsprechen dem Standard ISPM 15 f\u00fcr Holzverpackungen im internationalen Transport. Dar\u00fcber hinaus bieten wir auch zertifizierte Holzverpackungskisten f\u00fcr den Gefahrguttransport gem\u00e4\u00df den ADR-Vorschriften an. Die ADR-Kisten von NO-NAIL BOXES garantieren ein H\u00f6chstma\u00df an Sicherheit und werden in anerkannten Pr\u00fcflaboren getestet.                            <\/div>\r\n                        <\/div>\r\n                    <\/li>\r\n                                    \r\n                    <li class=\"faq__question\">\r\n                        <input class=\"faq__toggle\" id=\"faq-question-69ef90cbc8774\" type=\"checkbox\">\r\n\r\n                        <label class=\"faq__question--title\" for=\"faq-question-69ef90cbc8774\">\r\n                            <h2 class=\"h6\">Welche Vorteile bietet eine Holzkiste auf Palette im Vergleich zu anderen Materialien wie Kunststoff oder Metall?<\/h2>                        <\/label>\r\n\r\n                        <div class=\"faq__question--answer-container\">\r\n                            <div class=\"faq__question--answer\">\r\n                                Holzverpackungskisten sind gleichzeitig stabil und leicht und bieten einen hervorragenden Schutz vor St\u00f6\u00dfen w\u00e4hrend des Transports. Im Gegensatz zu Kunststoff oder Metall ist Holz recycelbar und damit eine deutlich umweltfreundlichere L\u00f6sung. Zudem sind die Holzkisten von NO-NAIL BOXES faltbar und erm\u00f6glichen dadurch eine optimale Nutzung von Lager- und Transportkapazit\u00e4ten.                            <\/div>\r\n                        <\/div>\r\n                    <\/li>\r\n                                    \r\n                    <li class=\"faq__question\">\r\n                        <input class=\"faq__toggle\" id=\"faq-question-69ef90cbc8775\" type=\"checkbox\">\r\n\r\n                        <label class=\"faq__question--title\" for=\"faq-question-69ef90cbc8775\">\r\n                            <h2 class=\"h6\">K\u00f6nnen Holzkisten auf Paletten wiederverwendet werden?<\/h2>                        <\/label>\r\n\r\n                        <div class=\"faq__question--answer-container\">\r\n                            <div class=\"faq__question--answer\">\r\n                                Ja, die Holzkisten auf Paletten von NO-NAIL BOXES sind f\u00fcr die Wiederverwendung konzipiert. Sie sind robust, lassen sich leicht zusammenfalten und wieder montieren und eignen sich so f\u00fcr mehrere Transportzyklen.                            <\/div>\r\n                        <\/div>\r\n                    <\/li>\r\n                                    \r\n                    <li class=\"faq__question\">\r\n                        <input class=\"faq__toggle\" id=\"faq-question-69ef90cbc8776\" type=\"checkbox\">\r\n\r\n                        <label class=\"faq__question--title\" for=\"faq-question-69ef90cbc8776\">\r\n                            <h2 class=\"h6\">Wie l\u00e4uft die Montage der faltbaren Holzkisten auf Paletten ab?<\/h2>                        <\/label>\r\n\r\n                        <div class=\"faq__question--answer-container\">\r\n                            <div class=\"faq__question--answer\">\r\n                                Die faltbaren Holzverpackungskisten werden flach angeliefert, um die Transportkosten zu minimieren. Die Montage ist dank unseres patentierten, nagellosen Systems schnell und einfach. Zus\u00e4tzlich stellen wir unseren Kunden Erkl\u00e4rvideos zur Verf\u00fcgung, die den gesamten Aufbauprozess begleiten.                            <\/div>\r\n                        <\/div>\r\n                    <\/li>\r\n                                    \r\n                    <li class=\"faq__question\">\r\n                        <input class=\"faq__toggle\" id=\"faq-question-69ef90cbc8777\" type=\"checkbox\">\r\n\r\n                        <label class=\"faq__question--title\" for=\"faq-question-69ef90cbc8777\">\r\n                            <h2 class=\"h6\">Wie lange ist die Lebensdauer einer Holzkiste auf Palette?<\/h2>                        <\/label>\r\n\r\n                        <div class=\"faq__question--answer-container\">\r\n                            <div class=\"faq__question--answer\">\r\n                                Die Lebensdauer h\u00e4ngt von der Nutzung und den Transportbedingungen ab. Unsere Holzkisten aus Sperrholz und Stahl sind f\u00fcr eine lange Haltbarkeit ausgelegt und k\u00f6nnen dank ihrer Robustheit und Widerstandsf\u00e4higkeit gegen schwierige Bedingungen \u00fcber viele Transportzyklen hinweg genutzt werden.                            <\/div>\r\n                        <\/div>\r\n                    <\/li>\r\n                                    \r\n                    <li class=\"faq__question\">\r\n                        <input class=\"faq__toggle\" id=\"faq-question-69ef90cbc8778\" type=\"checkbox\">\r\n\r\n                        <label class=\"faq__question--title\" for=\"faq-question-69ef90cbc8778\">\r\n                            <h2 class=\"h6\">Was geschieht mit gebrauchten Holzkisten?<\/h2>                        <\/label>\r\n\r\n                        <div class=\"faq__question--answer-container\">\r\n                            <div class=\"faq__question--answer\">\r\n                                Die Holzverpackungskisten von NO-NAIL BOXES bestehen aus recycelbaren Materialien und k\u00f6nnen wiederverwendet oder dem Recycling zugef\u00fchrt werden. Wenn sie nicht mehr einsatzf\u00e4hig sind, empfehlen wir unseren Kunden, sich an ihren lokalen Entsorgungsdienstleister oder ein Recyclingzentrum zu wenden, um die Kisten umweltgerecht zu verwerten.                            <\/div>\r\n                        <\/div>\r\n                    <\/li>\r\n                            <\/ul>\r\n        <\/div>\r\n    <\/section>\r\n","protected":false},"excerpt":{"rendered":"","protected":false},"author":6,"featured_media":0,"parent":0,"menu_order":0,"comment_status":"closed","ping_status":"closed","template":"template-archive-products.php","meta":{"_acf_changed":false,"footnotes":""},"class_list":["post-2981","page","type-page","status-publish","hentry"],"acf":[],"yoast_head":"<!-- This site is optimized with the Yoast SEO plugin v26.2 - https:\/\/yoast.com\/wordpress\/plugins\/seo\/ -->\n<title>Faltkisten Holz Katalog | No-Nail Boxes<\/title>\n<meta name=\"description\" content=\"Sehen Sie unseren Katalog faltbarer Holzkisten: robuste, platzsparende und anpassbare Sperrholzverpackungen f\u00fcr Transport und Industrie.\" \/>\n<meta name=\"robots\" content=\"index, follow, max-snippet:-1, max-image-preview:large, max-video-preview:-1\" \/>\n<link rel=\"canonical\" href=\"https:\/\/no-nailboxes.com\/de\/katalog\/\" \/>\n<meta property=\"og:locale\" content=\"de_DE\" \/>\n<meta property=\"og:type\" content=\"article\" \/>\n<meta property=\"og:title\" content=\"Faltkisten Holz Katalog | No-Nail Boxes\" \/>\n<meta property=\"og:description\" content=\"Sehen Sie unseren Katalog faltbarer Holzkisten: robuste, platzsparende und anpassbare Sperrholzverpackungen f\u00fcr Transport und Industrie.\" \/>\n<meta property=\"og:url\" content=\"https:\/\/no-nailboxes.com\/de\/katalog\/\" \/>\n<meta property=\"og:site_name\" content=\"No-Nail Boxes\" \/>\n<meta property=\"article:publisher\" content=\"https:\/\/www.facebook.com\/nonailboxes.lux\/\" \/>\n<meta property=\"article:modified_time\" content=\"2025-09-16T06:39:42+00:00\" \/>\n<meta name=\"twitter:card\" content=\"summary_large_image\" \/>\n<script type=\"application\/ld+json\" class=\"yoast-schema-graph\">{\"@context\":\"https:\/\/schema.org\",\"@graph\":[{\"@type\":\"WebPage\",\"@id\":\"https:\/\/no-nailboxes.com\/de\/katalog\/\",\"url\":\"https:\/\/no-nailboxes.com\/de\/katalog\/\",\"name\":\"Faltkisten Holz Katalog | No-Nail Boxes\",\"isPartOf\":{\"@id\":\"https:\/\/no-nailboxes.com\/en\/#website\"},\"datePublished\":\"2024-08-07T12:30:08+00:00\",\"dateModified\":\"2025-09-16T06:39:42+00:00\",\"description\":\"Sehen Sie unseren Katalog faltbarer Holzkisten: robuste, platzsparende und anpassbare Sperrholzverpackungen f\u00fcr Transport und Industrie.\",\"breadcrumb\":{\"@id\":\"https:\/\/no-nailboxes.com\/de\/katalog\/#breadcrumb\"},\"inLanguage\":\"de\",\"potentialAction\":[{\"@type\":\"ReadAction\",\"target\":[\"https:\/\/no-nailboxes.com\/de\/katalog\/\"]}]},{\"@type\":\"BreadcrumbList\",\"@id\":\"https:\/\/no-nailboxes.com\/de\/katalog\/#breadcrumb\",\"itemListElement\":[{\"@type\":\"ListItem\",\"position\":1,\"name\":\"Home\",\"item\":\"https:\/\/no-nailboxes.com\/de\/\"},{\"@type\":\"ListItem\",\"position\":2,\"name\":\"Unser Katalog\"}]},{\"@type\":\"WebSite\",\"@id\":\"https:\/\/no-nailboxes.com\/en\/#website\",\"url\":\"https:\/\/no-nailboxes.com\/en\/\",\"name\":\"No-Nail Boxes\",\"description\":\"\",\"publisher\":{\"@id\":\"https:\/\/no-nailboxes.com\/en\/#organization\"},\"potentialAction\":[{\"@type\":\"SearchAction\",\"target\":{\"@type\":\"EntryPoint\",\"urlTemplate\":\"https:\/\/no-nailboxes.com\/en\/?s={search_term_string}\"},\"query-input\":{\"@type\":\"PropertyValueSpecification\",\"valueRequired\":true,\"valueName\":\"search_term_string\"}}],\"inLanguage\":\"de\"},{\"@type\":\"Organization\",\"@id\":\"https:\/\/no-nailboxes.com\/en\/#organization\",\"name\":\"No-Nail Boxes\",\"url\":\"https:\/\/no-nailboxes.com\/en\/\",\"logo\":{\"@type\":\"ImageObject\",\"inLanguage\":\"de\",\"@id\":\"https:\/\/no-nailboxes.com\/en\/#\/schema\/logo\/image\/\",\"url\":\"https:\/\/no-nailboxes.com\/app\/uploads\/2024\/10\/NNB_blanc-transparent.png\",\"contentUrl\":\"https:\/\/no-nailboxes.com\/app\/uploads\/2024\/10\/NNB_blanc-transparent.png\",\"width\":250,\"height\":56,\"caption\":\"No-Nail Boxes\"},\"image\":{\"@id\":\"https:\/\/no-nailboxes.com\/en\/#\/schema\/logo\/image\/\"},\"sameAs\":[\"https:\/\/www.facebook.com\/nonailboxes.lux\/\",\"https:\/\/www.linkedin.com\/company\/no-nail-boxes\",\"https:\/\/www.instagram.com\/nonail_boxes\/\",\"https:\/\/www.youtube.com\/channel\/UCb6za2DCXJdVtR_9lpEbZOw\",\"https:\/\/vimeo.com\/nonailboxes\"]}]}<\/script>\n<!-- \/ Yoast SEO plugin. -->","yoast_head_json":{"title":"Faltkisten Holz Katalog | No-Nail Boxes","description":"Sehen Sie unseren Katalog faltbarer Holzkisten: robuste, platzsparende und anpassbare Sperrholzverpackungen f\u00fcr Transport und Industrie.","robots":{"index":"index","follow":"follow","max-snippet":"max-snippet:-1","max-image-preview":"max-image-preview:large","max-video-preview":"max-video-preview:-1"},"canonical":"https:\/\/no-nailboxes.com\/de\/katalog\/","og_locale":"de_DE","og_type":"article","og_title":"Faltkisten Holz Katalog | No-Nail Boxes","og_description":"Sehen Sie unseren Katalog faltbarer Holzkisten: robuste, platzsparende und anpassbare Sperrholzverpackungen f\u00fcr Transport und Industrie.","og_url":"https:\/\/no-nailboxes.com\/de\/katalog\/","og_site_name":"No-Nail Boxes","article_publisher":"https:\/\/www.facebook.com\/nonailboxes.lux\/","article_modified_time":"2025-09-16T06:39:42+00:00","twitter_card":"summary_large_image","schema":{"@context":"https:\/\/schema.org","@graph":[{"@type":"WebPage","@id":"https:\/\/no-nailboxes.com\/de\/katalog\/","url":"https:\/\/no-nailboxes.com\/de\/katalog\/","name":"Faltkisten Holz Katalog | No-Nail Boxes","isPartOf":{"@id":"https:\/\/no-nailboxes.com\/en\/#website"},"datePublished":"2024-08-07T12:30:08+00:00","dateModified":"2025-09-16T06:39:42+00:00","description":"Sehen Sie unseren Katalog faltbarer Holzkisten: robuste, platzsparende und anpassbare Sperrholzverpackungen f\u00fcr Transport und Industrie.","breadcrumb":{"@id":"https:\/\/no-nailboxes.com\/de\/katalog\/#breadcrumb"},"inLanguage":"de","potentialAction":[{"@type":"ReadAction","target":["https:\/\/no-nailboxes.com\/de\/katalog\/"]}]},{"@type":"BreadcrumbList","@id":"https:\/\/no-nailboxes.com\/de\/katalog\/#breadcrumb","itemListElement":[{"@type":"ListItem","position":1,"name":"Home","item":"https:\/\/no-nailboxes.com\/de\/"},{"@type":"ListItem","position":2,"name":"Unser Katalog"}]},{"@type":"WebSite","@id":"https:\/\/no-nailboxes.com\/en\/#website","url":"https:\/\/no-nailboxes.com\/en\/","name":"No-Nail Boxes","description":"","publisher":{"@id":"https:\/\/no-nailboxes.com\/en\/#organization"},"potentialAction":[{"@type":"SearchAction","target":{"@type":"EntryPoint","urlTemplate":"https:\/\/no-nailboxes.com\/en\/?s={search_term_string}"},"query-input":{"@type":"PropertyValueSpecification","valueRequired":true,"valueName":"search_term_string"}}],"inLanguage":"de"},{"@type":"Organization","@id":"https:\/\/no-nailboxes.com\/en\/#organization","name":"No-Nail Boxes","url":"https:\/\/no-nailboxes.com\/en\/","logo":{"@type":"ImageObject","inLanguage":"de","@id":"https:\/\/no-nailboxes.com\/en\/#\/schema\/logo\/image\/","url":"https:\/\/no-nailboxes.com\/app\/uploads\/2024\/10\/NNB_blanc-transparent.png","contentUrl":"https:\/\/no-nailboxes.com\/app\/uploads\/2024\/10\/NNB_blanc-transparent.png","width":250,"height":56,"caption":"No-Nail Boxes"},"image":{"@id":"https:\/\/no-nailboxes.com\/en\/#\/schema\/logo\/image\/"},"sameAs":["https:\/\/www.facebook.com\/nonailboxes.lux\/","https:\/\/www.linkedin.com\/company\/no-nail-boxes","https:\/\/www.instagram.com\/nonail_boxes\/","https:\/\/www.youtube.com\/channel\/UCb6za2DCXJdVtR_9lpEbZOw","https:\/\/vimeo.com\/nonailboxes"]}]}},"_links":{"self":[{"href":"https:\/\/no-nailboxes.com\/de\/wp-json\/wp\/v2\/pages\/2981","targetHints":{"allow":["GET"]}}],"collection":[{"href":"https:\/\/no-nailboxes.com\/de\/wp-json\/wp\/v2\/pages"}],"about":[{"href":"https:\/\/no-nailboxes.com\/de\/wp-json\/wp\/v2\/types\/page"}],"author":[{"embeddable":true,"href":"https:\/\/no-nailboxes.com\/de\/wp-json\/wp\/v2\/users\/6"}],"replies":[{"embeddable":true,"href":"https:\/\/no-nailboxes.com\/de\/wp-json\/wp\/v2\/comments?post=2981"}],"version-history":[{"count":4,"href":"https:\/\/no-nailboxes.com\/de\/wp-json\/wp\/v2\/pages\/2981\/revisions"}],"predecessor-version":[{"id":6653,"href":"https:\/\/no-nailboxes.com\/de\/wp-json\/wp\/v2\/pages\/2981\/revisions\/6653"}],"wp:attachment":[{"href":"https:\/\/no-nailboxes.com\/de\/wp-json\/wp\/v2\/media?parent=2981"}],"curies":[{"name":"wp","href":"https:\/\/api.w.org\/{rel}","templated":true}]}}