{"id":5438,"date":"2024-10-18T14:01:06","date_gmt":"2024-10-18T14:01:06","guid":{"rendered":"https:\/\/no-nailboxes.com\/?page_id=5438"},"modified":"2025-06-19T06:53:31","modified_gmt":"2025-06-19T06:53:31","slug":"pendelkiste-2","status":"publish","type":"page","link":"https:\/\/no-nailboxes.com\/de\/pendelkiste-2\/","title":{"rendered":"Pendelkiste"},"content":{"rendered":"\r\n<section class=\"acf-block acf-block-space acf-block-first\" id=\"block_acf-block_67acc1d0516dc\">\r\n            <div class=\"space small-space\" style=\"padding-top: 0rem;\"><\/div>\r\n            <div class=\"space medium-space\" style=\"padding-top: 0rem;\"><\/div>\r\n            <div class=\"space large-space\" style=\"padding-top: 0rem;\"><\/div>\r\n            <div class=\"space xl-space\" style=\"padding-top: 0rem;\"><\/div>\r\n    <\/section>\r\n\r\n<section class=\"acf-block acf-block-image-texte has_filligrame filligrame_outer\" id=\"block_acf-block_67acc1d051a06\">\r\n                <div class=\"striped-background-diagonal\"><\/div>\r\n        <div class=\"container-fluid \">\r\n        <div class=\"content__columns--wrapper columns__wrapper columns__wrapper--one\">\r\n                                                \r\n                                            <div class=\"content__column content__column--left content content__column--valign content__column--valign-top\"><p>&nbsp;<\/p>\n<p>Die Logistik ist f\u00fcr die Leistungsf\u00e4higkeit von Unternehmen von zentraler Bedeutung. Die Optimierung der Warenstr\u00f6me, die Sicherung der Waren und die Senkung der Kosten sind zu unumg\u00e4nglichen Priorit\u00e4ten geworden. Viele Unternehmen sehen sich jedoch mit logistischen Herausforderungen konfrontiert, die, wenn sie falsch angegangen werden, ihre Rentabilit\u00e4t und Effizienz beeintr\u00e4chtigen k\u00f6nnen. Die Pendelkisten, die NO-NAIL BOXES anbietet, stellen eine geeignete Antwort dar, um diese Herausforderungen zu meistern.<\/p>\n<h2>Komplexe Herausforderungen, eine ma\u00dfgeschneiderte Antwort<\/h2>\n<p>Unternehmen aus verschiedenen Branchen stehen vor spezifischen logistischen Herausforderungen, die mit der Lagerung, dem Transport und dem Schutz von Waren zusammenh\u00e4ngen. Jeder Schritt im Logistikprozess birgt Risiken, die die Integrit\u00e4t der Produkte beeintr\u00e4chtigen, die Kosten erh\u00f6hen oder zu Verz\u00f6gerungen f\u00fchren k\u00f6nnen.<\/p>\n<p>Die Pendelkiste stellt dank ihres ma\u00dfgeschneiderten Designs eine geeignete Antwort auf diese Herausforderungen dar. NO-NAIL BOXES verf\u00fcgt \u00fcber mehr als 60 Jahre Erfahrung und entwirft Faltkisten aus Sperrholz und Stahl, die sich nahtlos in moderne Lieferketten einf\u00fcgen und gleichzeitig Kosteneinsparungen und einen optimalen Schutz der Waren garantieren. Erfahren Sie mehr dar\u00fcber, wie Ihre logistischen Herausforderungen mit den Kisten von NO-NAIL BOXES gel\u00f6st werden k\u00f6nnen.<\/p>\n<\/div>\r\n                                                        <\/div>\r\n    <\/div>\r\n<\/section>\r\n\r\n<section class=\"acf-block acf-block-space\" id=\"block_acf-block_67acc1d051a29\">\r\n            <div class=\"space small-space\" style=\"padding-top: 0rem;\"><\/div>\r\n            <div class=\"space medium-space\" style=\"padding-top: 0rem;\"><\/div>\r\n            <div class=\"space large-space\" style=\"padding-top: 0rem;\"><\/div>\r\n            <div class=\"space xl-space\" style=\"padding-top: 0rem;\"><\/div>\r\n    <\/section>\r\n\r\n<section class=\"acf-block acf-block-image-texte\" id=\"block_acf-block_67acc1d051bb3\">\r\n            <div class=\"container-fluid \">\r\n        <div class=\"content__columns--wrapper columns__wrapper columns__wrapper--two\">\r\n                                                \r\n                                            <div class=\"content__column content__column--left content content__column--valign content__column--valign-top\"><div class=\"sub_title\"><span style=\"font-size: 30px; text-transform: none;\">Problem Nr. 1: ineffiziente Lagerung und Transport<\/span><\/div><p>Die Lagerung von Verpackungen, insbesondere wenn diese leer sind, kann sich als platz- und ressourcenintensiv herausstellen. Viele Unternehmen verwenden noch immer starre und sperrige Verpackungen, die kein optimales Platzmanagement erm\u00f6glichen. Au\u00dferdem steigen die Transportkosten erheblich, wenn LKWs nach einer Lieferung leer zur\u00fcckfahren.<\/p>\n<h3 style=\"text-align: justify;\"><span lang=\"DE\">L\u00f6sung: die faltbaren Pendelkisten aus Holz<\/span><\/h3>\n<p>Die <u>Pendelkiste<\/u> von NO-NAIL BOXES ist so beschaffen, dass sie bei Nichtgebrauch zusammengefaltet werden kann. Das bedeutet, dass sie 80\u00a0% weniger Platz ben\u00f6tigt als eine herk\u00f6mmliche starre Kiste, wodurch der Lagerraum maximiert und die Kosten gesenkt werden k\u00f6nnen. Wenn die Kisten leer sind, k\u00f6nnen sie flach transportiert werden, was Leerfahrten verringert und die Nutzung von Transportfahrzeugen optimiert.<\/p>\n<p>Diese L\u00f6sung ist besonders effektiv f\u00fcr Unternehmen mit hohen Retourenstr\u00f6men, wie z.\u00a0B. Vertriebsunternehmen. Durch den Einsatz von faltbaren Pendelkisten k\u00f6nnen sie die Transportkosten minimieren, und das bei einer stabilen und wiederverwendbaren Verpackungsl\u00f6sung.<\/p>\n<\/div>\r\n                                                                                    \r\n                                            <div class=\"content__column content__column--right content content__column--valign content__column--valign-top content__column--image content__column--image-normal\"><img loading=\"lazy\" decoding=\"async\" width=\"426\" height=\"284\" src=\"https:\/\/no-nailboxes.com\/app\/uploads\/2024\/10\/exportation-des-caisses-no-nail-boxes.jpg\" class=\"attachment-large size-large\" alt=\"La norme NIMP15 : un certificat indispensable \u00e0 l\u2019exportation de nos caisses pliantes | NO-NAIL BOXES\" srcset=\"https:\/\/no-nailboxes.com\/app\/uploads\/2024\/10\/exportation-des-caisses-no-nail-boxes.jpg 426w, https:\/\/no-nailboxes.com\/app\/uploads\/2024\/10\/exportation-des-caisses-no-nail-boxes-300x200.jpg 300w\" sizes=\"auto, (max-width: 426px) 100vw, 426px\" \/><\/div>\r\n                                                        <\/div>\r\n    <\/div>\r\n<\/section>\r\n\r\n<section class=\"acf-block acf-block-image-texte\" id=\"block_acf-block_67acc1d051c9f\">\r\n            <div class=\"container-fluid \">\r\n        <div class=\"content__columns--wrapper columns__wrapper columns__wrapper--two\">\r\n                                                \r\n                                            <div class=\"content__column content__column--left content content__column--valign content__column--valign-top content__column--image content__column--image-normal\"><img loading=\"lazy\" decoding=\"async\" width=\"426\" height=\"284\" src=\"https:\/\/no-nailboxes.com\/app\/uploads\/2024\/10\/no-nail-boxes-securite-sante-au-travail-1.jpg\" class=\"attachment-large size-large\" alt=\"S\u00e9curit\u00e9 et sant\u00e9 au travail | NO-NAIL BOXES\" srcset=\"https:\/\/no-nailboxes.com\/app\/uploads\/2024\/10\/no-nail-boxes-securite-sante-au-travail-1.jpg 426w, https:\/\/no-nailboxes.com\/app\/uploads\/2024\/10\/no-nail-boxes-securite-sante-au-travail-1-300x200.jpg 300w\" sizes=\"auto, (max-width: 426px) 100vw, 426px\" \/><\/div>\r\n                                                                                    \r\n                                            <div class=\"content__column content__column--right content content__column--valign content__column--valign-top\"><div class=\"sub_title\"><span style=\"font-size: 30px; text-transform: none;\">Problem Nr. 2: unzureichender Schutz der Waren<\/span><\/div><p>Der Transport von Waren, insbesondere wenn es sich um sensible Produkte handelt, setzt Unternehmen einem Schadensrisiko aus. Vibrationen, St\u00f6\u00dfe und Klimaschwankungen k\u00f6nnen die Unversehrtheit von Produkten beeintr\u00e4chtigen, insbesondere in Branchen wie Elektronik, Maschinenbau oder Chemie. Leichtere und herk\u00f6mmliche Verpackungen wie Kartons garantieren nicht immer ausreichenden Schutz.<\/p>\n<h3 style=\"text-align: justify;\"><span lang=\"DE\">L\u00f6sung: ein ma\u00dfgeschneiderter, robuster Schutz<\/span><\/h3>\n<p>Die <strong>Pendelkisten<\/strong> von NO-NAIL BOXES werden aus hochwertigem Sperrholz gefertigt, das mit Stahlelementen verst\u00e4rkt ist; dadurch sind sie leicht und gleichzeitig \u00e4u\u00dferst robust. Au\u00dferdem k\u00f6nnen sie mit <a href=\"https:\/\/no-nailboxes.com\/fr\/personnalisation\/#Verkeilungen\">speziellen Verkeilungssystemen<\/a> individuell gestaltet werden, die die Waren w\u00e4hrend des Transports vor Vibrationen und St\u00f6\u00dfen sch\u00fctzen sollen.<\/p>\n<p>F\u00fcr anspruchsvolle Branchen wie die chemische Industrie bieten wir auch <a href=\"https:\/\/no-nailboxes.com\/fr\/catalogue\/#Gefahrg\u00fcter\">Kisten an, die f\u00fcr den Transport von Gefahrg\u00fctern zugelassen sind,<\/a> und so die Sicherheit von G\u00fctern und Personen gem\u00e4\u00df internationalen Standards sicherstellen.<\/p>\n<\/div>\r\n                                                        <\/div>\r\n    <\/div>\r\n<\/section>\r\n\r\n<section class=\"acf-block acf-block-image-texte\" id=\"block_acf-block_67acc1d051d6d\">\r\n            <div class=\"container-fluid \">\r\n        <div class=\"content__columns--wrapper columns__wrapper columns__wrapper--two\">\r\n                                                \r\n                                            <div class=\"content__column content__column--left content content__column--valign content__column--valign-top\"><div class=\"sub_title\"><span style=\"font-size: 30px; text-transform: none;\">Problem Nr. 3: mangelnde Flexibilit\u00e4t bei der Verpackung<\/span><\/div><p>Viele Unternehmen stehen vor der gro\u00dfen Herausforderung, eine Verpackung zu finden, die zu ihren Produkten passt, die sich in Gr\u00f6\u00dfe, Form oder Zerbrechlichkeit unterscheiden k\u00f6nnen. Eine Standardverpackung kann den Besonderheiten der transportierten Produkte nicht immer gerecht werden, was zu zus\u00e4tzlichen Kosten f\u00fchrt, die durch die Anpassung bestehender Verpackungsl\u00f6sungen oder durch Transportsch\u00e4den entstehen.<\/p>\n<h3 style=\"text-align: justify;\"><span lang=\"DE\">L\u00f6sung: maximale Flexibilit\u00e4t<\/span><\/h3>\n<p>Einer der gro\u00dfen Vorteile der <strong>Pendelkisten<\/strong> von NO-NAIL BOXES ist ihre F\u00e4higkeit, vollst\u00e4ndig individuell anpassbar zu sein. Ob Abmessungen, Verschlusssysteme oder spezielle Verst\u00e4rkungen &#8211; jede Kiste wird so gestaltet, dass sie Ihren genauen Anforderungen entspricht.<\/p>\n<p>Dar\u00fcber hinaus sind sie auch modular aufgebaut, sodass ihre Konfiguration angepasst werden kann, um Waren mit unterschiedlichen Formen aufzunehmen. Diese Flexibilit\u00e4t ist entscheidend f\u00fcr Unternehmen, die Produkte unterschiedlicher Gr\u00f6\u00dfe herstellen oder spezielle Verpackungen ben\u00f6tigen, um ihre Sicherheit w\u00e4hrend des Transports zu gew\u00e4hrleisten. NO-NAIL BOXES arbeitet eng mit seinen Kunden zusammen, um sicherzustellen, dass jede Kiste die logistischen Anforderungen erf\u00fcllt und gleichzeitig den Platz und den Schutz optimiert.<\/p>\n<\/div>\r\n                                                                                    \r\n                                            <div class=\"content__column content__column--right content content__column--valign content__column--valign-top content__column--image content__column--image-normal\"><img loading=\"lazy\" decoding=\"async\" width=\"426\" height=\"284\" src=\"https:\/\/no-nailboxes.com\/app\/uploads\/2024\/10\/pourquoi-preferer-le-contreplaque-au-carton-dans-la-fabrication-de-nos-caisses.jpg\" class=\"attachment-large size-large\" alt=\"Pourquoi pr\u00e9f\u00e9rer le contreplaqu\u00e9 au carton dans la fabrication de nos caisses ? | NO-NAIL BOXES\" srcset=\"https:\/\/no-nailboxes.com\/app\/uploads\/2024\/10\/pourquoi-preferer-le-contreplaque-au-carton-dans-la-fabrication-de-nos-caisses.jpg 426w, https:\/\/no-nailboxes.com\/app\/uploads\/2024\/10\/pourquoi-preferer-le-contreplaque-au-carton-dans-la-fabrication-de-nos-caisses-300x200.jpg 300w\" sizes=\"auto, (max-width: 426px) 100vw, 426px\" \/><\/div>\r\n                                                        <\/div>\r\n    <\/div>\r\n<\/section>\r\n\r\n<section class=\"acf-block acf-block-image-texte\" id=\"block_acf-block_67acc1d051def\">\r\n            <div class=\"container-fluid \">\r\n        <div class=\"content__columns--wrapper columns__wrapper columns__wrapper--one\">\r\n                                                \r\n                                            <div class=\"content__column content__column--left content content__column--valign content__column--valign-top\"><div class=\"sub_title\"><H2 style=\"font-size: 30px; text-transform: none;\">Umfassende L\u00f6sung: NO-NAIL BOXES, ein wichtiger Akteur f\u00fcr Ihren Logistikbedarf<\/H2><\/div><p>Wir beschr\u00e4nken uns nicht nur auf die Lieferung von Pendelkisten; wir bieten Ihnen eine echte Zusammenarbeit an, um Logistikl\u00f6sungen zu entwickeln, die an Ihre spezifischen Bed\u00fcrfnisse angepasst sind. Aus diesem Grund ist NO-NAIL BOXES ein strategischer Partner f\u00fcr Ihr Unternehmen.<\/p>\n<p><strong>Eine integrierte Entwicklungsabteilung<\/strong> :\u00a0Wir verf\u00fcgen \u00fcber ein internes Entwicklungsb\u00fcro, das in der Lage ist, ma\u00dfgeschneiderte Kisten zu entwerfen. Unser Team analysiert die Besonderheiten jedes Kunden und schl\u00e4gt technische L\u00f6sungen vor, die den logistischen Zw\u00e4ngen gerecht werden und gleichzeitig den Schutz der transportierten Produkte sicherstellen. Dieser Service umfasst die Erstellung von Prototypen und Tests unter realen Bedingungen, um sicherzustellen, dass jede Pendelkiste Ihren Anforderungen entspricht.<\/p>\n<p><strong>Zertifizierungen und anerkannte Qualit\u00e4t <\/strong>: Mit mehr als 60 Jahren Erfahrung im Bereich der Industrieverpackungen ist NO-NAIL BOXES <a href=\"https:\/\/no-nailboxes.com\/fr\/qualite-environnement\/\">nach ISO 9001 und ISO 14001 zertifiziert<\/a>, die f\u00fcr Qualit\u00e4t und die Einhaltung von Umweltstandards b\u00fcrgen.<\/p>\n<p><strong>Ein personalisierter Kundendienst<\/strong> :\u00a0Wir begleiten unsere Kunden bei jedem Schritt, von der Bedarfsanalyse bis hin zur Produktion und Lieferung der Kisten. Mit dieser Begleitung ist sichergestellt, dass sich die Verpackungsl\u00f6sungen entsprechend Ihren Anforderungen weiterentwickeln, besonders dann, wenn sich die Logistikprozesse oder die transportierten Produkte \u00e4ndern.<\/p>\n<\/div>\r\n                                                        <\/div>\r\n    <\/div>\r\n<\/section>\r\n\r\n<section class=\"acf-block acf-block-image-texte has_filligrame filligrame_inner custom__background blue\" id=\"block_acf-block_67acc1d051e59\">\r\n                <div class=\"striped-background-diagonal\"><\/div>\r\n        <div class=\"container-fluid \">\r\n        <div class=\"content__columns--wrapper columns__wrapper columns__wrapper--one top-padding bottom-padding\">\r\n                                                \r\n                                            <div class=\"content__column content__column--left content content__column--valign content__column--valign-bottom\"><div class=\"sub_title\"><H2 style=\"font-size: 30px; text-transform: none;\">Verwandeln Sie mit der Pendelkiste Ihre logistischen Herausforderungen in Chancen<\/h2><\/div><p>Die Pendelkiste von NO-NAIL BOXES ist nicht nur eine Verpackungsl\u00f6sung; sie ist ein strategisches Werkzeug, um die logistischen Herausforderungen moderner Unternehmen zu meistern. Ob zur Optimierung der Lagerung, zum Schutz sensibler Waren oder zur Anpassung an unterschiedliche Produkte &#8211; unsere Pendelkisten bieten eine effiziente, nachhaltige und ma\u00dfgeschneiderte Antwort.<\/p>\n<p>Wenn Sie sich f\u00fcr NO-NAIL BOXES entscheiden, profitieren Sie von anerkanntem Fachwissen, maximaler Flexibilit\u00e4t und einer ma\u00dfgeschneiderten Betreuung. So k\u00f6nnen Sie Ihre logistischen Herausforderungen in echte Chancen verwandeln. Kontaktieren Sie uns noch heute f\u00fcr eine pers\u00f6nliche Beratung und erfahren Sie, wie unsere L\u00f6sungen Ihre Abl\u00e4ufe optimieren und gleichzeitig Ihre Kosten senken k\u00f6nnen.<\/p>\n<\/div>\r\n                                                        <\/div>\r\n    <\/div>\r\n<\/section>\r\n\r\n<section class=\"acf-block acf-block-testimony acf-block-last\" id=\"block_acf-block_67acc1d052017\">\r\n    <div class=\"container-fluid\">\r\n        <div class=\"testimony__header\">\r\n            <div class=\"subtitle\">Kundenreferenzen<\/div>\r\n            <div class=\"h2\">Diese Unternehmen haben sich f\u00fcr uns entschieden<\/div>\r\n        <\/div>\r\n        <div class=\"testimony__wrapper\">\r\n            <div class=\"splide splide-testimony \">\r\n                <div class=\"splide__track\">\r\n                    <ul class=\"splide__list\">\r\n                                                <li class=\"splide__slide\">\r\n                                                        <img loading=\"lazy\" decoding=\"async\" width=\"219\" height=\"47\" src=\"https:\/\/no-nailboxes.com\/app\/uploads\/2024\/09\/1200px-Safran_-_logo_2016.png\" class=\"attachment-banner size-banner\" alt=\"\" \/>                                                    <\/li>\r\n                                                <li class=\"splide__slide\">\r\n                                                        <img loading=\"lazy\" decoding=\"async\" width=\"182\" height=\"54\" src=\"https:\/\/no-nailboxes.com\/app\/uploads\/2024\/09\/Schneider-Electric-Logo.png\" class=\"attachment-banner size-banner\" alt=\"\" \/>                                                    <\/li>\r\n                                                <li class=\"splide__slide\">\r\n                                                        <img loading=\"lazy\" decoding=\"async\" width=\"232\" height=\"84\" src=\"https:\/\/no-nailboxes.com\/app\/uploads\/2024\/09\/logo-Steliasignature-Quadri.png\" class=\"attachment-banner size-banner\" alt=\"\" \/>                                                    <\/li>\r\n                                                <li class=\"splide__slide\">\r\n                                                        <img loading=\"lazy\" decoding=\"async\" width=\"187\" height=\"37\" src=\"https:\/\/no-nailboxes.com\/app\/uploads\/2024\/09\/alstom-2.png\" class=\"attachment-banner size-banner\" alt=\"\" \/>                                                    <\/li>\r\n                                                <li class=\"splide__slide\">\r\n                                                        <img loading=\"lazy\" decoding=\"async\" width=\"146\" height=\"47\" src=\"https:\/\/no-nailboxes.com\/app\/uploads\/2024\/09\/Airbus_Group_Logo_2014.svg.png\" class=\"attachment-banner size-banner\" alt=\"\" \/>                                                    <\/li>\r\n                                            <\/ul>\r\n                <\/div>\r\n            <\/div>\r\n        <\/div>\r\n\r\n    <\/div>\r\n<\/section>","protected":false},"excerpt":{"rendered":"","protected":false},"author":5,"featured_media":0,"parent":0,"menu_order":0,"comment_status":"closed","ping_status":"closed","template":"","meta":{"_acf_changed":false,"footnotes":""},"class_list":["post-5438","page","type-page","status-publish","hentry"],"acf":[],"yoast_head":"<!-- This site is optimized with the Yoast SEO plugin v26.2 - https:\/\/yoast.com\/wordpress\/plugins\/seo\/ -->\n<title>Pendelkiste - No-Nail Boxes<\/title>\n<meta name=\"description\" content=\"Pendelkisten aus Holz \u2013 platzsparend, stabil und ISPM 15-konform. Ideal f\u00fcr Mehrwegtransport und Logistikprozesse zwischen Ihren Standorten.\" \/>\n<meta name=\"robots\" content=\"index, follow, max-snippet:-1, max-image-preview:large, max-video-preview:-1\" \/>\n<link rel=\"canonical\" href=\"https:\/\/no-nailboxes.com\/de\/pendelkiste-2\/\" \/>\n<meta property=\"og:locale\" content=\"de_DE\" \/>\n<meta property=\"og:type\" content=\"article\" \/>\n<meta property=\"og:title\" content=\"Pendelkiste - No-Nail Boxes\" \/>\n<meta property=\"og:description\" content=\"Pendelkisten aus Holz \u2013 platzsparend, stabil und ISPM 15-konform. Ideal f\u00fcr Mehrwegtransport und Logistikprozesse zwischen Ihren Standorten.\" \/>\n<meta property=\"og:url\" content=\"https:\/\/no-nailboxes.com\/de\/pendelkiste-2\/\" \/>\n<meta property=\"og:site_name\" content=\"No-Nail Boxes\" \/>\n<meta property=\"article:publisher\" content=\"https:\/\/www.facebook.com\/nonailboxes.lux\/\" \/>\n<meta property=\"article:modified_time\" content=\"2025-06-19T06:53:31+00:00\" \/>\n<meta name=\"twitter:card\" content=\"summary_large_image\" \/>\n<script type=\"application\/ld+json\" class=\"yoast-schema-graph\">{\"@context\":\"https:\/\/schema.org\",\"@graph\":[{\"@type\":\"WebPage\",\"@id\":\"https:\/\/no-nailboxes.com\/de\/pendelkiste-2\/\",\"url\":\"https:\/\/no-nailboxes.com\/de\/pendelkiste-2\/\",\"name\":\"Pendelkiste - No-Nail Boxes\",\"isPartOf\":{\"@id\":\"https:\/\/no-nailboxes.com\/en\/#website\"},\"datePublished\":\"2024-10-18T14:01:06+00:00\",\"dateModified\":\"2025-06-19T06:53:31+00:00\",\"description\":\"Pendelkisten aus Holz \u2013 platzsparend, stabil und ISPM 15-konform. Ideal f\u00fcr Mehrwegtransport und Logistikprozesse zwischen Ihren Standorten.\",\"breadcrumb\":{\"@id\":\"https:\/\/no-nailboxes.com\/de\/pendelkiste-2\/#breadcrumb\"},\"inLanguage\":\"de\",\"potentialAction\":[{\"@type\":\"ReadAction\",\"target\":[\"https:\/\/no-nailboxes.com\/de\/pendelkiste-2\/\"]}]},{\"@type\":\"BreadcrumbList\",\"@id\":\"https:\/\/no-nailboxes.com\/de\/pendelkiste-2\/#breadcrumb\",\"itemListElement\":[{\"@type\":\"ListItem\",\"position\":1,\"name\":\"Home\",\"item\":\"https:\/\/no-nailboxes.com\/de\/\"},{\"@type\":\"ListItem\",\"position\":2,\"name\":\"Pendelkiste\"}]},{\"@type\":\"WebSite\",\"@id\":\"https:\/\/no-nailboxes.com\/en\/#website\",\"url\":\"https:\/\/no-nailboxes.com\/en\/\",\"name\":\"No-Nail Boxes\",\"description\":\"\",\"publisher\":{\"@id\":\"https:\/\/no-nailboxes.com\/en\/#organization\"},\"potentialAction\":[{\"@type\":\"SearchAction\",\"target\":{\"@type\":\"EntryPoint\",\"urlTemplate\":\"https:\/\/no-nailboxes.com\/en\/?s={search_term_string}\"},\"query-input\":{\"@type\":\"PropertyValueSpecification\",\"valueRequired\":true,\"valueName\":\"search_term_string\"}}],\"inLanguage\":\"de\"},{\"@type\":\"Organization\",\"@id\":\"https:\/\/no-nailboxes.com\/en\/#organization\",\"name\":\"No-Nail Boxes\",\"url\":\"https:\/\/no-nailboxes.com\/en\/\",\"logo\":{\"@type\":\"ImageObject\",\"inLanguage\":\"de\",\"@id\":\"https:\/\/no-nailboxes.com\/en\/#\/schema\/logo\/image\/\",\"url\":\"https:\/\/no-nailboxes.com\/app\/uploads\/2024\/10\/NNB_blanc-transparent.png\",\"contentUrl\":\"https:\/\/no-nailboxes.com\/app\/uploads\/2024\/10\/NNB_blanc-transparent.png\",\"width\":250,\"height\":56,\"caption\":\"No-Nail Boxes\"},\"image\":{\"@id\":\"https:\/\/no-nailboxes.com\/en\/#\/schema\/logo\/image\/\"},\"sameAs\":[\"https:\/\/www.facebook.com\/nonailboxes.lux\/\",\"https:\/\/www.linkedin.com\/company\/no-nail-boxes\",\"https:\/\/www.instagram.com\/nonail_boxes\/\",\"https:\/\/www.youtube.com\/channel\/UCb6za2DCXJdVtR_9lpEbZOw\",\"https:\/\/vimeo.com\/nonailboxes\"]}]}<\/script>\n<!-- \/ Yoast SEO plugin. -->","yoast_head_json":{"title":"Pendelkiste - No-Nail Boxes","description":"Pendelkisten aus Holz \u2013 platzsparend, stabil und ISPM 15-konform. Ideal f\u00fcr Mehrwegtransport und Logistikprozesse zwischen Ihren Standorten.","robots":{"index":"index","follow":"follow","max-snippet":"max-snippet:-1","max-image-preview":"max-image-preview:large","max-video-preview":"max-video-preview:-1"},"canonical":"https:\/\/no-nailboxes.com\/de\/pendelkiste-2\/","og_locale":"de_DE","og_type":"article","og_title":"Pendelkiste - No-Nail Boxes","og_description":"Pendelkisten aus Holz \u2013 platzsparend, stabil und ISPM 15-konform. Ideal f\u00fcr Mehrwegtransport und Logistikprozesse zwischen Ihren Standorten.","og_url":"https:\/\/no-nailboxes.com\/de\/pendelkiste-2\/","og_site_name":"No-Nail Boxes","article_publisher":"https:\/\/www.facebook.com\/nonailboxes.lux\/","article_modified_time":"2025-06-19T06:53:31+00:00","twitter_card":"summary_large_image","schema":{"@context":"https:\/\/schema.org","@graph":[{"@type":"WebPage","@id":"https:\/\/no-nailboxes.com\/de\/pendelkiste-2\/","url":"https:\/\/no-nailboxes.com\/de\/pendelkiste-2\/","name":"Pendelkiste - No-Nail Boxes","isPartOf":{"@id":"https:\/\/no-nailboxes.com\/en\/#website"},"datePublished":"2024-10-18T14:01:06+00:00","dateModified":"2025-06-19T06:53:31+00:00","description":"Pendelkisten aus Holz \u2013 platzsparend, stabil und ISPM 15-konform. Ideal f\u00fcr Mehrwegtransport und Logistikprozesse zwischen Ihren Standorten.","breadcrumb":{"@id":"https:\/\/no-nailboxes.com\/de\/pendelkiste-2\/#breadcrumb"},"inLanguage":"de","potentialAction":[{"@type":"ReadAction","target":["https:\/\/no-nailboxes.com\/de\/pendelkiste-2\/"]}]},{"@type":"BreadcrumbList","@id":"https:\/\/no-nailboxes.com\/de\/pendelkiste-2\/#breadcrumb","itemListElement":[{"@type":"ListItem","position":1,"name":"Home","item":"https:\/\/no-nailboxes.com\/de\/"},{"@type":"ListItem","position":2,"name":"Pendelkiste"}]},{"@type":"WebSite","@id":"https:\/\/no-nailboxes.com\/en\/#website","url":"https:\/\/no-nailboxes.com\/en\/","name":"No-Nail Boxes","description":"","publisher":{"@id":"https:\/\/no-nailboxes.com\/en\/#organization"},"potentialAction":[{"@type":"SearchAction","target":{"@type":"EntryPoint","urlTemplate":"https:\/\/no-nailboxes.com\/en\/?s={search_term_string}"},"query-input":{"@type":"PropertyValueSpecification","valueRequired":true,"valueName":"search_term_string"}}],"inLanguage":"de"},{"@type":"Organization","@id":"https:\/\/no-nailboxes.com\/en\/#organization","name":"No-Nail Boxes","url":"https:\/\/no-nailboxes.com\/en\/","logo":{"@type":"ImageObject","inLanguage":"de","@id":"https:\/\/no-nailboxes.com\/en\/#\/schema\/logo\/image\/","url":"https:\/\/no-nailboxes.com\/app\/uploads\/2024\/10\/NNB_blanc-transparent.png","contentUrl":"https:\/\/no-nailboxes.com\/app\/uploads\/2024\/10\/NNB_blanc-transparent.png","width":250,"height":56,"caption":"No-Nail Boxes"},"image":{"@id":"https:\/\/no-nailboxes.com\/en\/#\/schema\/logo\/image\/"},"sameAs":["https:\/\/www.facebook.com\/nonailboxes.lux\/","https:\/\/www.linkedin.com\/company\/no-nail-boxes","https:\/\/www.instagram.com\/nonail_boxes\/","https:\/\/www.youtube.com\/channel\/UCb6za2DCXJdVtR_9lpEbZOw","https:\/\/vimeo.com\/nonailboxes"]}]}},"_links":{"self":[{"href":"https:\/\/no-nailboxes.com\/de\/wp-json\/wp\/v2\/pages\/5438","targetHints":{"allow":["GET"]}}],"collection":[{"href":"https:\/\/no-nailboxes.com\/de\/wp-json\/wp\/v2\/pages"}],"about":[{"href":"https:\/\/no-nailboxes.com\/de\/wp-json\/wp\/v2\/types\/page"}],"author":[{"embeddable":true,"href":"https:\/\/no-nailboxes.com\/de\/wp-json\/wp\/v2\/users\/5"}],"replies":[{"embeddable":true,"href":"https:\/\/no-nailboxes.com\/de\/wp-json\/wp\/v2\/comments?post=5438"}],"version-history":[{"count":6,"href":"https:\/\/no-nailboxes.com\/de\/wp-json\/wp\/v2\/pages\/5438\/revisions"}],"predecessor-version":[{"id":5444,"href":"https:\/\/no-nailboxes.com\/de\/wp-json\/wp\/v2\/pages\/5438\/revisions\/5444"}],"wp:attachment":[{"href":"https:\/\/no-nailboxes.com\/de\/wp-json\/wp\/v2\/media?parent=5438"}],"curies":[{"name":"wp","href":"https:\/\/api.w.org\/{rel}","templated":true}]}}