{"id":5519,"date":"2024-11-08T18:24:03","date_gmt":"2024-11-08T18:24:03","guid":{"rendered":"https:\/\/no-nailboxes.com\/?page_id=5519"},"modified":"2025-06-19T07:42:41","modified_gmt":"2025-06-19T07:42:41","slug":"massgefertigte-holzverpackung","status":"publish","type":"page","link":"https:\/\/no-nailboxes.com\/de\/massgefertigte-holzverpackung\/","title":{"rendered":"Ma\u00dfgefertigte Holzverpackung"},"content":{"rendered":"\r\n<section class=\"acf-block acf-block-space acf-block-first\" id=\"block_acf-block_6853bf7133101\">\r\n            <div class=\"space small-space\" style=\"padding-top: 1.25rem;\"><\/div>\r\n            <div class=\"space medium-space\" style=\"padding-top: 1.25rem;\"><\/div>\r\n            <div class=\"space large-space\" style=\"padding-top: 1.25rem;\"><\/div>\r\n            <div class=\"space xl-space\" style=\"padding-top: 1.25rem;\"><\/div>\r\n    <\/section>\r\n\r\n<section class=\"acf-block acf-block-image-texte\" id=\"block_acf-block_6853bf7133146\">\r\n            <div class=\"container-fluid \">\r\n        <div class=\"content__columns--wrapper columns__wrapper columns__wrapper--two\">\r\n                                                \r\n                                            <div class=\"content__column content__column--left content content__column--valign content__column--valign-center content__column--image content__column--image-normal\"><img loading=\"lazy\" decoding=\"async\" width=\"426\" height=\"284\" src=\"https:\/\/no-nailboxes.com\/app\/uploads\/2024\/10\/matieres-premieres-no-nail-boxes.jpg\" class=\"attachment-large size-large\" alt=\"Augmentation du prix des mati\u00e8res premi\u00e8res : une situation exceptionnelle\" srcset=\"https:\/\/no-nailboxes.com\/app\/uploads\/2024\/10\/matieres-premieres-no-nail-boxes.jpg 426w, https:\/\/no-nailboxes.com\/app\/uploads\/2024\/10\/matieres-premieres-no-nail-boxes-300x200.jpg 300w\" sizes=\"auto, (max-width: 426px) 100vw, 426px\" \/><\/div>\r\n                                                                                    \r\n                                            <div class=\"content__column content__column--right content content__column--valign content__column--valign-top\"><p>&nbsp;<\/p>\n<p data-start=\"0\" data-end=\"211\">F\u00fcr Unternehmen mit spezifischen Anforderungen ist die ma\u00dfgefertigte Holzverpackung ein wichtiger Hebel, um ihre Logistik zu optimieren, Waren zu sch\u00fctzen und ein professionelles Markenimage zu vermitteln. NO-NAIL BOXES, f\u00fchrend in der Herstellung faltbarer Holzkisten, hat die individuelle Anpassung zu einer seiner obersten Priorit\u00e4ten gemacht. W\u00e4hrend die Konkurrenz 80 % Standardverpackungen anbietet, fertigt NO-NAIL BOXES 95 % seiner Verpackungen ma\u00dfgeschneidert an. Dadurch stellt das Unternehmen sicher, dass jede Verpackung genau auf die Bed\u00fcrfnisse seiner Kunden und die Anforderungen ihrer Branche abgestimmt ist. Hier erfahren Sie, warum NO-NAIL BOXES auf ma\u00dfgefertigte Holzverpackungen setzt, um h\u00f6chste Kundenzufriedenheit und branchengerechte L\u00f6sungen zu bieten.<\/p>\n<\/div>\r\n                                                        <\/div>\r\n    <\/div>\r\n<\/section>\r\n\r\n<section class=\"acf-block acf-block-space\" id=\"block_acf-block_6853bf713316c\">\r\n            <div class=\"space small-space\" style=\"padding-top: 1.25rem;\"><\/div>\r\n            <div class=\"space medium-space\" style=\"padding-top: 1.25rem;\"><\/div>\r\n            <div class=\"space large-space\" style=\"padding-top: 1.25rem;\"><\/div>\r\n            <div class=\"space xl-space\" style=\"padding-top: 1.25rem;\"><\/div>\r\n    <\/section>\r\n\r\n<section class=\"acf-block acf-block-image-texte has_filligrame filligrame_inner\" id=\"block_acf-block_6853bf71331a6\">\r\n                <div class=\"striped-background-diagonal\"><\/div>\r\n        <div class=\"container-fluid \">\r\n        <div class=\"content__columns--wrapper columns__wrapper columns__wrapper--two top-padding\">\r\n                                                \r\n                                            <div class=\"content__column content__column--left content content__column--valign content__column--valign-top\"><div class=\"sub_title\"><H2 style=\"font-size: 30px; text-transform: none;\">Ein kundenorientiertes Engagement f\u00fcr spezifische und optimierte L\u00f6sungen<\/H2><\/div><p>&nbsp;<\/p>\n<p data-start=\"0\" data-end=\"78\">Kundenorientierung steht im Mittelpunkt der Strategie von NO-NAIL BOXES. Mit einer j\u00e4hrlichen Produktion von rund 450.000 Kisten stellt das Unternehmen sicher, dass jede Verpackung speziell auf die Anforderungen des Kunden zugeschnitten ist. Im Gegensatz zu den weit verbreiteten Standardl\u00f6sungen bieten ma\u00dfgefertigte Holzverpackungen eine vollst\u00e4ndige Anpassungsf\u00e4higkeit. Diese Individualisierung erm\u00f6glicht es, spezifische Anforderungen in Bezug auf Abmessungen, Gewicht und Transportbedingungen zu erf\u00fcllen und so leichtere, kompaktere Verpackungen zu schaffen. Durch die Vermeidung von standardisierten Verpackungen, die oft zu gro\u00df oder nicht optimal dimensioniert sind, hilft NO-NAIL BOXES seinen Kunden, Platz zu sparen, Materialverbrauch zu reduzieren, das Gesamtgewicht der Transportg\u00fcter zu senken und letztlich die Logistikkosten zu minimieren.<\/p>\n<\/div>\r\n                                                                                    \r\n                                            <div class=\"content__column content__column--right content content__column--valign content__column--valign-top content__column--image content__column--image-normal\"><img loading=\"lazy\" decoding=\"async\" width=\"426\" height=\"284\" src=\"https:\/\/no-nailboxes.com\/app\/uploads\/2024\/10\/exportation-des-caisses-no-nail-boxes.jpg\" class=\"attachment-large size-large\" alt=\"La norme NIMP15 : un certificat indispensable \u00e0 l\u2019exportation de nos caisses pliantes | NO-NAIL BOXES\" srcset=\"https:\/\/no-nailboxes.com\/app\/uploads\/2024\/10\/exportation-des-caisses-no-nail-boxes.jpg 426w, https:\/\/no-nailboxes.com\/app\/uploads\/2024\/10\/exportation-des-caisses-no-nail-boxes-300x200.jpg 300w\" sizes=\"auto, (max-width: 426px) 100vw, 426px\" \/><\/div>\r\n                                                        <\/div>\r\n    <\/div>\r\n<\/section>\r\n\r\n<section class=\"acf-block acf-block-image-texte\" id=\"block_acf-block_6853bf7133727\">\r\n            <div class=\"container-fluid \">\r\n        <div class=\"content__columns--wrapper columns__wrapper columns__wrapper--two\">\r\n                                                \r\n                                            <div class=\"content__column content__column--left content content__column--valign content__column--valign-top content__column--image content__column--image-normal\"><img loading=\"lazy\" decoding=\"async\" width=\"660\" height=\"510\" src=\"https:\/\/no-nailboxes.com\/app\/uploads\/2024\/10\/no-nail-boxes-ribox-4.png\" class=\"attachment-large size-large\" alt=\"Caisse r\u00e9utilisable RIBOX61 | NO-NAIL BOXES\" srcset=\"https:\/\/no-nailboxes.com\/app\/uploads\/2024\/10\/no-nail-boxes-ribox-4.png 660w, https:\/\/no-nailboxes.com\/app\/uploads\/2024\/10\/no-nail-boxes-ribox-4-300x232.png 300w, https:\/\/no-nailboxes.com\/app\/uploads\/2024\/10\/no-nail-boxes-ribox-4-475x367.png 475w\" sizes=\"auto, (max-width: 660px) 100vw, 660px\" \/><\/div>\r\n                                                                                    \r\n                                            <div class=\"content__column content__column--right content content__column--valign content__column--valign-top\"><div class=\"sub_title\"><H2 style=\"font-size: 30px; text-transform: none;\">Personalisierungsoptionen f\u00fcr eine ma\u00dfgefertigte Holzverpackung<\/h2><\/div><p>&nbsp;<\/p>\n<p data-start=\"0\" data-end=\"254\">Die <a href=\"https:\/\/no-nailboxes.com\/de\/massgefertigte-holzverpackung\/\">ma\u00dfgefertigten Holzkisten<\/a> von NO-NAIL BOXES bieten weit mehr als nur angepasste Abmessungen. Das Unternehmen bietet eine breite Palette an <a href=\"https:\/\/no-nailboxes.com\/de\/die-verschiedenen-drucktechniken-zur-personalisierung-ihrer-kisten\/\">individuellen Anpassungen<\/a>, die speziell f\u00fcr den Transport, die Lagerung und die Handhabung entwickelt wurden. Kunden k\u00f6nnen beispielsweise Grenouill\u00e8res f\u00fcr eine schnelle \u00d6ffnung, Dokumentenhalter f\u00fcr Begleitpapiere, Anleitungen oder Zertifikate, Klettverschl\u00fcsse und sogar Griffe f\u00fcr eine einfachere Handhabung hinzuf\u00fcgen. Zudem kann ein Logo direkt auf die Kisten gedruckt werden, was die Markenpr\u00e4senz bereits w\u00e4hrend des Transports st\u00e4rkt und die Identifikation des Inhalts f\u00fcr den Empf\u00e4nger erleichtert.<\/p>\n<p data-start=\"658\" data-end=\"920\" data-is-last-node=\"\" data-is-only-node=\"\">Diese ma\u00dfgeschneiderte Herangehensweise erm\u00f6glicht es den Kunden, ihre Kisten an ihre Produktions- und Logistikprozesse anzupassen, was insbesondere f\u00fcr Branchen mit spezifischen Anforderungen wie die Luftfahrt-, Chemie- oder Elektronikindustrie von Vorteil ist.<\/p>\n<\/div>\r\n                                                        <\/div>\r\n    <\/div>\r\n<\/section>\r\n\r\n<section class=\"acf-block acf-block-image-texte\" id=\"block_acf-block_6853bf7133787\">\r\n            <div class=\"container-fluid \">\r\n        <div class=\"content__columns--wrapper columns__wrapper columns__wrapper--one\">\r\n                                                \r\n                                            <div class=\"content__column content__column--left content content__column--valign content__column--valign-top\"><div class=\"sub_title\"><H2 style=\"font-size: 30px; text-transform: none;\">Kontinuierliche Beratung und Unterst\u00fctzung durch das Konstruktionsb\u00fcro<\/h2><\/div><p>Die ma\u00dfgefertigte Herstellung erfordert technisches Know-how und die F\u00e4higkeit, den Kunden zuzuh\u00f6ren, um ihre Anforderungen in passende L\u00f6sungen zu \u00fcbersetzen. NO-NAIL BOXES erf\u00fcllt diese Anforderung durch sein integriertes Konstruktionsb\u00fcro und sein Team technischer Berater. In enger Zusammenarbeit mit den Kunden entwickeln diese Experten optimale Verpackungsl\u00f6sungen f\u00fcr jedes Projekt. Jede Spezifikation wird sorgf\u00e4ltig ber\u00fccksichtigt, um eine umfassende und durchdachte Umsetzung zu gew\u00e4hrleisten, sodass die Kisten perfekt den gew\u00fcnschten Anforderungen entsprechen.<\/p>\n<p data-start=\"576\" data-end=\"977\" data-is-last-node=\"\" data-is-only-node=\"\">Dank dieser individuellen Betreuung unterst\u00fctzt NO-NAIL BOXES seine Kunden dabei, die besten Konstruktionsoptionen f\u00fcr ihre ma\u00dfgefertigten Holzverpackungen zu identifizieren. Ob robuste Kisten f\u00fcr schwere Ausr\u00fcstungen oder leichte, faltbare Kisten f\u00fcr regelm\u00e4\u00dfige Transporte \u2013 jede L\u00f6sung wird so entwickelt, dass sie Sicherheit, Stabilit\u00e4t und Benutzerfreundlichkeit w\u00e4hrend des Transports optimiert.<\/p>\n<\/div>\r\n                                                        <\/div>\r\n    <\/div>\r\n<\/section>\r\n\r\n<section class=\"acf-block acf-block-image-texte has_filligrame filligrame_inner custom__background blue\" id=\"block_acf-block_6853bf71337d4\">\r\n                <div class=\"striped-background-diagonal\"><\/div>\r\n        <div class=\"container-fluid \">\r\n        <div class=\"content__columns--wrapper columns__wrapper columns__wrapper--one top-padding bottom-padding\">\r\n                                                \r\n                                            <div class=\"content__column content__column--left content content__column--valign content__column--valign-top\"><div class=\"sub_title\"><H2 style=\"font-size: 30px; text-transform: none;\">Die Vorteile ma\u00dfgefertigter Holzverpackungen: Effizienz, Nachhaltigkeit und reduzierte Kosten<\/h2><\/div><p data-start=\"0\" data-end=\"570\">Die Produktion ma\u00dfgefertigter Holzverpackungen erm\u00f6glicht es, den aktuellen logistischen Herausforderungen mit Effizienz und Flexibilit\u00e4t zu begegnen. Durch die Anpassung von Gr\u00f6\u00dfe und Gewicht jeder Kiste hilft NO-NAIL BOXES seinen Kunden, ihren <strong data-start=\"246\" data-end=\"273\">Lagerraum zu maximieren<\/strong>, das <strong data-start=\"279\" data-end=\"313\">Transportvolumen zu reduzieren<\/strong> und ihren <strong data-start=\"324\" data-end=\"356\">CO\u2082-Fu\u00dfabdruck zu verringern<\/strong>. Das verwendete Holz stammt aus nachhaltig bewirtschafteten W\u00e4ldern (PEFC-zertifiziert) und erf\u00fcllt damit Umweltstandards, w\u00e4hrend es gleichzeitig eine <strong data-start=\"509\" data-end=\"560\">robuste und umweltfreundliche Verpackungsl\u00f6sung<\/strong> bietet.<\/p>\n<p data-start=\"572\" data-end=\"984\" data-is-last-node=\"\" data-is-only-node=\"\">Durch den Verzicht auf \u00fcberfl\u00fcssiges Material verfolgt NO-NAIL BOXES einen <strong data-start=\"647\" data-end=\"692\">\u00f6kologisch verantwortungsbewussten Ansatz<\/strong>, der sowohl der Umwelt als auch den Finanzen seiner Kunden zugutekommt. Weniger Gewicht bedeutet geringeren Treibstoffverbrauch und niedrigere Transportkosten \u2013 ein entscheidender Vorteil f\u00fcr Unternehmen, die ihre Ausgaben optimieren und gleichzeitig nachhaltige Praktiken einhalten m\u00f6chten.<\/p>\n<\/div>\r\n                                                        <\/div>\r\n    <\/div>\r\n<\/section>\r\n\r\n<section class=\"acf-block acf-block-space\" id=\"block_acf-block_6853bf713381d\">\r\n            <div class=\"space small-space\" style=\"padding-top: 1.25rem;\"><\/div>\r\n            <div class=\"space medium-space\" style=\"padding-top: 1.25rem;\"><\/div>\r\n            <div class=\"space large-space\" style=\"padding-top: 1.25rem;\"><\/div>\r\n            <div class=\"space xl-space\" style=\"padding-top: 1.25rem;\"><\/div>\r\n    <\/section>\r\n\r\n<section class=\"acf-block acf-block-image-texte\" id=\"block_acf-block_6853bf7133855\">\r\n            <div class=\"container-fluid \">\r\n        <div class=\"content__columns--wrapper columns__wrapper columns__wrapper--one top-padding bottom-padding\">\r\n                                                \r\n                                            <div class=\"content__column content__column--left content content__column--valign content__column--valign-top\"><div class=\"sub_title\"><H2 style=\"font-size: 30px; text-transform: none;\">Die optimale Wahl: Ma\u00dfgefertigte Holzverpackungen von NO-NAIL BOXES<\/h2><\/div><p data-start=\"0\" data-end=\"201\">Mit einer Produktion von 95 % ma\u00dfgefertigter Holzverpackungen erf\u00fcllt NO-NAIL BOXES die Erwartungen seiner Kunden mit L\u00f6sungen, die Pr\u00e4zision, Anpassungsf\u00e4higkeit und Nachhaltigkeit vereinen. Die individuelle Gestaltung der Kisten, die M\u00f6glichkeit, spezifische Zubeh\u00f6rteile hinzuzuf\u00fcgen, sowie die technische Unterst\u00fctzung durch das Konstruktionsb\u00fcro erm\u00f6glichen es den Kunden, optimal angepasste Verpackungen f\u00fcr ihre Logistik zu erhalten. Die Wahl von NO-NAIL BOXES bedeutet, sich f\u00fcr eine ma\u00dfgeschneiderte Holzverpackungsl\u00f6sung zu entscheiden, die sowohl Sicherheits-, Kosten- als auch Umweltanforderungen erf\u00fcllt und gleichzeitig auf die spezifischen Eigenschaften jedes Produkts abgestimmt ist.<\/p>\n<\/div>\r\n                                                        <\/div>\r\n    <\/div>\r\n<\/section>\r\n\r\n<section class=\"acf-block acf-block-testimony acf-block-last\" id=\"block_acf-block_6853bf7133883\">\r\n    <div class=\"container-fluid\">\r\n        <div class=\"testimony__header\">\r\n            <div class=\"subtitle\">Kundenreferenzen<\/div>\r\n            <div class=\"h2\">Diese Unternehmen haben sich f\u00fcr uns entschieden<\/div>\r\n        <\/div>\r\n        <div class=\"testimony__wrapper\">\r\n            <div class=\"splide splide-testimony \">\r\n                <div class=\"splide__track\">\r\n                    <ul class=\"splide__list\">\r\n                                                <li class=\"splide__slide\">\r\n                                                        <img loading=\"lazy\" decoding=\"async\" width=\"219\" height=\"47\" src=\"https:\/\/no-nailboxes.com\/app\/uploads\/2024\/09\/1200px-Safran_-_logo_2016.png\" class=\"attachment-banner size-banner\" alt=\"\" \/>                                                    <\/li>\r\n                                                <li class=\"splide__slide\">\r\n                                                        <img loading=\"lazy\" decoding=\"async\" width=\"182\" height=\"54\" src=\"https:\/\/no-nailboxes.com\/app\/uploads\/2024\/09\/Schneider-Electric-Logo.png\" class=\"attachment-banner size-banner\" alt=\"\" \/>                                                    <\/li>\r\n                                                <li class=\"splide__slide\">\r\n                                                        <img loading=\"lazy\" decoding=\"async\" width=\"232\" height=\"84\" src=\"https:\/\/no-nailboxes.com\/app\/uploads\/2024\/09\/logo-Steliasignature-Quadri.png\" class=\"attachment-banner size-banner\" alt=\"\" \/>                                                    <\/li>\r\n                                                <li class=\"splide__slide\">\r\n                                                        <img loading=\"lazy\" decoding=\"async\" width=\"187\" height=\"37\" src=\"https:\/\/no-nailboxes.com\/app\/uploads\/2024\/09\/alstom-2.png\" class=\"attachment-banner size-banner\" alt=\"\" \/>                                                    <\/li>\r\n                                                <li class=\"splide__slide\">\r\n                                                        <img loading=\"lazy\" decoding=\"async\" width=\"146\" height=\"47\" src=\"https:\/\/no-nailboxes.com\/app\/uploads\/2024\/09\/Airbus_Group_Logo_2014.svg.png\" class=\"attachment-banner size-banner\" alt=\"\" \/>                                                    <\/li>\r\n                                            <\/ul>\r\n                <\/div>\r\n            <\/div>\r\n        <\/div>\r\n\r\n    <\/div>\r\n<\/section>","protected":false},"excerpt":{"rendered":"","protected":false},"author":5,"featured_media":0,"parent":0,"menu_order":0,"comment_status":"closed","ping_status":"closed","template":"","meta":{"_acf_changed":false,"footnotes":""},"class_list":["post-5519","page","type-page","status-publish","hentry"],"acf":[],"yoast_head":"<!-- This site is optimized with the Yoast SEO plugin v26.2 - https:\/\/yoast.com\/wordpress\/plugins\/seo\/ -->\n<title>Ma\u00dfgefertigte Holzverpackung - No-Nail Boxes<\/title>\n<meta name=\"description\" content=\"Ma\u00dfgefertigte Holzverpackung \u2013 f\u00fcr sicheren Export und Transport. ISPM 15 konform, individuell gefertigt und ideal f\u00fcr Logistik und Lagerung.\" \/>\n<meta name=\"robots\" content=\"index, follow, max-snippet:-1, max-image-preview:large, max-video-preview:-1\" \/>\n<link rel=\"canonical\" href=\"https:\/\/no-nailboxes.com\/de\/massgefertigte-holzverpackung\/\" \/>\n<meta property=\"og:locale\" content=\"de_DE\" \/>\n<meta property=\"og:type\" content=\"article\" \/>\n<meta property=\"og:title\" content=\"Ma\u00dfgefertigte Holzverpackung - No-Nail Boxes\" \/>\n<meta property=\"og:description\" content=\"Ma\u00dfgefertigte Holzverpackung \u2013 f\u00fcr sicheren Export und Transport. ISPM 15 konform, individuell gefertigt und ideal f\u00fcr Logistik und Lagerung.\" \/>\n<meta property=\"og:url\" content=\"https:\/\/no-nailboxes.com\/de\/massgefertigte-holzverpackung\/\" \/>\n<meta property=\"og:site_name\" content=\"No-Nail Boxes\" \/>\n<meta property=\"article:publisher\" content=\"https:\/\/www.facebook.com\/nonailboxes.lux\/\" \/>\n<meta property=\"article:modified_time\" content=\"2025-06-19T07:42:41+00:00\" \/>\n<meta name=\"twitter:card\" content=\"summary_large_image\" \/>\n<script type=\"application\/ld+json\" class=\"yoast-schema-graph\">{\"@context\":\"https:\/\/schema.org\",\"@graph\":[{\"@type\":\"WebPage\",\"@id\":\"https:\/\/no-nailboxes.com\/de\/massgefertigte-holzverpackung\/\",\"url\":\"https:\/\/no-nailboxes.com\/de\/massgefertigte-holzverpackung\/\",\"name\":\"Ma\u00dfgefertigte Holzverpackung - No-Nail Boxes\",\"isPartOf\":{\"@id\":\"https:\/\/no-nailboxes.com\/en\/#website\"},\"datePublished\":\"2024-11-08T18:24:03+00:00\",\"dateModified\":\"2025-06-19T07:42:41+00:00\",\"description\":\"Ma\u00dfgefertigte Holzverpackung \u2013 f\u00fcr sicheren Export und Transport. ISPM 15 konform, individuell gefertigt und ideal f\u00fcr Logistik und Lagerung.\",\"breadcrumb\":{\"@id\":\"https:\/\/no-nailboxes.com\/de\/massgefertigte-holzverpackung\/#breadcrumb\"},\"inLanguage\":\"de\",\"potentialAction\":[{\"@type\":\"ReadAction\",\"target\":[\"https:\/\/no-nailboxes.com\/de\/massgefertigte-holzverpackung\/\"]}]},{\"@type\":\"BreadcrumbList\",\"@id\":\"https:\/\/no-nailboxes.com\/de\/massgefertigte-holzverpackung\/#breadcrumb\",\"itemListElement\":[{\"@type\":\"ListItem\",\"position\":1,\"name\":\"Home\",\"item\":\"https:\/\/no-nailboxes.com\/de\/\"},{\"@type\":\"ListItem\",\"position\":2,\"name\":\"Ma\u00dfgefertigte Holzverpackung\"}]},{\"@type\":\"WebSite\",\"@id\":\"https:\/\/no-nailboxes.com\/en\/#website\",\"url\":\"https:\/\/no-nailboxes.com\/en\/\",\"name\":\"No-Nail Boxes\",\"description\":\"\",\"publisher\":{\"@id\":\"https:\/\/no-nailboxes.com\/en\/#organization\"},\"potentialAction\":[{\"@type\":\"SearchAction\",\"target\":{\"@type\":\"EntryPoint\",\"urlTemplate\":\"https:\/\/no-nailboxes.com\/en\/?s={search_term_string}\"},\"query-input\":{\"@type\":\"PropertyValueSpecification\",\"valueRequired\":true,\"valueName\":\"search_term_string\"}}],\"inLanguage\":\"de\"},{\"@type\":\"Organization\",\"@id\":\"https:\/\/no-nailboxes.com\/en\/#organization\",\"name\":\"No-Nail Boxes\",\"url\":\"https:\/\/no-nailboxes.com\/en\/\",\"logo\":{\"@type\":\"ImageObject\",\"inLanguage\":\"de\",\"@id\":\"https:\/\/no-nailboxes.com\/en\/#\/schema\/logo\/image\/\",\"url\":\"https:\/\/no-nailboxes.com\/app\/uploads\/2024\/10\/NNB_blanc-transparent.png\",\"contentUrl\":\"https:\/\/no-nailboxes.com\/app\/uploads\/2024\/10\/NNB_blanc-transparent.png\",\"width\":250,\"height\":56,\"caption\":\"No-Nail Boxes\"},\"image\":{\"@id\":\"https:\/\/no-nailboxes.com\/en\/#\/schema\/logo\/image\/\"},\"sameAs\":[\"https:\/\/www.facebook.com\/nonailboxes.lux\/\",\"https:\/\/www.linkedin.com\/company\/no-nail-boxes\",\"https:\/\/www.instagram.com\/nonail_boxes\/\",\"https:\/\/www.youtube.com\/channel\/UCb6za2DCXJdVtR_9lpEbZOw\",\"https:\/\/vimeo.com\/nonailboxes\"]}]}<\/script>\n<!-- \/ Yoast SEO plugin. -->","yoast_head_json":{"title":"Ma\u00dfgefertigte Holzverpackung - No-Nail Boxes","description":"Ma\u00dfgefertigte Holzverpackung \u2013 f\u00fcr sicheren Export und Transport. ISPM 15 konform, individuell gefertigt und ideal f\u00fcr Logistik und Lagerung.","robots":{"index":"index","follow":"follow","max-snippet":"max-snippet:-1","max-image-preview":"max-image-preview:large","max-video-preview":"max-video-preview:-1"},"canonical":"https:\/\/no-nailboxes.com\/de\/massgefertigte-holzverpackung\/","og_locale":"de_DE","og_type":"article","og_title":"Ma\u00dfgefertigte Holzverpackung - No-Nail Boxes","og_description":"Ma\u00dfgefertigte Holzverpackung \u2013 f\u00fcr sicheren Export und Transport. ISPM 15 konform, individuell gefertigt und ideal f\u00fcr Logistik und Lagerung.","og_url":"https:\/\/no-nailboxes.com\/de\/massgefertigte-holzverpackung\/","og_site_name":"No-Nail Boxes","article_publisher":"https:\/\/www.facebook.com\/nonailboxes.lux\/","article_modified_time":"2025-06-19T07:42:41+00:00","twitter_card":"summary_large_image","schema":{"@context":"https:\/\/schema.org","@graph":[{"@type":"WebPage","@id":"https:\/\/no-nailboxes.com\/de\/massgefertigte-holzverpackung\/","url":"https:\/\/no-nailboxes.com\/de\/massgefertigte-holzverpackung\/","name":"Ma\u00dfgefertigte Holzverpackung - No-Nail Boxes","isPartOf":{"@id":"https:\/\/no-nailboxes.com\/en\/#website"},"datePublished":"2024-11-08T18:24:03+00:00","dateModified":"2025-06-19T07:42:41+00:00","description":"Ma\u00dfgefertigte Holzverpackung \u2013 f\u00fcr sicheren Export und Transport. ISPM 15 konform, individuell gefertigt und ideal f\u00fcr Logistik und Lagerung.","breadcrumb":{"@id":"https:\/\/no-nailboxes.com\/de\/massgefertigte-holzverpackung\/#breadcrumb"},"inLanguage":"de","potentialAction":[{"@type":"ReadAction","target":["https:\/\/no-nailboxes.com\/de\/massgefertigte-holzverpackung\/"]}]},{"@type":"BreadcrumbList","@id":"https:\/\/no-nailboxes.com\/de\/massgefertigte-holzverpackung\/#breadcrumb","itemListElement":[{"@type":"ListItem","position":1,"name":"Home","item":"https:\/\/no-nailboxes.com\/de\/"},{"@type":"ListItem","position":2,"name":"Ma\u00dfgefertigte Holzverpackung"}]},{"@type":"WebSite","@id":"https:\/\/no-nailboxes.com\/en\/#website","url":"https:\/\/no-nailboxes.com\/en\/","name":"No-Nail Boxes","description":"","publisher":{"@id":"https:\/\/no-nailboxes.com\/en\/#organization"},"potentialAction":[{"@type":"SearchAction","target":{"@type":"EntryPoint","urlTemplate":"https:\/\/no-nailboxes.com\/en\/?s={search_term_string}"},"query-input":{"@type":"PropertyValueSpecification","valueRequired":true,"valueName":"search_term_string"}}],"inLanguage":"de"},{"@type":"Organization","@id":"https:\/\/no-nailboxes.com\/en\/#organization","name":"No-Nail Boxes","url":"https:\/\/no-nailboxes.com\/en\/","logo":{"@type":"ImageObject","inLanguage":"de","@id":"https:\/\/no-nailboxes.com\/en\/#\/schema\/logo\/image\/","url":"https:\/\/no-nailboxes.com\/app\/uploads\/2024\/10\/NNB_blanc-transparent.png","contentUrl":"https:\/\/no-nailboxes.com\/app\/uploads\/2024\/10\/NNB_blanc-transparent.png","width":250,"height":56,"caption":"No-Nail Boxes"},"image":{"@id":"https:\/\/no-nailboxes.com\/en\/#\/schema\/logo\/image\/"},"sameAs":["https:\/\/www.facebook.com\/nonailboxes.lux\/","https:\/\/www.linkedin.com\/company\/no-nail-boxes","https:\/\/www.instagram.com\/nonail_boxes\/","https:\/\/www.youtube.com\/channel\/UCb6za2DCXJdVtR_9lpEbZOw","https:\/\/vimeo.com\/nonailboxes"]}]}},"_links":{"self":[{"href":"https:\/\/no-nailboxes.com\/de\/wp-json\/wp\/v2\/pages\/5519","targetHints":{"allow":["GET"]}}],"collection":[{"href":"https:\/\/no-nailboxes.com\/de\/wp-json\/wp\/v2\/pages"}],"about":[{"href":"https:\/\/no-nailboxes.com\/de\/wp-json\/wp\/v2\/types\/page"}],"author":[{"embeddable":true,"href":"https:\/\/no-nailboxes.com\/de\/wp-json\/wp\/v2\/users\/5"}],"replies":[{"embeddable":true,"href":"https:\/\/no-nailboxes.com\/de\/wp-json\/wp\/v2\/comments?post=5519"}],"version-history":[{"count":5,"href":"https:\/\/no-nailboxes.com\/de\/wp-json\/wp\/v2\/pages\/5519\/revisions"}],"predecessor-version":[{"id":6388,"href":"https:\/\/no-nailboxes.com\/de\/wp-json\/wp\/v2\/pages\/5519\/revisions\/6388"}],"wp:attachment":[{"href":"https:\/\/no-nailboxes.com\/de\/wp-json\/wp\/v2\/media?parent=5519"}],"curies":[{"name":"wp","href":"https:\/\/api.w.org\/{rel}","templated":true}]}}