{"id":1514,"date":"2024-08-13T06:34:11","date_gmt":"2024-08-13T06:34:11","guid":{"rendered":"https:\/\/no-nailboxes.com.eteamsys.com\/?post_type=product&#038;p=1514"},"modified":"2025-09-16T08:08:17","modified_gmt":"2025-09-16T08:08:17","slug":"exbox-dg","status":"publish","type":"product","link":"https:\/\/no-nailboxes.com\/de\/products\/exbox-dg\/","title":{"rendered":"EXBOX DG"},"content":{"rendered":"","protected":false},"excerpt":{"rendered":"<p>Die zugelassenen Sperrholzfaltkisten EXBOX werden bei ihrer Zulassung durch ein anerkanntes Institut rigorosen Tests unterzogen.<\/p>\n","protected":false},"author":6,"featured_media":1356,"comment_status":"closed","ping_status":"closed","template":"","meta":{"_acf_changed":false,"footnotes":""},"class_list":["post-1514","product","type-product","status-publish","has-post-thumbnail","hentry","product_category-kisten-fuer-gefahrgut"],"acf":[],"yoast_head":"<!-- This site is optimized with the Yoast SEO plugin v26.2 - https:\/\/yoast.com\/wordpress\/plugins\/seo\/ -->\n<title>EXBOX DG Gefahrgut Holzkiste | No-Nail Boxes<\/title>\n<meta name=\"description\" content=\"EXBOX DG Gefahrgut Holzkiste: gepr\u00fcft f\u00fcr Klassen 2-9, flach geliefert, NIMP15-konform, geeignet f\u00fcr Luft-, See- und Landtransport.\" \/>\n<meta name=\"robots\" content=\"index, follow, max-snippet:-1, max-image-preview:large, max-video-preview:-1\" \/>\n<link rel=\"canonical\" href=\"https:\/\/no-nailboxes.com\/de\/products\/exbox-dg\/\" \/>\n<meta property=\"og:locale\" content=\"de_DE\" \/>\n<meta property=\"og:type\" content=\"article\" \/>\n<meta property=\"og:title\" content=\"EXBOX DG Gefahrgut Holzkiste | No-Nail Boxes\" \/>\n<meta property=\"og:description\" content=\"EXBOX DG Gefahrgut Holzkiste: gepr\u00fcft f\u00fcr Klassen 2-9, flach geliefert, NIMP15-konform, geeignet f\u00fcr Luft-, See- und Landtransport.\" \/>\n<meta property=\"og:url\" content=\"https:\/\/no-nailboxes.com\/de\/products\/exbox-dg\/\" \/>\n<meta property=\"og:site_name\" content=\"No-Nail Boxes\" \/>\n<meta property=\"article:publisher\" content=\"https:\/\/www.facebook.com\/nonailboxes.lux\/\" \/>\n<meta property=\"article:modified_time\" content=\"2025-09-16T08:08:17+00:00\" \/>\n<meta property=\"og:image\" content=\"https:\/\/no-nailboxes.com\/app\/uploads\/2024\/10\/no-nail-boxes-exbox-dg-1.png\" \/>\n\t<meta property=\"og:image:width\" content=\"660\" \/>\n\t<meta property=\"og:image:height\" content=\"510\" \/>\n\t<meta property=\"og:image:type\" content=\"image\/png\" \/>\n<meta name=\"twitter:card\" content=\"summary_large_image\" \/>\n<meta name=\"twitter:label1\" content=\"Est. reading time\" \/>\n\t<meta name=\"twitter:data1\" content=\"1\u00a0Minute\" \/>\n<script type=\"application\/ld+json\" class=\"yoast-schema-graph\">{\"@context\":\"https:\/\/schema.org\",\"@graph\":[{\"@type\":\"WebPage\",\"@id\":\"https:\/\/no-nailboxes.com\/de\/products\/exbox-dg\/\",\"url\":\"https:\/\/no-nailboxes.com\/de\/products\/exbox-dg\/\",\"name\":\"EXBOX DG Gefahrgut Holzkiste | No-Nail Boxes\",\"isPartOf\":{\"@id\":\"https:\/\/no-nailboxes.com\/en\/#website\"},\"primaryImageOfPage\":{\"@id\":\"https:\/\/no-nailboxes.com\/de\/products\/exbox-dg\/#primaryimage\"},\"image\":{\"@id\":\"https:\/\/no-nailboxes.com\/de\/products\/exbox-dg\/#primaryimage\"},\"thumbnailUrl\":\"https:\/\/no-nailboxes.com\/app\/uploads\/2024\/10\/no-nail-boxes-exbox-dg-1.png\",\"datePublished\":\"2024-08-13T06:34:11+00:00\",\"dateModified\":\"2025-09-16T08:08:17+00:00\",\"description\":\"EXBOX DG Gefahrgut Holzkiste: gepr\u00fcft f\u00fcr Klassen 2-9, flach geliefert, NIMP15-konform, geeignet f\u00fcr Luft-, See- und Landtransport.\",\"breadcrumb\":{\"@id\":\"https:\/\/no-nailboxes.com\/de\/products\/exbox-dg\/#breadcrumb\"},\"inLanguage\":\"de\",\"potentialAction\":[{\"@type\":\"ReadAction\",\"target\":[\"https:\/\/no-nailboxes.com\/de\/products\/exbox-dg\/\"]}]},{\"@type\":\"ImageObject\",\"inLanguage\":\"de\",\"@id\":\"https:\/\/no-nailboxes.com\/de\/products\/exbox-dg\/#primaryimage\",\"url\":\"https:\/\/no-nailboxes.com\/app\/uploads\/2024\/10\/no-nail-boxes-exbox-dg-1.png\",\"contentUrl\":\"https:\/\/no-nailboxes.com\/app\/uploads\/2024\/10\/no-nail-boxes-exbox-dg-1.png\",\"width\":660,\"height\":510,\"caption\":\"Kiste f\u00fcr Gefahrgut EXBOX DG | NO-NAIL BOXES\"},{\"@type\":\"BreadcrumbList\",\"@id\":\"https:\/\/no-nailboxes.com\/de\/products\/exbox-dg\/#breadcrumb\",\"itemListElement\":[{\"@type\":\"ListItem\",\"position\":1,\"name\":\"Home\",\"item\":\"https:\/\/no-nailboxes.com\/de\/\"},{\"@type\":\"ListItem\",\"position\":2,\"name\":\"EXBOX DG\"}]},{\"@type\":\"WebSite\",\"@id\":\"https:\/\/no-nailboxes.com\/en\/#website\",\"url\":\"https:\/\/no-nailboxes.com\/en\/\",\"name\":\"No-Nail Boxes\",\"description\":\"\",\"publisher\":{\"@id\":\"https:\/\/no-nailboxes.com\/en\/#organization\"},\"potentialAction\":[{\"@type\":\"SearchAction\",\"target\":{\"@type\":\"EntryPoint\",\"urlTemplate\":\"https:\/\/no-nailboxes.com\/en\/?s={search_term_string}\"},\"query-input\":{\"@type\":\"PropertyValueSpecification\",\"valueRequired\":true,\"valueName\":\"search_term_string\"}}],\"inLanguage\":\"de\"},{\"@type\":\"Organization\",\"@id\":\"https:\/\/no-nailboxes.com\/en\/#organization\",\"name\":\"No-Nail Boxes\",\"url\":\"https:\/\/no-nailboxes.com\/en\/\",\"logo\":{\"@type\":\"ImageObject\",\"inLanguage\":\"de\",\"@id\":\"https:\/\/no-nailboxes.com\/en\/#\/schema\/logo\/image\/\",\"url\":\"https:\/\/no-nailboxes.com\/app\/uploads\/2024\/10\/NNB_blanc-transparent.png\",\"contentUrl\":\"https:\/\/no-nailboxes.com\/app\/uploads\/2024\/10\/NNB_blanc-transparent.png\",\"width\":250,\"height\":56,\"caption\":\"No-Nail Boxes\"},\"image\":{\"@id\":\"https:\/\/no-nailboxes.com\/en\/#\/schema\/logo\/image\/\"},\"sameAs\":[\"https:\/\/www.facebook.com\/nonailboxes.lux\/\",\"https:\/\/www.linkedin.com\/company\/no-nail-boxes\",\"https:\/\/www.instagram.com\/nonail_boxes\/\",\"https:\/\/www.youtube.com\/channel\/UCb6za2DCXJdVtR_9lpEbZOw\",\"https:\/\/vimeo.com\/nonailboxes\"]}]}<\/script>\n<!-- \/ Yoast SEO plugin. -->","yoast_head_json":{"title":"EXBOX DG Gefahrgut Holzkiste | No-Nail Boxes","description":"EXBOX DG Gefahrgut Holzkiste: gepr\u00fcft f\u00fcr Klassen 2-9, flach geliefert, NIMP15-konform, geeignet f\u00fcr Luft-, See- und Landtransport.","robots":{"index":"index","follow":"follow","max-snippet":"max-snippet:-1","max-image-preview":"max-image-preview:large","max-video-preview":"max-video-preview:-1"},"canonical":"https:\/\/no-nailboxes.com\/de\/products\/exbox-dg\/","og_locale":"de_DE","og_type":"article","og_title":"EXBOX DG Gefahrgut Holzkiste | No-Nail Boxes","og_description":"EXBOX DG Gefahrgut Holzkiste: gepr\u00fcft f\u00fcr Klassen 2-9, flach geliefert, NIMP15-konform, geeignet f\u00fcr Luft-, See- und Landtransport.","og_url":"https:\/\/no-nailboxes.com\/de\/products\/exbox-dg\/","og_site_name":"No-Nail Boxes","article_publisher":"https:\/\/www.facebook.com\/nonailboxes.lux\/","article_modified_time":"2025-09-16T08:08:17+00:00","og_image":[{"width":660,"height":510,"url":"https:\/\/no-nailboxes.com\/app\/uploads\/2024\/10\/no-nail-boxes-exbox-dg-1.png","type":"image\/png"}],"twitter_card":"summary_large_image","twitter_misc":{"Est. reading time":"1\u00a0Minute"},"schema":{"@context":"https:\/\/schema.org","@graph":[{"@type":"WebPage","@id":"https:\/\/no-nailboxes.com\/de\/products\/exbox-dg\/","url":"https:\/\/no-nailboxes.com\/de\/products\/exbox-dg\/","name":"EXBOX DG Gefahrgut Holzkiste | No-Nail Boxes","isPartOf":{"@id":"https:\/\/no-nailboxes.com\/en\/#website"},"primaryImageOfPage":{"@id":"https:\/\/no-nailboxes.com\/de\/products\/exbox-dg\/#primaryimage"},"image":{"@id":"https:\/\/no-nailboxes.com\/de\/products\/exbox-dg\/#primaryimage"},"thumbnailUrl":"https:\/\/no-nailboxes.com\/app\/uploads\/2024\/10\/no-nail-boxes-exbox-dg-1.png","datePublished":"2024-08-13T06:34:11+00:00","dateModified":"2025-09-16T08:08:17+00:00","description":"EXBOX DG Gefahrgut Holzkiste: gepr\u00fcft f\u00fcr Klassen 2-9, flach geliefert, NIMP15-konform, geeignet f\u00fcr Luft-, See- und Landtransport.","breadcrumb":{"@id":"https:\/\/no-nailboxes.com\/de\/products\/exbox-dg\/#breadcrumb"},"inLanguage":"de","potentialAction":[{"@type":"ReadAction","target":["https:\/\/no-nailboxes.com\/de\/products\/exbox-dg\/"]}]},{"@type":"ImageObject","inLanguage":"de","@id":"https:\/\/no-nailboxes.com\/de\/products\/exbox-dg\/#primaryimage","url":"https:\/\/no-nailboxes.com\/app\/uploads\/2024\/10\/no-nail-boxes-exbox-dg-1.png","contentUrl":"https:\/\/no-nailboxes.com\/app\/uploads\/2024\/10\/no-nail-boxes-exbox-dg-1.png","width":660,"height":510,"caption":"Kiste f\u00fcr Gefahrgut EXBOX DG | NO-NAIL BOXES"},{"@type":"BreadcrumbList","@id":"https:\/\/no-nailboxes.com\/de\/products\/exbox-dg\/#breadcrumb","itemListElement":[{"@type":"ListItem","position":1,"name":"Home","item":"https:\/\/no-nailboxes.com\/de\/"},{"@type":"ListItem","position":2,"name":"EXBOX DG"}]},{"@type":"WebSite","@id":"https:\/\/no-nailboxes.com\/en\/#website","url":"https:\/\/no-nailboxes.com\/en\/","name":"No-Nail Boxes","description":"","publisher":{"@id":"https:\/\/no-nailboxes.com\/en\/#organization"},"potentialAction":[{"@type":"SearchAction","target":{"@type":"EntryPoint","urlTemplate":"https:\/\/no-nailboxes.com\/en\/?s={search_term_string}"},"query-input":{"@type":"PropertyValueSpecification","valueRequired":true,"valueName":"search_term_string"}}],"inLanguage":"de"},{"@type":"Organization","@id":"https:\/\/no-nailboxes.com\/en\/#organization","name":"No-Nail Boxes","url":"https:\/\/no-nailboxes.com\/en\/","logo":{"@type":"ImageObject","inLanguage":"de","@id":"https:\/\/no-nailboxes.com\/en\/#\/schema\/logo\/image\/","url":"https:\/\/no-nailboxes.com\/app\/uploads\/2024\/10\/NNB_blanc-transparent.png","contentUrl":"https:\/\/no-nailboxes.com\/app\/uploads\/2024\/10\/NNB_blanc-transparent.png","width":250,"height":56,"caption":"No-Nail Boxes"},"image":{"@id":"https:\/\/no-nailboxes.com\/en\/#\/schema\/logo\/image\/"},"sameAs":["https:\/\/www.facebook.com\/nonailboxes.lux\/","https:\/\/www.linkedin.com\/company\/no-nail-boxes","https:\/\/www.instagram.com\/nonail_boxes\/","https:\/\/www.youtube.com\/channel\/UCb6za2DCXJdVtR_9lpEbZOw","https:\/\/vimeo.com\/nonailboxes"]}]}},"_links":{"self":[{"href":"https:\/\/no-nailboxes.com\/de\/wp-json\/wp\/v2\/product\/1514","targetHints":{"allow":["GET"]}}],"collection":[{"href":"https:\/\/no-nailboxes.com\/de\/wp-json\/wp\/v2\/product"}],"about":[{"href":"https:\/\/no-nailboxes.com\/de\/wp-json\/wp\/v2\/types\/product"}],"author":[{"embeddable":true,"href":"https:\/\/no-nailboxes.com\/de\/wp-json\/wp\/v2\/users\/6"}],"replies":[{"embeddable":true,"href":"https:\/\/no-nailboxes.com\/de\/wp-json\/wp\/v2\/comments?post=1514"}],"version-history":[{"count":10,"href":"https:\/\/no-nailboxes.com\/de\/wp-json\/wp\/v2\/product\/1514\/revisions"}],"predecessor-version":[{"id":6785,"href":"https:\/\/no-nailboxes.com\/de\/wp-json\/wp\/v2\/product\/1514\/revisions\/6785"}],"wp:featuredmedia":[{"embeddable":true,"href":"https:\/\/no-nailboxes.com\/de\/wp-json\/wp\/v2\/media\/1356"}],"wp:attachment":[{"href":"https:\/\/no-nailboxes.com\/de\/wp-json\/wp\/v2\/media?parent=1514"}],"curies":[{"name":"wp","href":"https:\/\/api.w.org\/{rel}","templated":true}]}}