{"id":3,"date":"2024-07-24T07:07:40","date_gmt":"2024-07-24T07:07:40","guid":{"rendered":"https:\/\/www.no-nailboxes.eteamsys.com\/?page_id=3"},"modified":"2026-01-13T08:00:53","modified_gmt":"2026-01-13T08:00:53","slug":"vie-privee-et-rgpd","status":"publish","type":"page","link":"https:\/\/no-nailboxes.com\/fr\/vie-privee-et-rgpd\/","title":{"rendered":"Vie priv\u00e9e et RGPD"},"content":{"rendered":"\r\n<section class=\"acf-block acf-block-image-texte acf-block-first acf-block-last\" id=\"block_acf-block_6965fbb59e575\">\r\n            <div class=\"container-fluid \">\r\n        <div class=\"content__columns--wrapper columns__wrapper columns__wrapper--one\">\r\n                                                \r\n                                            <div class=\"content__column content__column--left content content__column--valign content__column--valign-top\"><p><strong>NO-NAIL BOXES<\/strong><br \/>\n25, Salzbaach L-9559 Wiltz \u2013 Grand-Duch\u00e9 de Luxembourg<br \/>\nT\u00e9l : +352 81 92 81-1 \u2013 Fax : +352 81 05 17<br \/>\nDirecteur : Monsieur William MATHOT<br \/>\nR.C. B91982 Luxembourg<br \/>\nNum\u00e9ro TVA LU 17 65 96 20<\/p>\n<p>&nbsp;<\/p>\n<p>Afin de vous garantir une meilleure utilisation du site, nous recueillons les informations suivantes lors de votre visite sur note site :<\/p>\n<ul>\n<li>votre nom de domaine, lorsque vous visitez notre site<\/li>\n<li>votre adresse e-mail, lorsque vous envoyez des messages\/questions par le biais de notre site<\/li>\n<li>l\u2019ensemble des informations concernant les pages d\u2019autres sites par l\u2019interm\u00e9diaire desquelles vous avez acc\u00e9d\u00e9 \u00e0 notre site<\/li>\n<li>l\u2019ensemble des informations concernant les pages que vous avez consult\u00e9es sur notre site toute information que vous nous avez donn\u00e9e volontairement (par exemple dans le cadre d\u2019enqu\u00eates d\u2019informations et\/ou des inscriptions sur site)<\/li>\n<\/ul>\n<p>&nbsp;<\/p>\n<p>Les informations ne servent qu\u2019\u00e0 un usage interne et ne sont pas c\u00e9d\u00e9es \u00e0 d\u2019autres organisations \u00e0 des fins commerciales.<\/p>\n<p>Afin de mieux vous conna\u00eetre et de vous offrir une utilisation personnalis\u00e9e du site, nous utilisons des cookies (un cookie est un petit fichier envoy\u00e9 par un serveur Internet, qui s\u2019enregistre sur le disque dur de votre ordinateur. Il garde la trace du site Internet visit\u00e9 et contient un certain nombre d\u2019informations sur cette visite). Le cookie signale simplement votre visite sur notre site et ne nous communique ni votre identit\u00e9, ni votre adresse e-mail.<\/p>\n<p>Vous disposez \u00e0 tout moment d\u2019un droit d\u2019acc\u00e8s, de rectification et de suppression des informations vous concernant; droit que vous pouvez exercer en nous contactant :<\/p>\n<ul>\n<li>par courrier : NO-NAIL BOXES \u2013 25, Salzbaach \u2013 L-9559 Wiltz \u2013 Grand-Duch\u00e9 de Luxembourg<\/li>\n<li>par e-mail : <a href=\"mailto:gdpr@nnb.lu\"><strong>gdpr@nnb.lu<\/strong><\/a><\/li>\n<\/ul>\n<h3><\/h3>\n<h2><a href=\"https:\/\/no-nailboxes.com\/app\/uploads\/2024\/11\/Privacy-Notice-02.2020.pdf\"><span class=\"semi-bold\"><a href=\"https:\/\/no-nailboxes.com\/app\/uploads\/2026\/01\/Privacy-Notice-1.pdf\">Privacy Notice NO-NAIL BOXES<\/a><\/span><\/a><\/h2>\n<p>&nbsp;<\/p>\n<p>Si vous estimez que notre site ne respecte pas notre politique \u00abvie priv\u00e9e\u00bb telle qu\u2019elle est d\u00e9crite, vous pouvez contacter notre soci\u00e9t\u00e9 elle-m\u00eame \u00e0 l\u2019adresse : NO-NAIL BOXES \u2013 25, Salzbaach \u2013 L-9559 Wiltz \u2013 Grand-Duch\u00e9 de Luxembourg.<\/p>\n<p>R\u00e8glement g\u00e9n\u00e9ral sur la protection des donn\u00e9es (RGPD) au Royaume-Uni \u2013 Repr\u00e9sentant UK<\/p>\n<p>Conform\u00e9ment \u00e0 l\u2019article 27 du RGPD UK, NO-NAIL BOXES. a d\u00e9sign\u00e9 EDPO UK Ltd comme son repr\u00e9sentant RGPD au Royaume-Uni. Vous pouvez contacter EDPO UK pour toute question relative au RGPD UK :<\/p>\n<ul>\n<li>en utilisant le formulaire de demande en ligne d\u2019EDPO : <a href=\"https:\/\/edpo.com\/fr\/uk-gdpr-data-request\/\" target=\"_blank\" rel=\"noopener\"><strong>https:\/\/edpo.com\/fr\/uk-gdpr-data-request\/<\/strong><\/a> ;<\/li>\n<li>par voie postale \u00e0 EDPO UK, 8 Northumberland Avenue, Londres WC2N 5BY, Royaume-Uni.<\/li>\n<\/ul>\n<div id=\"ConnectiveDocSignExtentionInstalled\" data-extension-version=\"1.0.4\"><\/div>\n<\/div>\r\n                                                        <\/div>\r\n    <\/div>\r\n<\/section>\r\n","protected":false},"excerpt":{"rendered":"","protected":false},"author":1,"featured_media":0,"parent":0,"menu_order":0,"comment_status":"closed","ping_status":"open","template":"","meta":{"_acf_changed":false,"footnotes":""},"class_list":["post-3","page","type-page","status-publish","hentry"],"acf":[],"yoast_head":"<!-- This site is optimized with the Yoast SEO plugin v26.2 - https:\/\/yoast.com\/wordpress\/plugins\/seo\/ -->\n<title>Vie priv\u00e9e RGPD | No-Nail Boxes<\/title>\n<meta name=\"description\" content=\"Vie priv\u00e9e RGPD No-Nail Boxes : droits d\u2019acc\u00e8s, rectification, suppression, donn\u00e9es collect\u00e9es, contact du d\u00e9l\u00e9gu\u00e9 \u00e0 la protection.\" \/>\n<meta name=\"robots\" content=\"index, follow, max-snippet:-1, max-image-preview:large, max-video-preview:-1\" \/>\n<link rel=\"canonical\" href=\"https:\/\/no-nailboxes.com\/fr\/vie-privee-et-rgpd\/\" \/>\n<meta property=\"og:locale\" content=\"fr_FR\" \/>\n<meta property=\"og:type\" content=\"article\" \/>\n<meta property=\"og:title\" content=\"Vie priv\u00e9e RGPD | No-Nail Boxes\" \/>\n<meta property=\"og:description\" content=\"Vie priv\u00e9e RGPD No-Nail Boxes : droits d\u2019acc\u00e8s, rectification, suppression, donn\u00e9es collect\u00e9es, contact du d\u00e9l\u00e9gu\u00e9 \u00e0 la protection.\" \/>\n<meta property=\"og:url\" content=\"https:\/\/no-nailboxes.com\/fr\/vie-privee-et-rgpd\/\" \/>\n<meta property=\"og:site_name\" content=\"No-Nail Boxes\" \/>\n<meta property=\"article:publisher\" content=\"https:\/\/www.facebook.com\/nonailboxes.lux\/\" \/>\n<meta property=\"article:modified_time\" content=\"2026-01-13T08:00:53+00:00\" \/>\n<meta name=\"twitter:card\" content=\"summary_large_image\" \/>\n<script type=\"application\/ld+json\" class=\"yoast-schema-graph\">{\"@context\":\"https:\/\/schema.org\",\"@graph\":[{\"@type\":\"WebPage\",\"@id\":\"https:\/\/no-nailboxes.com\/fr\/vie-privee-et-rgpd\/\",\"url\":\"https:\/\/no-nailboxes.com\/fr\/vie-privee-et-rgpd\/\",\"name\":\"Vie priv\u00e9e RGPD | No-Nail Boxes\",\"isPartOf\":{\"@id\":\"https:\/\/no-nailboxes.com\/en\/#website\"},\"datePublished\":\"2024-07-24T07:07:40+00:00\",\"dateModified\":\"2026-01-13T08:00:53+00:00\",\"description\":\"Vie priv\u00e9e RGPD No-Nail Boxes : droits d\u2019acc\u00e8s, rectification, suppression, donn\u00e9es collect\u00e9es, contact du d\u00e9l\u00e9gu\u00e9 \u00e0 la protection.\",\"breadcrumb\":{\"@id\":\"https:\/\/no-nailboxes.com\/fr\/vie-privee-et-rgpd\/#breadcrumb\"},\"inLanguage\":\"fr-FR\",\"potentialAction\":[{\"@type\":\"ReadAction\",\"target\":[\"https:\/\/no-nailboxes.com\/fr\/vie-privee-et-rgpd\/\"]}]},{\"@type\":\"BreadcrumbList\",\"@id\":\"https:\/\/no-nailboxes.com\/fr\/vie-privee-et-rgpd\/#breadcrumb\",\"itemListElement\":[{\"@type\":\"ListItem\",\"position\":1,\"name\":\"Home\",\"item\":\"https:\/\/no-nailboxes.com\/fr\/\"},{\"@type\":\"ListItem\",\"position\":2,\"name\":\"Vie priv\u00e9e et RGPD\"}]},{\"@type\":\"WebSite\",\"@id\":\"https:\/\/no-nailboxes.com\/en\/#website\",\"url\":\"https:\/\/no-nailboxes.com\/en\/\",\"name\":\"No-Nail Boxes\",\"description\":\"\",\"publisher\":{\"@id\":\"https:\/\/no-nailboxes.com\/en\/#organization\"},\"potentialAction\":[{\"@type\":\"SearchAction\",\"target\":{\"@type\":\"EntryPoint\",\"urlTemplate\":\"https:\/\/no-nailboxes.com\/en\/?s={search_term_string}\"},\"query-input\":{\"@type\":\"PropertyValueSpecification\",\"valueRequired\":true,\"valueName\":\"search_term_string\"}}],\"inLanguage\":\"fr-FR\"},{\"@type\":\"Organization\",\"@id\":\"https:\/\/no-nailboxes.com\/en\/#organization\",\"name\":\"No-Nail Boxes\",\"url\":\"https:\/\/no-nailboxes.com\/en\/\",\"logo\":{\"@type\":\"ImageObject\",\"inLanguage\":\"fr-FR\",\"@id\":\"https:\/\/no-nailboxes.com\/en\/#\/schema\/logo\/image\/\",\"url\":\"https:\/\/no-nailboxes.com\/app\/uploads\/2024\/10\/NNB_blanc-transparent.png\",\"contentUrl\":\"https:\/\/no-nailboxes.com\/app\/uploads\/2024\/10\/NNB_blanc-transparent.png\",\"width\":250,\"height\":56,\"caption\":\"No-Nail Boxes\"},\"image\":{\"@id\":\"https:\/\/no-nailboxes.com\/en\/#\/schema\/logo\/image\/\"},\"sameAs\":[\"https:\/\/www.facebook.com\/nonailboxes.lux\/\",\"https:\/\/www.linkedin.com\/company\/no-nail-boxes\",\"https:\/\/www.instagram.com\/nonail_boxes\/\",\"https:\/\/www.youtube.com\/channel\/UCb6za2DCXJdVtR_9lpEbZOw\",\"https:\/\/vimeo.com\/nonailboxes\"]}]}<\/script>\n<!-- \/ Yoast SEO plugin. -->","yoast_head_json":{"title":"Vie priv\u00e9e RGPD | No-Nail Boxes","description":"Vie priv\u00e9e RGPD No-Nail Boxes : droits d\u2019acc\u00e8s, rectification, suppression, donn\u00e9es collect\u00e9es, contact du d\u00e9l\u00e9gu\u00e9 \u00e0 la protection.","robots":{"index":"index","follow":"follow","max-snippet":"max-snippet:-1","max-image-preview":"max-image-preview:large","max-video-preview":"max-video-preview:-1"},"canonical":"https:\/\/no-nailboxes.com\/fr\/vie-privee-et-rgpd\/","og_locale":"fr_FR","og_type":"article","og_title":"Vie priv\u00e9e RGPD | No-Nail Boxes","og_description":"Vie priv\u00e9e RGPD No-Nail Boxes : droits d\u2019acc\u00e8s, rectification, suppression, donn\u00e9es collect\u00e9es, contact du d\u00e9l\u00e9gu\u00e9 \u00e0 la protection.","og_url":"https:\/\/no-nailboxes.com\/fr\/vie-privee-et-rgpd\/","og_site_name":"No-Nail Boxes","article_publisher":"https:\/\/www.facebook.com\/nonailboxes.lux\/","article_modified_time":"2026-01-13T08:00:53+00:00","twitter_card":"summary_large_image","schema":{"@context":"https:\/\/schema.org","@graph":[{"@type":"WebPage","@id":"https:\/\/no-nailboxes.com\/fr\/vie-privee-et-rgpd\/","url":"https:\/\/no-nailboxes.com\/fr\/vie-privee-et-rgpd\/","name":"Vie priv\u00e9e RGPD | No-Nail Boxes","isPartOf":{"@id":"https:\/\/no-nailboxes.com\/en\/#website"},"datePublished":"2024-07-24T07:07:40+00:00","dateModified":"2026-01-13T08:00:53+00:00","description":"Vie priv\u00e9e RGPD No-Nail Boxes : droits d\u2019acc\u00e8s, rectification, suppression, donn\u00e9es collect\u00e9es, contact du d\u00e9l\u00e9gu\u00e9 \u00e0 la protection.","breadcrumb":{"@id":"https:\/\/no-nailboxes.com\/fr\/vie-privee-et-rgpd\/#breadcrumb"},"inLanguage":"fr-FR","potentialAction":[{"@type":"ReadAction","target":["https:\/\/no-nailboxes.com\/fr\/vie-privee-et-rgpd\/"]}]},{"@type":"BreadcrumbList","@id":"https:\/\/no-nailboxes.com\/fr\/vie-privee-et-rgpd\/#breadcrumb","itemListElement":[{"@type":"ListItem","position":1,"name":"Home","item":"https:\/\/no-nailboxes.com\/fr\/"},{"@type":"ListItem","position":2,"name":"Vie priv\u00e9e et RGPD"}]},{"@type":"WebSite","@id":"https:\/\/no-nailboxes.com\/en\/#website","url":"https:\/\/no-nailboxes.com\/en\/","name":"No-Nail Boxes","description":"","publisher":{"@id":"https:\/\/no-nailboxes.com\/en\/#organization"},"potentialAction":[{"@type":"SearchAction","target":{"@type":"EntryPoint","urlTemplate":"https:\/\/no-nailboxes.com\/en\/?s={search_term_string}"},"query-input":{"@type":"PropertyValueSpecification","valueRequired":true,"valueName":"search_term_string"}}],"inLanguage":"fr-FR"},{"@type":"Organization","@id":"https:\/\/no-nailboxes.com\/en\/#organization","name":"No-Nail Boxes","url":"https:\/\/no-nailboxes.com\/en\/","logo":{"@type":"ImageObject","inLanguage":"fr-FR","@id":"https:\/\/no-nailboxes.com\/en\/#\/schema\/logo\/image\/","url":"https:\/\/no-nailboxes.com\/app\/uploads\/2024\/10\/NNB_blanc-transparent.png","contentUrl":"https:\/\/no-nailboxes.com\/app\/uploads\/2024\/10\/NNB_blanc-transparent.png","width":250,"height":56,"caption":"No-Nail Boxes"},"image":{"@id":"https:\/\/no-nailboxes.com\/en\/#\/schema\/logo\/image\/"},"sameAs":["https:\/\/www.facebook.com\/nonailboxes.lux\/","https:\/\/www.linkedin.com\/company\/no-nail-boxes","https:\/\/www.instagram.com\/nonail_boxes\/","https:\/\/www.youtube.com\/channel\/UCb6za2DCXJdVtR_9lpEbZOw","https:\/\/vimeo.com\/nonailboxes"]}]}},"_links":{"self":[{"href":"https:\/\/no-nailboxes.com\/fr\/wp-json\/wp\/v2\/pages\/3","targetHints":{"allow":["GET"]}}],"collection":[{"href":"https:\/\/no-nailboxes.com\/fr\/wp-json\/wp\/v2\/pages"}],"about":[{"href":"https:\/\/no-nailboxes.com\/fr\/wp-json\/wp\/v2\/types\/page"}],"author":[{"embeddable":true,"href":"https:\/\/no-nailboxes.com\/fr\/wp-json\/wp\/v2\/users\/1"}],"replies":[{"embeddable":true,"href":"https:\/\/no-nailboxes.com\/fr\/wp-json\/wp\/v2\/comments?post=3"}],"version-history":[{"count":18,"href":"https:\/\/no-nailboxes.com\/fr\/wp-json\/wp\/v2\/pages\/3\/revisions"}],"predecessor-version":[{"id":7493,"href":"https:\/\/no-nailboxes.com\/fr\/wp-json\/wp\/v2\/pages\/3\/revisions\/7493"}],"wp:attachment":[{"href":"https:\/\/no-nailboxes.com\/fr\/wp-json\/wp\/v2\/media?parent=3"}],"curies":[{"name":"wp","href":"https:\/\/api.w.org\/{rel}","templated":true}]}}