{"id":513,"date":"2024-09-03T06:09:32","date_gmt":"2024-09-03T06:09:32","guid":{"rendered":"http:\/\/no-nailboxes.local\/?page_id=513"},"modified":"2025-12-03T09:41:06","modified_gmt":"2025-12-03T09:41:06","slug":"qualite-et-environnement","status":"publish","type":"page","link":"https:\/\/no-nailboxes.com\/fr\/qualite-et-environnement\/","title":{"rendered":"Qualit\u00e9 et environnement"},"content":{"rendered":"\r\n<section class=\"acf-block acf-block-certifications acf-block-first\" id=\"block_acf-block_692f040a4b79b\">\r\n    <div class=\"container-fluid\">           \r\n\r\n                            <div class=\"certificate__wrapper\">\r\n                        <div class=\"certificate__image\">\r\n                            <img loading=\"lazy\" decoding=\"async\" width=\"277\" height=\"250\" src=\"https:\/\/no-nailboxes.com\/app\/uploads\/2024\/10\/iso-9001.png\" class=\"attachment-large size-large\" alt=\"Logo ISO 9001 | NO-NAIL BOXES\" \/>                        <\/div>\r\n                        <div class=\"certificate__title\">                            \r\n                            <span class=\"title\">ISO 9001<\/span>\r\n                        <\/div>\r\n                        <div class=\"certificate__desc\">\r\n                            <p>Depuis 2004, NO-NAIL BOXES est certifi\u00e9e ISO 9001. Cette norme garantit la mise en place d\u2019un syst\u00e8me de management de la qualit\u00e9, visant \u00e0 l&#8217;am\u00e9lioration continue et \u00e0 la satisfaction des clients. Gr\u00e2ce \u00e0 cette certification, l&#8217;entreprise s&#8217;engage \u00e0 fournir des produits et services uniformes, conformes et de haute qualit\u00e9.<\/p>\n<p>&nbsp;<\/p>\n<div id=\"ConnectiveDocSignExtentionInstalled\" data-extension-version=\"1.0.4\"><\/div>\n                        <\/div>\r\n                        <div class=\"certificate__link\">\r\n                        \r\n                        <a\r\n                            class=\"arrow-link\"\r\n                            href=\"https:\/\/no-nailboxes.com\/app\/uploads\/2025\/12\/GLOBALPACK-SOLUTIONS-Fr-ISO-9001-2015.pdf\"\r\n                                                    >\r\n                            T\u00e9l\u00e9charger le certificat                        <\/a>\r\n                            \r\n                        <\/div>\r\n\r\n                    \r\n                <\/div>\r\n                            <div class=\"certificate__wrapper\">\r\n                        <div class=\"certificate__image\">\r\n                            <img loading=\"lazy\" decoding=\"async\" width=\"280\" height=\"250\" src=\"https:\/\/no-nailboxes.com\/app\/uploads\/2024\/10\/iso-14001.png\" class=\"attachment-large size-large\" alt=\"Logo ISO14001 | NO-NAIL BOXES\" \/>                        <\/div>\r\n                        <div class=\"certificate__title\">                            \r\n                            <span class=\"title\">ISO 14001<\/span>\r\n                        <\/div>\r\n                        <div class=\"certificate__desc\">\r\n                            <p>Depuis 2010, NO-NAIL BOXES a \u00e9galement obtenu la certification ISO 14001, d\u00e9montrant son engagement envers la protection de l&#8217;environnement. Ce syst\u00e8me de management environnemental permet de minimiser l&#8217;impact des activit\u00e9s de l&#8217;entreprise sur l&#8217;environnement et d&#8217;am\u00e9liorer en permanence ses performances environnementales.<\/p>\n<p>&nbsp;<\/p>\n<div id=\"ConnectiveDocSignExtentionInstalled\" data-extension-version=\"1.0.4\"><\/div>\n                        <\/div>\r\n                        <div class=\"certificate__link\">\r\n                        \r\n                        <a\r\n                            class=\"arrow-link\"\r\n                            href=\"https:\/\/no-nailboxes.com\/app\/uploads\/2025\/12\/GLOBALPACK-SOLUTIONS-Fr-ISO-14001-2015.pdf\"\r\n                                                    >\r\n                            T\u00e9l\u00e9charger le certificat                        <\/a>\r\n                            \r\n                        <\/div>\r\n\r\n                    \r\n                <\/div>\r\n                            <div class=\"certificate__wrapper\">\r\n                        <div class=\"certificate__image\">\r\n                            <img loading=\"lazy\" decoding=\"async\" width=\"250\" height=\"250\" src=\"https:\/\/no-nailboxes.com\/app\/uploads\/2024\/10\/logo_aaa.png\" class=\"attachment-large size-large\" alt=\"Logo AAA | NO-NAIL BOXES\" srcset=\"https:\/\/no-nailboxes.com\/app\/uploads\/2024\/10\/logo_aaa.png 250w, https:\/\/no-nailboxes.com\/app\/uploads\/2024\/10\/logo_aaa-150x150.png 150w\" sizes=\"auto, (max-width: 250px) 100vw, 250px\" \/>                        <\/div>\r\n                        <div class=\"certificate__title\">                            \r\n                            <span class=\"title\">S\u00c9CHER &#038; GESOND MAT SYSTEM<\/span>\r\n                        <\/div>\r\n                        <div class=\"certificate__desc\">\r\n                            <p>Depuis plusieurs ann\u00e9es, NO-NAIL BOXES a mis en place une s\u00e9rie de mesures pour une gestion efficace de la s\u00e9curit\u00e9 et de la sant\u00e9 au travail. Cette d\u00e9marche a \u00e9t\u00e9 reconnue par l&#8217;Association d\u2019Assurance Accident (AAA) qui lui a d\u00e9cern\u00e9 le label S\u00e9cher &amp; Gesond mat System en 2014.<\/p>\n<p>&nbsp;<\/p>\n<div id=\"ConnectiveDocSignExtentionInstalled\" data-extension-version=\"1.0.4\"><\/div>\n                        <\/div>\r\n                        <div class=\"certificate__link\">\r\n                        \r\n                        <a\r\n                            class=\"arrow-link\"\r\n                            href=\"https:\/\/no-nailboxes.com\/app\/uploads\/2025\/09\/Label-SGS-NO-NAIL-BOXES-S.A.pdf\"\r\n                                                    >\r\n                            T\u00e9l\u00e9charger le certificat                        <\/a>\r\n                            \r\n                        <\/div>\r\n\r\n                    \r\n                <\/div>\r\n                     \r\n\r\n    <\/div>\r\n<\/section>\r\n<section class=\"acf-block acf-block-image-texte\" id=\"block_acf-block_692f040a4b7ce\">\r\n            <div class=\"container-fluid \">\r\n        <div class=\"content__columns--wrapper columns__wrapper columns__wrapper--one\">\r\n                                                \r\n                                            <div class=\"content__column content__column--left content content__column--valign content__column--valign-top\"><h2 class=\"h2\">Engagement environnemental et utilisation responsable des mat\u00e9riaux<\/h2>\n<div id=\"ConnectiveDocSignExtentionInstalled\" data-extension-version=\"1.0.4\"><\/div>\n<\/div>\r\n                                                        <\/div>\r\n    <\/div>\r\n<\/section>\r\n\r\n<section class=\"acf-block acf-block-certifications acf-block-last\" id=\"block_acf-block_692f040a4b7ee\">\r\n    <div class=\"container-fluid\">           \r\n\r\n                            <div class=\"certificate__wrapper\">\r\n                        <div class=\"certificate__image\">\r\n                            <img loading=\"lazy\" decoding=\"async\" width=\"250\" height=\"250\" src=\"https:\/\/no-nailboxes.com\/app\/uploads\/2024\/10\/logo_MADE_IN_LUX.png\" class=\"attachment-large size-large\" alt=\"Logo Made in Luxembourg | NO-NAIL BOXES\" srcset=\"https:\/\/no-nailboxes.com\/app\/uploads\/2024\/10\/logo_MADE_IN_LUX.png 250w, https:\/\/no-nailboxes.com\/app\/uploads\/2024\/10\/logo_MADE_IN_LUX-150x150.png 150w\" sizes=\"auto, (max-width: 250px) 100vw, 250px\" \/>                        <\/div>\r\n                        <div class=\"certificate__title\">                            \r\n                            <span class=\"title\">Label \u00ab Made in Luxembourg \u00bb<\/span>\r\n                        <\/div>\r\n                        <div class=\"certificate__desc\">\r\n                            <p>NO-NAIL BOXES est fi\u00e8re de porter le label \u00ab Made in Luxembourg \u00bb, qui garantit l&#8217;origine luxembourgeoise de ses produits et services. Ce label est attribu\u00e9 par la Chambre de Commerce ou la Chambre des M\u00e9tiers, et met en avant le savoir-faire industriel du pays.<\/p>\n<div id=\"ConnectiveDocSignExtentionInstalled\" data-extension-version=\"1.0.4\"><\/div>\n                        <\/div>\r\n                        <div class=\"certificate__link\">\r\n                        \r\n                        <a\r\n                            class=\"arrow-link\"\r\n                            href=\"https:\/\/no-nailboxes.com\/fr\/contact\/\"\r\n                                                    >\r\n                            Plus d&#8217;informations                        <\/a>\r\n                            \r\n                        <\/div>\r\n\r\n                    \r\n                <\/div>\r\n                            <div class=\"certificate__wrapper\">\r\n                        <div class=\"certificate__image\">\r\n                            <img loading=\"lazy\" decoding=\"async\" width=\"200\" height=\"200\" src=\"https:\/\/no-nailboxes.com\/app\/uploads\/2024\/10\/logo-NIMP15-e1736258962307.png\" class=\"attachment-large size-large\" alt=\"Logo NIMP15 | NO-NAIL BOXES\" \/>                        <\/div>\r\n                        <div class=\"certificate__title\">                            \r\n                            <span class=\"title\">100 % Bois et Norme NIMP 15<\/span>\r\n                        <\/div>\r\n                        <div class=\"certificate__desc\">\r\n                            <p>Les caisses pliantes de NO-NAIL BOXES sont fabriqu\u00e9es \u00e0 partir de bois contreplaqu\u00e9 et d&#8217;acier, assurant leur recyclabilit\u00e9 et leur respect des normes environnementales strictes, notamment la norme NIMP 15 qui vise \u00e0 pr\u00e9venir la propagation de nuisibles dans les mat\u00e9riaux d&#8217;emballage en bois.<\/p>\n<div id=\"ConnectiveDocSignExtentionInstalled\" data-extension-version=\"1.0.4\"><\/div>\n                        <\/div>\r\n                        <div class=\"certificate__link\">\r\n                        \r\n                        <a\r\n                            class=\"arrow-link\"\r\n                            href=\"https:\/\/no-nailboxes.com\/fr\/contact\/\"\r\n                                                    >\r\n                            Plus d&#8217;informations                        <\/a>\r\n                            \r\n                        <\/div>\r\n\r\n                    \r\n                <\/div>\r\n                            <div class=\"certificate__wrapper\">\r\n                        <div class=\"certificate__image\">\r\n                            <img loading=\"lazy\" decoding=\"async\" width=\"1024\" height=\"662\" src=\"https:\/\/no-nailboxes.com\/app\/uploads\/2025\/04\/pefc-label-pefc22-31-16-label-hors-produits-1-1024x662.png\" class=\"attachment-large size-large\" alt=\"\" srcset=\"https:\/\/no-nailboxes.com\/app\/uploads\/2025\/04\/pefc-label-pefc22-31-16-label-hors-produits-1-1024x662.png 1024w, https:\/\/no-nailboxes.com\/app\/uploads\/2025\/04\/pefc-label-pefc22-31-16-label-hors-produits-1-300x194.png 300w, https:\/\/no-nailboxes.com\/app\/uploads\/2025\/04\/pefc-label-pefc22-31-16-label-hors-produits-1-768x496.png 768w, https:\/\/no-nailboxes.com\/app\/uploads\/2025\/04\/pefc-label-pefc22-31-16-label-hors-produits-1-475x307.png 475w, https:\/\/no-nailboxes.com\/app\/uploads\/2025\/04\/pefc-label-pefc22-31-16-label-hors-produits-1-950x614.png 950w, https:\/\/no-nailboxes.com\/app\/uploads\/2025\/04\/pefc-label-pefc22-31-16-label-hors-produits-1.png 1356w\" sizes=\"auto, (max-width: 1024px) 100vw, 1024px\" \/>                        <\/div>\r\n                        <div class=\"certificate__title\">                            \r\n                            <span class=\"title\">REACH et PEFC<\/span>\r\n                        <\/div>\r\n                        <div class=\"certificate__desc\">\r\n                            <p>NO-NAIL BOXES se conforme \u00e9galement au r\u00e8glement europ\u00e9en REACH pour l&#8217;enregistrement, l&#8217;\u00e9valuation et l&#8217;autorisation des produits chimiques. En outre, le label PEFC\/22-31-16 atteste de son engagement \u00e0 utiliser du bois provenant de for\u00eats g\u00e9r\u00e9es durablement, renfor\u00e7ant ainsi sa d\u00e9marche responsable envers l&#8217;environnement.<\/p>\n<p>&nbsp;<\/p>\n<div id=\"ConnectiveDocSignExtentionInstalled\" data-extension-version=\"1.0.4\"><\/div>\n                        <\/div>\r\n                        <div class=\"certificate__link\">\r\n                        \r\n                        <a\r\n                            class=\"arrow-link\"\r\n                            href=\"https:\/\/no-nailboxes.com\/app\/uploads\/2024\/10\/PEFC-1-05-2026.pdf\"\r\n                                                    >\r\n                            T\u00e9l\u00e9charger le certificat                        <\/a>\r\n                            \r\n                        <\/div>\r\n\r\n                    \r\n                <\/div>\r\n                     \r\n\r\n    <\/div>\r\n<\/section>","protected":false},"excerpt":{"rendered":"","protected":false},"author":1,"featured_media":0,"parent":0,"menu_order":0,"comment_status":"closed","ping_status":"closed","template":"","meta":{"_acf_changed":false,"footnotes":""},"class_list":["post-513","page","type-page","status-publish","hentry"],"acf":[],"yoast_head":"<!-- This site is optimized with the Yoast SEO plugin v26.2 - https:\/\/yoast.com\/wordpress\/plugins\/seo\/ -->\n<title>Qualit\u00e9 environnement emballages bois | No-Nail Boxes<\/title>\n<meta name=\"description\" content=\"Qualit\u00e9 environnement emballages bois : certifications ISO 9001 &amp; 14001, conformit\u00e9 NIMP15, mat\u00e9riaux durables, fabrication luxembourgeoise.\" \/>\n<meta name=\"robots\" content=\"index, follow, max-snippet:-1, max-image-preview:large, max-video-preview:-1\" \/>\n<link rel=\"canonical\" href=\"https:\/\/no-nailboxes.com\/fr\/qualite-et-environnement\/\" \/>\n<meta property=\"og:locale\" content=\"fr_FR\" \/>\n<meta property=\"og:type\" content=\"article\" \/>\n<meta property=\"og:title\" content=\"Qualit\u00e9 environnement emballages bois | No-Nail Boxes\" \/>\n<meta property=\"og:description\" content=\"Qualit\u00e9 environnement emballages bois : certifications ISO 9001 &amp; 14001, conformit\u00e9 NIMP15, mat\u00e9riaux durables, fabrication luxembourgeoise.\" \/>\n<meta property=\"og:url\" content=\"https:\/\/no-nailboxes.com\/fr\/qualite-et-environnement\/\" \/>\n<meta property=\"og:site_name\" content=\"No-Nail Boxes\" \/>\n<meta property=\"article:publisher\" content=\"https:\/\/www.facebook.com\/nonailboxes.lux\/\" \/>\n<meta property=\"article:modified_time\" content=\"2025-12-03T09:41:06+00:00\" \/>\n<meta name=\"twitter:card\" content=\"summary_large_image\" \/>\n<script type=\"application\/ld+json\" class=\"yoast-schema-graph\">{\"@context\":\"https:\/\/schema.org\",\"@graph\":[{\"@type\":\"WebPage\",\"@id\":\"https:\/\/no-nailboxes.com\/fr\/qualite-et-environnement\/\",\"url\":\"https:\/\/no-nailboxes.com\/fr\/qualite-et-environnement\/\",\"name\":\"Qualit\u00e9 environnement emballages bois | No-Nail Boxes\",\"isPartOf\":{\"@id\":\"https:\/\/no-nailboxes.com\/en\/#website\"},\"datePublished\":\"2024-09-03T06:09:32+00:00\",\"dateModified\":\"2025-12-03T09:41:06+00:00\",\"description\":\"Qualit\u00e9 environnement emballages bois : certifications ISO 9001 & 14001, conformit\u00e9 NIMP15, mat\u00e9riaux durables, fabrication luxembourgeoise.\",\"breadcrumb\":{\"@id\":\"https:\/\/no-nailboxes.com\/fr\/qualite-et-environnement\/#breadcrumb\"},\"inLanguage\":\"fr-FR\",\"potentialAction\":[{\"@type\":\"ReadAction\",\"target\":[\"https:\/\/no-nailboxes.com\/fr\/qualite-et-environnement\/\"]}]},{\"@type\":\"BreadcrumbList\",\"@id\":\"https:\/\/no-nailboxes.com\/fr\/qualite-et-environnement\/#breadcrumb\",\"itemListElement\":[{\"@type\":\"ListItem\",\"position\":1,\"name\":\"Home\",\"item\":\"https:\/\/no-nailboxes.com\/fr\/\"},{\"@type\":\"ListItem\",\"position\":2,\"name\":\"Qualit\u00e9 et environnement\"}]},{\"@type\":\"WebSite\",\"@id\":\"https:\/\/no-nailboxes.com\/en\/#website\",\"url\":\"https:\/\/no-nailboxes.com\/en\/\",\"name\":\"No-Nail Boxes\",\"description\":\"\",\"publisher\":{\"@id\":\"https:\/\/no-nailboxes.com\/en\/#organization\"},\"potentialAction\":[{\"@type\":\"SearchAction\",\"target\":{\"@type\":\"EntryPoint\",\"urlTemplate\":\"https:\/\/no-nailboxes.com\/en\/?s={search_term_string}\"},\"query-input\":{\"@type\":\"PropertyValueSpecification\",\"valueRequired\":true,\"valueName\":\"search_term_string\"}}],\"inLanguage\":\"fr-FR\"},{\"@type\":\"Organization\",\"@id\":\"https:\/\/no-nailboxes.com\/en\/#organization\",\"name\":\"No-Nail Boxes\",\"url\":\"https:\/\/no-nailboxes.com\/en\/\",\"logo\":{\"@type\":\"ImageObject\",\"inLanguage\":\"fr-FR\",\"@id\":\"https:\/\/no-nailboxes.com\/en\/#\/schema\/logo\/image\/\",\"url\":\"https:\/\/no-nailboxes.com\/app\/uploads\/2024\/10\/NNB_blanc-transparent.png\",\"contentUrl\":\"https:\/\/no-nailboxes.com\/app\/uploads\/2024\/10\/NNB_blanc-transparent.png\",\"width\":250,\"height\":56,\"caption\":\"No-Nail Boxes\"},\"image\":{\"@id\":\"https:\/\/no-nailboxes.com\/en\/#\/schema\/logo\/image\/\"},\"sameAs\":[\"https:\/\/www.facebook.com\/nonailboxes.lux\/\",\"https:\/\/www.linkedin.com\/company\/no-nail-boxes\",\"https:\/\/www.instagram.com\/nonail_boxes\/\",\"https:\/\/www.youtube.com\/channel\/UCb6za2DCXJdVtR_9lpEbZOw\",\"https:\/\/vimeo.com\/nonailboxes\"]}]}<\/script>\n<!-- \/ Yoast SEO plugin. -->","yoast_head_json":{"title":"Qualit\u00e9 environnement emballages bois | No-Nail Boxes","description":"Qualit\u00e9 environnement emballages bois : certifications ISO 9001 & 14001, conformit\u00e9 NIMP15, mat\u00e9riaux durables, fabrication luxembourgeoise.","robots":{"index":"index","follow":"follow","max-snippet":"max-snippet:-1","max-image-preview":"max-image-preview:large","max-video-preview":"max-video-preview:-1"},"canonical":"https:\/\/no-nailboxes.com\/fr\/qualite-et-environnement\/","og_locale":"fr_FR","og_type":"article","og_title":"Qualit\u00e9 environnement emballages bois | No-Nail Boxes","og_description":"Qualit\u00e9 environnement emballages bois : certifications ISO 9001 & 14001, conformit\u00e9 NIMP15, mat\u00e9riaux durables, fabrication luxembourgeoise.","og_url":"https:\/\/no-nailboxes.com\/fr\/qualite-et-environnement\/","og_site_name":"No-Nail Boxes","article_publisher":"https:\/\/www.facebook.com\/nonailboxes.lux\/","article_modified_time":"2025-12-03T09:41:06+00:00","twitter_card":"summary_large_image","schema":{"@context":"https:\/\/schema.org","@graph":[{"@type":"WebPage","@id":"https:\/\/no-nailboxes.com\/fr\/qualite-et-environnement\/","url":"https:\/\/no-nailboxes.com\/fr\/qualite-et-environnement\/","name":"Qualit\u00e9 environnement emballages bois | No-Nail Boxes","isPartOf":{"@id":"https:\/\/no-nailboxes.com\/en\/#website"},"datePublished":"2024-09-03T06:09:32+00:00","dateModified":"2025-12-03T09:41:06+00:00","description":"Qualit\u00e9 environnement emballages bois : certifications ISO 9001 & 14001, conformit\u00e9 NIMP15, mat\u00e9riaux durables, fabrication luxembourgeoise.","breadcrumb":{"@id":"https:\/\/no-nailboxes.com\/fr\/qualite-et-environnement\/#breadcrumb"},"inLanguage":"fr-FR","potentialAction":[{"@type":"ReadAction","target":["https:\/\/no-nailboxes.com\/fr\/qualite-et-environnement\/"]}]},{"@type":"BreadcrumbList","@id":"https:\/\/no-nailboxes.com\/fr\/qualite-et-environnement\/#breadcrumb","itemListElement":[{"@type":"ListItem","position":1,"name":"Home","item":"https:\/\/no-nailboxes.com\/fr\/"},{"@type":"ListItem","position":2,"name":"Qualit\u00e9 et environnement"}]},{"@type":"WebSite","@id":"https:\/\/no-nailboxes.com\/en\/#website","url":"https:\/\/no-nailboxes.com\/en\/","name":"No-Nail Boxes","description":"","publisher":{"@id":"https:\/\/no-nailboxes.com\/en\/#organization"},"potentialAction":[{"@type":"SearchAction","target":{"@type":"EntryPoint","urlTemplate":"https:\/\/no-nailboxes.com\/en\/?s={search_term_string}"},"query-input":{"@type":"PropertyValueSpecification","valueRequired":true,"valueName":"search_term_string"}}],"inLanguage":"fr-FR"},{"@type":"Organization","@id":"https:\/\/no-nailboxes.com\/en\/#organization","name":"No-Nail Boxes","url":"https:\/\/no-nailboxes.com\/en\/","logo":{"@type":"ImageObject","inLanguage":"fr-FR","@id":"https:\/\/no-nailboxes.com\/en\/#\/schema\/logo\/image\/","url":"https:\/\/no-nailboxes.com\/app\/uploads\/2024\/10\/NNB_blanc-transparent.png","contentUrl":"https:\/\/no-nailboxes.com\/app\/uploads\/2024\/10\/NNB_blanc-transparent.png","width":250,"height":56,"caption":"No-Nail Boxes"},"image":{"@id":"https:\/\/no-nailboxes.com\/en\/#\/schema\/logo\/image\/"},"sameAs":["https:\/\/www.facebook.com\/nonailboxes.lux\/","https:\/\/www.linkedin.com\/company\/no-nail-boxes","https:\/\/www.instagram.com\/nonail_boxes\/","https:\/\/www.youtube.com\/channel\/UCb6za2DCXJdVtR_9lpEbZOw","https:\/\/vimeo.com\/nonailboxes"]}]}},"_links":{"self":[{"href":"https:\/\/no-nailboxes.com\/fr\/wp-json\/wp\/v2\/pages\/513","targetHints":{"allow":["GET"]}}],"collection":[{"href":"https:\/\/no-nailboxes.com\/fr\/wp-json\/wp\/v2\/pages"}],"about":[{"href":"https:\/\/no-nailboxes.com\/fr\/wp-json\/wp\/v2\/types\/page"}],"author":[{"embeddable":true,"href":"https:\/\/no-nailboxes.com\/fr\/wp-json\/wp\/v2\/users\/1"}],"replies":[{"embeddable":true,"href":"https:\/\/no-nailboxes.com\/fr\/wp-json\/wp\/v2\/comments?post=513"}],"version-history":[{"count":111,"href":"https:\/\/no-nailboxes.com\/fr\/wp-json\/wp\/v2\/pages\/513\/revisions"}],"predecessor-version":[{"id":7341,"href":"https:\/\/no-nailboxes.com\/fr\/wp-json\/wp\/v2\/pages\/513\/revisions\/7341"}],"wp:attachment":[{"href":"https:\/\/no-nailboxes.com\/fr\/wp-json\/wp\/v2\/media?parent=513"}],"curies":[{"name":"wp","href":"https:\/\/api.w.org\/{rel}","templated":true}]}}