{"id":921,"date":"2024-09-18T13:32:39","date_gmt":"2024-09-18T13:32:39","guid":{"rendered":"https:\/\/no-nailboxes.com.eteamsys.com\/?page_id=921"},"modified":"2025-09-19T06:43:57","modified_gmt":"2025-09-19T06:43:57","slug":"contact","status":"publish","type":"page","link":"https:\/\/no-nailboxes.com\/fr\/contact\/","title":{"rendered":"Contact"},"content":{"rendered":"\r\n<section class=\"acf-block acf-block-form acf-block-first container-fluid\" id=\"block_acf-block_67346faf75fdf\">    \r\n    <aside class=\"form__aside\">\r\n                    <div>\r\n                <div class=\"title\">No-Nail Boxes<\/div>\r\n\r\n                <div class=\"contact--address\">                                      \r\n                     \r\n                    25 Salzbaach   | L-9559<br \/>Wiltz Luxembourg<br \/>                    \r\n                                            <a\r\n                            class=\"contact--phone\"\r\n                            href=\"tel:+3528192811\"\r\n                        >Tel : +352 81 92 81-1<\/a><br \/>\r\n                                                                                    <a class=\"contact--mail\" href=\"mailto:info@nnb.lu\">info@nnb.lu<\/a>\r\n                                    <\/div> \r\n\r\n                <iframe src=\"https:\/\/www.google.com\/maps\/embed?pb=!1m14!1m8!1m3!1d2158.387178512645!2d5.901917469382038!3d49.95942829270354!3m2!1i1024!2i768!4f13.1!3m3!1m2!1s0x47c00416c1d3ca65%3A0xc7612d886970432d!2sNo-Nail%20Boxes%20(Europe)%20SA!5e0!3m2!1sen!2slk!4v1726661276451!5m2!1sen!2slk\" width=\"400\" height=\"300\" style=\"border:0;\" allowfullscreen=\"true\" loading=\"lazy\" referrerpolicy=\"no-referrer-when-downgrade\"><\/iframe>            <\/div>\r\n            <\/aside>\r\n\r\n            \n<div class=\"wpcf7 no-js\" id=\"wpcf7-f5-o1\" lang=\"en-US\" dir=\"ltr\" data-wpcf7-id=\"5\">\n<div class=\"screen-reader-response\"><p role=\"status\" aria-live=\"polite\" aria-atomic=\"true\"><\/p> <ul><\/ul><\/div>\n<form action=\"\/fr\/wp-json\/wp\/v2\/pages\/921#wpcf7-f5-o1\" method=\"post\" class=\"wpcf7-form init\" aria-label=\"Contact form\" novalidate=\"novalidate\" data-status=\"init\">\n<fieldset class=\"hidden-fields-container\"><input type=\"hidden\" name=\"_wpcf7\" value=\"5\" \/><input type=\"hidden\" name=\"_wpcf7_version\" value=\"6.1.2\" \/><input type=\"hidden\" name=\"_wpcf7_locale\" value=\"en_US\" \/><input type=\"hidden\" name=\"_wpcf7_unit_tag\" value=\"wpcf7-f5-o1\" \/><input type=\"hidden\" name=\"_wpcf7_container_post\" value=\"0\" \/><input type=\"hidden\" name=\"_wpcf7_posted_data_hash\" value=\"\" \/>\n<\/fieldset>\n<div class=\"pipedriveWebForms\" data-pd-webforms=\"https:\/\/webforms.pipedrive.com\/f\/6Naa06ynbidrjX2loMu3lwLIRp8QtVXmIGOfCBNZVZhcRT6gXjoZ0lbnhDIY4otIDV\"><script src=\"https:\/\/webforms.pipedrive.com\/f\/loader\"><\/script><\/div><div class=\"wpcf7-response-output\" aria-hidden=\"true\"><\/div>\n<\/form>\n<\/div>\n    <\/section>\r\n\r\n<section class=\"acf-block acf-block-full-image acf-block-last\" id=\"block_acf-block_67346faf7603d\">\r\n    \r\n    <div class=\"img__wrapper\">\r\n        <img loading=\"lazy\" decoding=\"async\" width=\"1024\" height=\"439\" src=\"https:\/\/no-nailboxes.com\/app\/uploads\/2024\/11\/no-nail-boxes-atelier-2-1024x439.jpg\" class=\"attachment-large size-large\" alt=\"Workshop | NO-NAIL BOXES\" srcset=\"https:\/\/no-nailboxes.com\/app\/uploads\/2024\/11\/no-nail-boxes-atelier-2-1024x439.jpg 1024w, https:\/\/no-nailboxes.com\/app\/uploads\/2024\/11\/no-nail-boxes-atelier-2-300x129.jpg 300w, https:\/\/no-nailboxes.com\/app\/uploads\/2024\/11\/no-nail-boxes-atelier-2-768x329.jpg 768w, https:\/\/no-nailboxes.com\/app\/uploads\/2024\/11\/no-nail-boxes-atelier-2-1536x659.jpg 1536w, https:\/\/no-nailboxes.com\/app\/uploads\/2024\/11\/no-nail-boxes-atelier-2-2048x878.jpg 2048w, https:\/\/no-nailboxes.com\/app\/uploads\/2024\/11\/no-nail-boxes-atelier-2-475x204.jpg 475w, https:\/\/no-nailboxes.com\/app\/uploads\/2024\/11\/no-nail-boxes-atelier-2-950x407.jpg 950w\" sizes=\"auto, (max-width: 1024px) 100vw, 1024px\" \/>    <\/div>        \r\n    \r\n<\/section>","protected":false},"excerpt":{"rendered":"","protected":false},"author":1,"featured_media":0,"parent":0,"menu_order":0,"comment_status":"closed","ping_status":"closed","template":"","meta":{"_acf_changed":false,"footnotes":""},"class_list":["post-921","page","type-page","status-publish","hentry"],"acf":[],"yoast_head":"<!-- This site is optimized with the Yoast SEO plugin v26.2 - https:\/\/yoast.com\/wordpress\/plugins\/seo\/ -->\n<title>Contact fabricant caisses pliantes bois | No-Nail Boxes<\/title>\n<meta name=\"description\" content=\"Contact fabricant caisses pliantes bois : adresse, t\u00e9l\u00e9phone, email pour commandes, devis et renseignements personnalis\u00e9s.\" \/>\n<meta name=\"robots\" content=\"index, follow, max-snippet:-1, max-image-preview:large, max-video-preview:-1\" \/>\n<link rel=\"canonical\" href=\"https:\/\/no-nailboxes.com\/fr\/contact\/\" \/>\n<meta property=\"og:locale\" content=\"fr_FR\" \/>\n<meta property=\"og:type\" content=\"article\" \/>\n<meta property=\"og:title\" content=\"Contact fabricant caisses pliantes bois | No-Nail Boxes\" \/>\n<meta property=\"og:description\" content=\"Contact fabricant caisses pliantes bois : adresse, t\u00e9l\u00e9phone, email pour commandes, devis et renseignements personnalis\u00e9s.\" \/>\n<meta property=\"og:url\" content=\"https:\/\/no-nailboxes.com\/fr\/contact\/\" \/>\n<meta property=\"og:site_name\" content=\"No-Nail Boxes\" \/>\n<meta property=\"article:publisher\" content=\"https:\/\/www.facebook.com\/nonailboxes.lux\/\" \/>\n<meta property=\"article:modified_time\" content=\"2025-09-19T06:43:57+00:00\" \/>\n<meta name=\"twitter:card\" content=\"summary_large_image\" \/>\n<script type=\"application\/ld+json\" class=\"yoast-schema-graph\">{\"@context\":\"https:\/\/schema.org\",\"@graph\":[{\"@type\":\"WebPage\",\"@id\":\"https:\/\/no-nailboxes.com\/fr\/contact\/\",\"url\":\"https:\/\/no-nailboxes.com\/fr\/contact\/\",\"name\":\"Contact fabricant caisses pliantes bois | No-Nail Boxes\",\"isPartOf\":{\"@id\":\"https:\/\/no-nailboxes.com\/en\/#website\"},\"datePublished\":\"2024-09-18T13:32:39+00:00\",\"dateModified\":\"2025-09-19T06:43:57+00:00\",\"description\":\"Contact fabricant caisses pliantes bois : adresse, t\u00e9l\u00e9phone, email pour commandes, devis et renseignements personnalis\u00e9s.\",\"breadcrumb\":{\"@id\":\"https:\/\/no-nailboxes.com\/fr\/contact\/#breadcrumb\"},\"inLanguage\":\"fr-FR\",\"potentialAction\":[{\"@type\":\"ReadAction\",\"target\":[\"https:\/\/no-nailboxes.com\/fr\/contact\/\"]}]},{\"@type\":\"BreadcrumbList\",\"@id\":\"https:\/\/no-nailboxes.com\/fr\/contact\/#breadcrumb\",\"itemListElement\":[{\"@type\":\"ListItem\",\"position\":1,\"name\":\"Home\",\"item\":\"https:\/\/no-nailboxes.com\/fr\/\"},{\"@type\":\"ListItem\",\"position\":2,\"name\":\"Contact\"}]},{\"@type\":\"WebSite\",\"@id\":\"https:\/\/no-nailboxes.com\/en\/#website\",\"url\":\"https:\/\/no-nailboxes.com\/en\/\",\"name\":\"No-Nail Boxes\",\"description\":\"\",\"publisher\":{\"@id\":\"https:\/\/no-nailboxes.com\/en\/#organization\"},\"potentialAction\":[{\"@type\":\"SearchAction\",\"target\":{\"@type\":\"EntryPoint\",\"urlTemplate\":\"https:\/\/no-nailboxes.com\/en\/?s={search_term_string}\"},\"query-input\":{\"@type\":\"PropertyValueSpecification\",\"valueRequired\":true,\"valueName\":\"search_term_string\"}}],\"inLanguage\":\"fr-FR\"},{\"@type\":\"Organization\",\"@id\":\"https:\/\/no-nailboxes.com\/en\/#organization\",\"name\":\"No-Nail Boxes\",\"url\":\"https:\/\/no-nailboxes.com\/en\/\",\"logo\":{\"@type\":\"ImageObject\",\"inLanguage\":\"fr-FR\",\"@id\":\"https:\/\/no-nailboxes.com\/en\/#\/schema\/logo\/image\/\",\"url\":\"https:\/\/no-nailboxes.com\/app\/uploads\/2024\/10\/NNB_blanc-transparent.png\",\"contentUrl\":\"https:\/\/no-nailboxes.com\/app\/uploads\/2024\/10\/NNB_blanc-transparent.png\",\"width\":250,\"height\":56,\"caption\":\"No-Nail Boxes\"},\"image\":{\"@id\":\"https:\/\/no-nailboxes.com\/en\/#\/schema\/logo\/image\/\"},\"sameAs\":[\"https:\/\/www.facebook.com\/nonailboxes.lux\/\",\"https:\/\/www.linkedin.com\/company\/no-nail-boxes\",\"https:\/\/www.instagram.com\/nonail_boxes\/\",\"https:\/\/www.youtube.com\/channel\/UCb6za2DCXJdVtR_9lpEbZOw\",\"https:\/\/vimeo.com\/nonailboxes\"]}]}<\/script>\n<!-- \/ Yoast SEO plugin. -->","yoast_head_json":{"title":"Contact fabricant caisses pliantes bois | No-Nail Boxes","description":"Contact fabricant caisses pliantes bois : adresse, t\u00e9l\u00e9phone, email pour commandes, devis et renseignements personnalis\u00e9s.","robots":{"index":"index","follow":"follow","max-snippet":"max-snippet:-1","max-image-preview":"max-image-preview:large","max-video-preview":"max-video-preview:-1"},"canonical":"https:\/\/no-nailboxes.com\/fr\/contact\/","og_locale":"fr_FR","og_type":"article","og_title":"Contact fabricant caisses pliantes bois | No-Nail Boxes","og_description":"Contact fabricant caisses pliantes bois : adresse, t\u00e9l\u00e9phone, email pour commandes, devis et renseignements personnalis\u00e9s.","og_url":"https:\/\/no-nailboxes.com\/fr\/contact\/","og_site_name":"No-Nail Boxes","article_publisher":"https:\/\/www.facebook.com\/nonailboxes.lux\/","article_modified_time":"2025-09-19T06:43:57+00:00","twitter_card":"summary_large_image","schema":{"@context":"https:\/\/schema.org","@graph":[{"@type":"WebPage","@id":"https:\/\/no-nailboxes.com\/fr\/contact\/","url":"https:\/\/no-nailboxes.com\/fr\/contact\/","name":"Contact fabricant caisses pliantes bois | No-Nail Boxes","isPartOf":{"@id":"https:\/\/no-nailboxes.com\/en\/#website"},"datePublished":"2024-09-18T13:32:39+00:00","dateModified":"2025-09-19T06:43:57+00:00","description":"Contact fabricant caisses pliantes bois : adresse, t\u00e9l\u00e9phone, email pour commandes, devis et renseignements personnalis\u00e9s.","breadcrumb":{"@id":"https:\/\/no-nailboxes.com\/fr\/contact\/#breadcrumb"},"inLanguage":"fr-FR","potentialAction":[{"@type":"ReadAction","target":["https:\/\/no-nailboxes.com\/fr\/contact\/"]}]},{"@type":"BreadcrumbList","@id":"https:\/\/no-nailboxes.com\/fr\/contact\/#breadcrumb","itemListElement":[{"@type":"ListItem","position":1,"name":"Home","item":"https:\/\/no-nailboxes.com\/fr\/"},{"@type":"ListItem","position":2,"name":"Contact"}]},{"@type":"WebSite","@id":"https:\/\/no-nailboxes.com\/en\/#website","url":"https:\/\/no-nailboxes.com\/en\/","name":"No-Nail Boxes","description":"","publisher":{"@id":"https:\/\/no-nailboxes.com\/en\/#organization"},"potentialAction":[{"@type":"SearchAction","target":{"@type":"EntryPoint","urlTemplate":"https:\/\/no-nailboxes.com\/en\/?s={search_term_string}"},"query-input":{"@type":"PropertyValueSpecification","valueRequired":true,"valueName":"search_term_string"}}],"inLanguage":"fr-FR"},{"@type":"Organization","@id":"https:\/\/no-nailboxes.com\/en\/#organization","name":"No-Nail Boxes","url":"https:\/\/no-nailboxes.com\/en\/","logo":{"@type":"ImageObject","inLanguage":"fr-FR","@id":"https:\/\/no-nailboxes.com\/en\/#\/schema\/logo\/image\/","url":"https:\/\/no-nailboxes.com\/app\/uploads\/2024\/10\/NNB_blanc-transparent.png","contentUrl":"https:\/\/no-nailboxes.com\/app\/uploads\/2024\/10\/NNB_blanc-transparent.png","width":250,"height":56,"caption":"No-Nail Boxes"},"image":{"@id":"https:\/\/no-nailboxes.com\/en\/#\/schema\/logo\/image\/"},"sameAs":["https:\/\/www.facebook.com\/nonailboxes.lux\/","https:\/\/www.linkedin.com\/company\/no-nail-boxes","https:\/\/www.instagram.com\/nonail_boxes\/","https:\/\/www.youtube.com\/channel\/UCb6za2DCXJdVtR_9lpEbZOw","https:\/\/vimeo.com\/nonailboxes"]}]}},"_links":{"self":[{"href":"https:\/\/no-nailboxes.com\/fr\/wp-json\/wp\/v2\/pages\/921","targetHints":{"allow":["GET"]}}],"collection":[{"href":"https:\/\/no-nailboxes.com\/fr\/wp-json\/wp\/v2\/pages"}],"about":[{"href":"https:\/\/no-nailboxes.com\/fr\/wp-json\/wp\/v2\/types\/page"}],"author":[{"embeddable":true,"href":"https:\/\/no-nailboxes.com\/fr\/wp-json\/wp\/v2\/users\/1"}],"replies":[{"embeddable":true,"href":"https:\/\/no-nailboxes.com\/fr\/wp-json\/wp\/v2\/comments?post=921"}],"version-history":[{"count":10,"href":"https:\/\/no-nailboxes.com\/fr\/wp-json\/wp\/v2\/pages\/921\/revisions"}],"predecessor-version":[{"id":4295,"href":"https:\/\/no-nailboxes.com\/fr\/wp-json\/wp\/v2\/pages\/921\/revisions\/4295"}],"wp:attachment":[{"href":"https:\/\/no-nailboxes.com\/fr\/wp-json\/wp\/v2\/media?parent=921"}],"curies":[{"name":"wp","href":"https:\/\/api.w.org\/{rel}","templated":true}]}}