{"id":1226,"date":"2023-10-10T09:13:07","date_gmt":"2023-10-10T09:13:07","guid":{"rendered":"https:\/\/no-nailboxes.com.eteamsys.com\/?post_type=product&#038;p=1226"},"modified":"2025-09-16T07:26:26","modified_gmt":"2025-09-16T07:26:26","slug":"ribox","status":"publish","type":"product","link":"https:\/\/no-nailboxes.com\/fr\/products\/ribox\/","title":{"rendered":"RIBOX"},"content":{"rendered":"","protected":false},"excerpt":{"rendered":"<p>La caisse pliable en bois contreplaqu\u00e9 RIBOX est \u00e9tanche gr\u00e2ce \u00e0 son fond et \u00e0 son couvercle coiffant. Elle convient pour emballer des marchandises en vrac. Elle est l\u00e9g\u00e8re, r\u00e9utilisable un grand nombre de fois, facile \u00e0 monter et \u00e0 manutentionner.<\/p>\n","protected":false},"author":6,"featured_media":1969,"comment_status":"closed","ping_status":"closed","template":"","meta":{"_acf_changed":false,"footnotes":""},"class_list":["post-1226","product","type-product","status-publish","has-post-thumbnail","hentry","product_category-caisses-reutilisables"],"acf":[],"yoast_head":"<!-- This site is optimized with the Yoast SEO plugin v26.2 - https:\/\/yoast.com\/wordpress\/plugins\/seo\/ -->\n<title>RIBOX caisse r\u00e9utilisable bois | No-Nail Boxes<\/title>\n<meta name=\"description\" content=\"RIBOX : caisse r\u00e9utilisable bois contreplaqu\u00e9, \u00e9tanche, livr\u00e9e \u00e0 plat et conforme NIMP15. Robuste et \u00e9conomique pour transport industriel.\" \/>\n<meta name=\"robots\" content=\"index, follow, max-snippet:-1, max-image-preview:large, max-video-preview:-1\" \/>\n<link rel=\"canonical\" href=\"https:\/\/no-nailboxes.com\/fr\/products\/ribox\/\" \/>\n<meta property=\"og:locale\" content=\"fr_FR\" \/>\n<meta property=\"og:type\" content=\"article\" \/>\n<meta property=\"og:title\" content=\"RIBOX caisse r\u00e9utilisable bois | No-Nail Boxes\" \/>\n<meta property=\"og:description\" content=\"RIBOX : caisse r\u00e9utilisable bois contreplaqu\u00e9, \u00e9tanche, livr\u00e9e \u00e0 plat et conforme NIMP15. Robuste et \u00e9conomique pour transport industriel.\" \/>\n<meta property=\"og:url\" content=\"https:\/\/no-nailboxes.com\/fr\/products\/ribox\/\" \/>\n<meta property=\"og:site_name\" content=\"No-Nail Boxes\" \/>\n<meta property=\"article:publisher\" content=\"https:\/\/www.facebook.com\/nonailboxes.lux\/\" \/>\n<meta property=\"article:modified_time\" content=\"2025-09-16T07:26:26+00:00\" \/>\n<meta property=\"og:image\" content=\"https:\/\/no-nailboxes.com\/app\/uploads\/2024\/10\/no-nail-boxes-ribox-vignette.png\" \/>\n\t<meta property=\"og:image:width\" content=\"660\" \/>\n\t<meta property=\"og:image:height\" content=\"660\" \/>\n\t<meta property=\"og:image:type\" content=\"image\/png\" \/>\n<meta name=\"twitter:card\" content=\"summary_large_image\" \/>\n<meta name=\"twitter:label1\" content=\"Est. reading time\" \/>\n\t<meta name=\"twitter:data1\" content=\"1 minute\" \/>\n<script type=\"application\/ld+json\" class=\"yoast-schema-graph\">{\"@context\":\"https:\/\/schema.org\",\"@graph\":[{\"@type\":\"WebPage\",\"@id\":\"https:\/\/no-nailboxes.com\/fr\/products\/ribox\/\",\"url\":\"https:\/\/no-nailboxes.com\/fr\/products\/ribox\/\",\"name\":\"RIBOX caisse r\u00e9utilisable bois | No-Nail Boxes\",\"isPartOf\":{\"@id\":\"https:\/\/no-nailboxes.com\/en\/#website\"},\"primaryImageOfPage\":{\"@id\":\"https:\/\/no-nailboxes.com\/fr\/products\/ribox\/#primaryimage\"},\"image\":{\"@id\":\"https:\/\/no-nailboxes.com\/fr\/products\/ribox\/#primaryimage\"},\"thumbnailUrl\":\"https:\/\/no-nailboxes.com\/app\/uploads\/2024\/10\/no-nail-boxes-ribox-vignette.png\",\"datePublished\":\"2023-10-10T09:13:07+00:00\",\"dateModified\":\"2025-09-16T07:26:26+00:00\",\"description\":\"RIBOX : caisse r\u00e9utilisable bois contreplaqu\u00e9, \u00e9tanche, livr\u00e9e \u00e0 plat et conforme NIMP15. Robuste et \u00e9conomique pour transport industriel.\",\"breadcrumb\":{\"@id\":\"https:\/\/no-nailboxes.com\/fr\/products\/ribox\/#breadcrumb\"},\"inLanguage\":\"fr-FR\",\"potentialAction\":[{\"@type\":\"ReadAction\",\"target\":[\"https:\/\/no-nailboxes.com\/fr\/products\/ribox\/\"]}]},{\"@type\":\"ImageObject\",\"inLanguage\":\"fr-FR\",\"@id\":\"https:\/\/no-nailboxes.com\/fr\/products\/ribox\/#primaryimage\",\"url\":\"https:\/\/no-nailboxes.com\/app\/uploads\/2024\/10\/no-nail-boxes-ribox-vignette.png\",\"contentUrl\":\"https:\/\/no-nailboxes.com\/app\/uploads\/2024\/10\/no-nail-boxes-ribox-vignette.png\",\"width\":660,\"height\":660,\"caption\":\"Caisse r\u00e9utilisable RIBOX | NO-NAIL BOXES\"},{\"@type\":\"BreadcrumbList\",\"@id\":\"https:\/\/no-nailboxes.com\/fr\/products\/ribox\/#breadcrumb\",\"itemListElement\":[{\"@type\":\"ListItem\",\"position\":1,\"name\":\"Home\",\"item\":\"https:\/\/no-nailboxes.com\/fr\/\"},{\"@type\":\"ListItem\",\"position\":2,\"name\":\"RIBOX\"}]},{\"@type\":\"WebSite\",\"@id\":\"https:\/\/no-nailboxes.com\/en\/#website\",\"url\":\"https:\/\/no-nailboxes.com\/en\/\",\"name\":\"No-Nail Boxes\",\"description\":\"\",\"publisher\":{\"@id\":\"https:\/\/no-nailboxes.com\/en\/#organization\"},\"potentialAction\":[{\"@type\":\"SearchAction\",\"target\":{\"@type\":\"EntryPoint\",\"urlTemplate\":\"https:\/\/no-nailboxes.com\/en\/?s={search_term_string}\"},\"query-input\":{\"@type\":\"PropertyValueSpecification\",\"valueRequired\":true,\"valueName\":\"search_term_string\"}}],\"inLanguage\":\"fr-FR\"},{\"@type\":\"Organization\",\"@id\":\"https:\/\/no-nailboxes.com\/en\/#organization\",\"name\":\"No-Nail Boxes\",\"url\":\"https:\/\/no-nailboxes.com\/en\/\",\"logo\":{\"@type\":\"ImageObject\",\"inLanguage\":\"fr-FR\",\"@id\":\"https:\/\/no-nailboxes.com\/en\/#\/schema\/logo\/image\/\",\"url\":\"https:\/\/no-nailboxes.com\/app\/uploads\/2024\/10\/NNB_blanc-transparent.png\",\"contentUrl\":\"https:\/\/no-nailboxes.com\/app\/uploads\/2024\/10\/NNB_blanc-transparent.png\",\"width\":250,\"height\":56,\"caption\":\"No-Nail Boxes\"},\"image\":{\"@id\":\"https:\/\/no-nailboxes.com\/en\/#\/schema\/logo\/image\/\"},\"sameAs\":[\"https:\/\/www.facebook.com\/nonailboxes.lux\/\",\"https:\/\/www.linkedin.com\/company\/no-nail-boxes\",\"https:\/\/www.instagram.com\/nonail_boxes\/\",\"https:\/\/www.youtube.com\/channel\/UCb6za2DCXJdVtR_9lpEbZOw\",\"https:\/\/vimeo.com\/nonailboxes\"]}]}<\/script>\n<!-- \/ Yoast SEO plugin. -->","yoast_head_json":{"title":"RIBOX caisse r\u00e9utilisable bois | No-Nail Boxes","description":"RIBOX : caisse r\u00e9utilisable bois contreplaqu\u00e9, \u00e9tanche, livr\u00e9e \u00e0 plat et conforme NIMP15. Robuste et \u00e9conomique pour transport industriel.","robots":{"index":"index","follow":"follow","max-snippet":"max-snippet:-1","max-image-preview":"max-image-preview:large","max-video-preview":"max-video-preview:-1"},"canonical":"https:\/\/no-nailboxes.com\/fr\/products\/ribox\/","og_locale":"fr_FR","og_type":"article","og_title":"RIBOX caisse r\u00e9utilisable bois | No-Nail Boxes","og_description":"RIBOX : caisse r\u00e9utilisable bois contreplaqu\u00e9, \u00e9tanche, livr\u00e9e \u00e0 plat et conforme NIMP15. Robuste et \u00e9conomique pour transport industriel.","og_url":"https:\/\/no-nailboxes.com\/fr\/products\/ribox\/","og_site_name":"No-Nail Boxes","article_publisher":"https:\/\/www.facebook.com\/nonailboxes.lux\/","article_modified_time":"2025-09-16T07:26:26+00:00","og_image":[{"width":660,"height":660,"url":"https:\/\/no-nailboxes.com\/app\/uploads\/2024\/10\/no-nail-boxes-ribox-vignette.png","type":"image\/png"}],"twitter_card":"summary_large_image","twitter_misc":{"Est. reading time":"1 minute"},"schema":{"@context":"https:\/\/schema.org","@graph":[{"@type":"WebPage","@id":"https:\/\/no-nailboxes.com\/fr\/products\/ribox\/","url":"https:\/\/no-nailboxes.com\/fr\/products\/ribox\/","name":"RIBOX caisse r\u00e9utilisable bois | No-Nail Boxes","isPartOf":{"@id":"https:\/\/no-nailboxes.com\/en\/#website"},"primaryImageOfPage":{"@id":"https:\/\/no-nailboxes.com\/fr\/products\/ribox\/#primaryimage"},"image":{"@id":"https:\/\/no-nailboxes.com\/fr\/products\/ribox\/#primaryimage"},"thumbnailUrl":"https:\/\/no-nailboxes.com\/app\/uploads\/2024\/10\/no-nail-boxes-ribox-vignette.png","datePublished":"2023-10-10T09:13:07+00:00","dateModified":"2025-09-16T07:26:26+00:00","description":"RIBOX : caisse r\u00e9utilisable bois contreplaqu\u00e9, \u00e9tanche, livr\u00e9e \u00e0 plat et conforme NIMP15. Robuste et \u00e9conomique pour transport industriel.","breadcrumb":{"@id":"https:\/\/no-nailboxes.com\/fr\/products\/ribox\/#breadcrumb"},"inLanguage":"fr-FR","potentialAction":[{"@type":"ReadAction","target":["https:\/\/no-nailboxes.com\/fr\/products\/ribox\/"]}]},{"@type":"ImageObject","inLanguage":"fr-FR","@id":"https:\/\/no-nailboxes.com\/fr\/products\/ribox\/#primaryimage","url":"https:\/\/no-nailboxes.com\/app\/uploads\/2024\/10\/no-nail-boxes-ribox-vignette.png","contentUrl":"https:\/\/no-nailboxes.com\/app\/uploads\/2024\/10\/no-nail-boxes-ribox-vignette.png","width":660,"height":660,"caption":"Caisse r\u00e9utilisable RIBOX | NO-NAIL BOXES"},{"@type":"BreadcrumbList","@id":"https:\/\/no-nailboxes.com\/fr\/products\/ribox\/#breadcrumb","itemListElement":[{"@type":"ListItem","position":1,"name":"Home","item":"https:\/\/no-nailboxes.com\/fr\/"},{"@type":"ListItem","position":2,"name":"RIBOX"}]},{"@type":"WebSite","@id":"https:\/\/no-nailboxes.com\/en\/#website","url":"https:\/\/no-nailboxes.com\/en\/","name":"No-Nail Boxes","description":"","publisher":{"@id":"https:\/\/no-nailboxes.com\/en\/#organization"},"potentialAction":[{"@type":"SearchAction","target":{"@type":"EntryPoint","urlTemplate":"https:\/\/no-nailboxes.com\/en\/?s={search_term_string}"},"query-input":{"@type":"PropertyValueSpecification","valueRequired":true,"valueName":"search_term_string"}}],"inLanguage":"fr-FR"},{"@type":"Organization","@id":"https:\/\/no-nailboxes.com\/en\/#organization","name":"No-Nail Boxes","url":"https:\/\/no-nailboxes.com\/en\/","logo":{"@type":"ImageObject","inLanguage":"fr-FR","@id":"https:\/\/no-nailboxes.com\/en\/#\/schema\/logo\/image\/","url":"https:\/\/no-nailboxes.com\/app\/uploads\/2024\/10\/NNB_blanc-transparent.png","contentUrl":"https:\/\/no-nailboxes.com\/app\/uploads\/2024\/10\/NNB_blanc-transparent.png","width":250,"height":56,"caption":"No-Nail Boxes"},"image":{"@id":"https:\/\/no-nailboxes.com\/en\/#\/schema\/logo\/image\/"},"sameAs":["https:\/\/www.facebook.com\/nonailboxes.lux\/","https:\/\/www.linkedin.com\/company\/no-nail-boxes","https:\/\/www.instagram.com\/nonail_boxes\/","https:\/\/www.youtube.com\/channel\/UCb6za2DCXJdVtR_9lpEbZOw","https:\/\/vimeo.com\/nonailboxes"]}]}},"_links":{"self":[{"href":"https:\/\/no-nailboxes.com\/fr\/wp-json\/wp\/v2\/product\/1226","targetHints":{"allow":["GET"]}}],"collection":[{"href":"https:\/\/no-nailboxes.com\/fr\/wp-json\/wp\/v2\/product"}],"about":[{"href":"https:\/\/no-nailboxes.com\/fr\/wp-json\/wp\/v2\/types\/product"}],"author":[{"embeddable":true,"href":"https:\/\/no-nailboxes.com\/fr\/wp-json\/wp\/v2\/users\/6"}],"replies":[{"embeddable":true,"href":"https:\/\/no-nailboxes.com\/fr\/wp-json\/wp\/v2\/comments?post=1226"}],"version-history":[{"count":19,"href":"https:\/\/no-nailboxes.com\/fr\/wp-json\/wp\/v2\/product\/1226\/revisions"}],"predecessor-version":[{"id":6825,"href":"https:\/\/no-nailboxes.com\/fr\/wp-json\/wp\/v2\/product\/1226\/revisions\/6825"}],"wp:featuredmedia":[{"embeddable":true,"href":"https:\/\/no-nailboxes.com\/fr\/wp-json\/wp\/v2\/media\/1969"}],"wp:attachment":[{"href":"https:\/\/no-nailboxes.com\/fr\/wp-json\/wp\/v2\/media?parent=1226"}],"curies":[{"name":"wp","href":"https:\/\/api.w.org\/{rel}","templated":true}]}}