{"id":1232,"date":"2024-08-13T06:33:34","date_gmt":"2024-08-13T06:33:34","guid":{"rendered":"https:\/\/no-nailboxes.com.eteamsys.com\/products\/eurobox\/"},"modified":"2025-09-16T07:03:09","modified_gmt":"2025-09-16T07:03:09","slug":"eurobox","status":"publish","type":"product","link":"https:\/\/no-nailboxes.com\/fr\/products\/eurobox\/","title":{"rendered":"EUROBOX"},"content":{"rendered":"","protected":false},"excerpt":{"rendered":"<p>Sp\u00e9cialement con\u00e7ue pour \u00eatre utilis\u00e9e avec des euro palettes, l&#8217;EUROBOX est la solution id\u00e9ale pour les entreprises \u00e0 la recherche d&#8217;une caisse r\u00e9utilisable, durable et pratique. <\/p>\n","protected":false},"author":1,"featured_media":6046,"comment_status":"closed","ping_status":"closed","template":"","meta":{"_acf_changed":false,"footnotes":""},"class_list":["post-1232","product","type-product","status-publish","has-post-thumbnail","hentry","product_category-caisses-reutilisables"],"acf":[],"yoast_head":"<!-- This site is optimized with the Yoast SEO plugin v26.2 - https:\/\/yoast.com\/wordpress\/plugins\/seo\/ -->\n<title>EUROBOX caisse r\u00e9utilisable bois | No-Nail Boxes<\/title>\n<meta name=\"description\" content=\"EUROBOX : caisse r\u00e9utilisable bois, transformez palettes Euro en caisse pratique. Modulable, l\u00e9g\u00e8re, mont\u00e9e en &lt;1 min, conforme NIMP15.\" \/>\n<meta name=\"robots\" content=\"index, follow, max-snippet:-1, max-image-preview:large, max-video-preview:-1\" \/>\n<link rel=\"canonical\" href=\"https:\/\/no-nailboxes.com\/fr\/products\/eurobox\/\" \/>\n<meta property=\"og:locale\" content=\"fr_FR\" \/>\n<meta property=\"og:type\" content=\"article\" \/>\n<meta property=\"og:title\" content=\"EUROBOX caisse r\u00e9utilisable bois | No-Nail Boxes\" \/>\n<meta property=\"og:description\" content=\"EUROBOX : caisse r\u00e9utilisable bois, transformez palettes Euro en caisse pratique. Modulable, l\u00e9g\u00e8re, mont\u00e9e en &lt;1 min, conforme NIMP15.\" \/>\n<meta property=\"og:url\" content=\"https:\/\/no-nailboxes.com\/fr\/products\/eurobox\/\" \/>\n<meta property=\"og:site_name\" content=\"No-Nail Boxes\" \/>\n<meta property=\"article:publisher\" content=\"https:\/\/www.facebook.com\/nonailboxes.lux\/\" \/>\n<meta property=\"article:modified_time\" content=\"2025-09-16T07:03:09+00:00\" \/>\n<meta property=\"og:image\" content=\"https:\/\/no-nailboxes.com\/app\/uploads\/2025\/04\/eurobox_developpe-768x1024.png\" \/>\n\t<meta property=\"og:image:width\" content=\"768\" \/>\n\t<meta property=\"og:image:height\" content=\"1024\" \/>\n\t<meta property=\"og:image:type\" content=\"image\/png\" \/>\n<meta name=\"twitter:card\" content=\"summary_large_image\" \/>\n<meta name=\"twitter:label1\" content=\"Est. reading time\" \/>\n\t<meta name=\"twitter:data1\" content=\"1 minute\" \/>\n<script type=\"application\/ld+json\" class=\"yoast-schema-graph\">{\"@context\":\"https:\/\/schema.org\",\"@graph\":[{\"@type\":\"WebPage\",\"@id\":\"https:\/\/no-nailboxes.com\/fr\/products\/eurobox\/\",\"url\":\"https:\/\/no-nailboxes.com\/fr\/products\/eurobox\/\",\"name\":\"EUROBOX caisse r\u00e9utilisable bois | No-Nail Boxes\",\"isPartOf\":{\"@id\":\"https:\/\/no-nailboxes.com\/en\/#website\"},\"primaryImageOfPage\":{\"@id\":\"https:\/\/no-nailboxes.com\/fr\/products\/eurobox\/#primaryimage\"},\"image\":{\"@id\":\"https:\/\/no-nailboxes.com\/fr\/products\/eurobox\/#primaryimage\"},\"thumbnailUrl\":\"https:\/\/no-nailboxes.com\/app\/uploads\/2025\/04\/eurobox_developpe.png\",\"datePublished\":\"2024-08-13T06:33:34+00:00\",\"dateModified\":\"2025-09-16T07:03:09+00:00\",\"description\":\"EUROBOX : caisse r\u00e9utilisable bois, transformez palettes Euro en caisse pratique. Modulable, l\u00e9g\u00e8re, mont\u00e9e en &lt;1 min, conforme NIMP15.\",\"breadcrumb\":{\"@id\":\"https:\/\/no-nailboxes.com\/fr\/products\/eurobox\/#breadcrumb\"},\"inLanguage\":\"fr-FR\",\"potentialAction\":[{\"@type\":\"ReadAction\",\"target\":[\"https:\/\/no-nailboxes.com\/fr\/products\/eurobox\/\"]}]},{\"@type\":\"ImageObject\",\"inLanguage\":\"fr-FR\",\"@id\":\"https:\/\/no-nailboxes.com\/fr\/products\/eurobox\/#primaryimage\",\"url\":\"https:\/\/no-nailboxes.com\/app\/uploads\/2025\/04\/eurobox_developpe.png\",\"contentUrl\":\"https:\/\/no-nailboxes.com\/app\/uploads\/2025\/04\/eurobox_developpe.png\",\"width\":4254,\"height\":5672},{\"@type\":\"BreadcrumbList\",\"@id\":\"https:\/\/no-nailboxes.com\/fr\/products\/eurobox\/#breadcrumb\",\"itemListElement\":[{\"@type\":\"ListItem\",\"position\":1,\"name\":\"Home\",\"item\":\"https:\/\/no-nailboxes.com\/fr\/\"},{\"@type\":\"ListItem\",\"position\":2,\"name\":\"EUROBOX\"}]},{\"@type\":\"WebSite\",\"@id\":\"https:\/\/no-nailboxes.com\/en\/#website\",\"url\":\"https:\/\/no-nailboxes.com\/en\/\",\"name\":\"No-Nail Boxes\",\"description\":\"\",\"publisher\":{\"@id\":\"https:\/\/no-nailboxes.com\/en\/#organization\"},\"potentialAction\":[{\"@type\":\"SearchAction\",\"target\":{\"@type\":\"EntryPoint\",\"urlTemplate\":\"https:\/\/no-nailboxes.com\/en\/?s={search_term_string}\"},\"query-input\":{\"@type\":\"PropertyValueSpecification\",\"valueRequired\":true,\"valueName\":\"search_term_string\"}}],\"inLanguage\":\"fr-FR\"},{\"@type\":\"Organization\",\"@id\":\"https:\/\/no-nailboxes.com\/en\/#organization\",\"name\":\"No-Nail Boxes\",\"url\":\"https:\/\/no-nailboxes.com\/en\/\",\"logo\":{\"@type\":\"ImageObject\",\"inLanguage\":\"fr-FR\",\"@id\":\"https:\/\/no-nailboxes.com\/en\/#\/schema\/logo\/image\/\",\"url\":\"https:\/\/no-nailboxes.com\/app\/uploads\/2024\/10\/NNB_blanc-transparent.png\",\"contentUrl\":\"https:\/\/no-nailboxes.com\/app\/uploads\/2024\/10\/NNB_blanc-transparent.png\",\"width\":250,\"height\":56,\"caption\":\"No-Nail Boxes\"},\"image\":{\"@id\":\"https:\/\/no-nailboxes.com\/en\/#\/schema\/logo\/image\/\"},\"sameAs\":[\"https:\/\/www.facebook.com\/nonailboxes.lux\/\",\"https:\/\/www.linkedin.com\/company\/no-nail-boxes\",\"https:\/\/www.instagram.com\/nonail_boxes\/\",\"https:\/\/www.youtube.com\/channel\/UCb6za2DCXJdVtR_9lpEbZOw\",\"https:\/\/vimeo.com\/nonailboxes\"]}]}<\/script>\n<!-- \/ Yoast SEO plugin. -->","yoast_head_json":{"title":"EUROBOX caisse r\u00e9utilisable bois | No-Nail Boxes","description":"EUROBOX : caisse r\u00e9utilisable bois, transformez palettes Euro en caisse pratique. Modulable, l\u00e9g\u00e8re, mont\u00e9e en &lt;1 min, conforme NIMP15.","robots":{"index":"index","follow":"follow","max-snippet":"max-snippet:-1","max-image-preview":"max-image-preview:large","max-video-preview":"max-video-preview:-1"},"canonical":"https:\/\/no-nailboxes.com\/fr\/products\/eurobox\/","og_locale":"fr_FR","og_type":"article","og_title":"EUROBOX caisse r\u00e9utilisable bois | No-Nail Boxes","og_description":"EUROBOX : caisse r\u00e9utilisable bois, transformez palettes Euro en caisse pratique. Modulable, l\u00e9g\u00e8re, mont\u00e9e en &lt;1 min, conforme NIMP15.","og_url":"https:\/\/no-nailboxes.com\/fr\/products\/eurobox\/","og_site_name":"No-Nail Boxes","article_publisher":"https:\/\/www.facebook.com\/nonailboxes.lux\/","article_modified_time":"2025-09-16T07:03:09+00:00","og_image":[{"width":768,"height":1024,"url":"https:\/\/no-nailboxes.com\/app\/uploads\/2025\/04\/eurobox_developpe-768x1024.png","type":"image\/png"}],"twitter_card":"summary_large_image","twitter_misc":{"Est. reading time":"1 minute"},"schema":{"@context":"https:\/\/schema.org","@graph":[{"@type":"WebPage","@id":"https:\/\/no-nailboxes.com\/fr\/products\/eurobox\/","url":"https:\/\/no-nailboxes.com\/fr\/products\/eurobox\/","name":"EUROBOX caisse r\u00e9utilisable bois | No-Nail Boxes","isPartOf":{"@id":"https:\/\/no-nailboxes.com\/en\/#website"},"primaryImageOfPage":{"@id":"https:\/\/no-nailboxes.com\/fr\/products\/eurobox\/#primaryimage"},"image":{"@id":"https:\/\/no-nailboxes.com\/fr\/products\/eurobox\/#primaryimage"},"thumbnailUrl":"https:\/\/no-nailboxes.com\/app\/uploads\/2025\/04\/eurobox_developpe.png","datePublished":"2024-08-13T06:33:34+00:00","dateModified":"2025-09-16T07:03:09+00:00","description":"EUROBOX : caisse r\u00e9utilisable bois, transformez palettes Euro en caisse pratique. Modulable, l\u00e9g\u00e8re, mont\u00e9e en &lt;1 min, conforme NIMP15.","breadcrumb":{"@id":"https:\/\/no-nailboxes.com\/fr\/products\/eurobox\/#breadcrumb"},"inLanguage":"fr-FR","potentialAction":[{"@type":"ReadAction","target":["https:\/\/no-nailboxes.com\/fr\/products\/eurobox\/"]}]},{"@type":"ImageObject","inLanguage":"fr-FR","@id":"https:\/\/no-nailboxes.com\/fr\/products\/eurobox\/#primaryimage","url":"https:\/\/no-nailboxes.com\/app\/uploads\/2025\/04\/eurobox_developpe.png","contentUrl":"https:\/\/no-nailboxes.com\/app\/uploads\/2025\/04\/eurobox_developpe.png","width":4254,"height":5672},{"@type":"BreadcrumbList","@id":"https:\/\/no-nailboxes.com\/fr\/products\/eurobox\/#breadcrumb","itemListElement":[{"@type":"ListItem","position":1,"name":"Home","item":"https:\/\/no-nailboxes.com\/fr\/"},{"@type":"ListItem","position":2,"name":"EUROBOX"}]},{"@type":"WebSite","@id":"https:\/\/no-nailboxes.com\/en\/#website","url":"https:\/\/no-nailboxes.com\/en\/","name":"No-Nail Boxes","description":"","publisher":{"@id":"https:\/\/no-nailboxes.com\/en\/#organization"},"potentialAction":[{"@type":"SearchAction","target":{"@type":"EntryPoint","urlTemplate":"https:\/\/no-nailboxes.com\/en\/?s={search_term_string}"},"query-input":{"@type":"PropertyValueSpecification","valueRequired":true,"valueName":"search_term_string"}}],"inLanguage":"fr-FR"},{"@type":"Organization","@id":"https:\/\/no-nailboxes.com\/en\/#organization","name":"No-Nail Boxes","url":"https:\/\/no-nailboxes.com\/en\/","logo":{"@type":"ImageObject","inLanguage":"fr-FR","@id":"https:\/\/no-nailboxes.com\/en\/#\/schema\/logo\/image\/","url":"https:\/\/no-nailboxes.com\/app\/uploads\/2024\/10\/NNB_blanc-transparent.png","contentUrl":"https:\/\/no-nailboxes.com\/app\/uploads\/2024\/10\/NNB_blanc-transparent.png","width":250,"height":56,"caption":"No-Nail Boxes"},"image":{"@id":"https:\/\/no-nailboxes.com\/en\/#\/schema\/logo\/image\/"},"sameAs":["https:\/\/www.facebook.com\/nonailboxes.lux\/","https:\/\/www.linkedin.com\/company\/no-nail-boxes","https:\/\/www.instagram.com\/nonail_boxes\/","https:\/\/www.youtube.com\/channel\/UCb6za2DCXJdVtR_9lpEbZOw","https:\/\/vimeo.com\/nonailboxes"]}]}},"_links":{"self":[{"href":"https:\/\/no-nailboxes.com\/fr\/wp-json\/wp\/v2\/product\/1232","targetHints":{"allow":["GET"]}}],"collection":[{"href":"https:\/\/no-nailboxes.com\/fr\/wp-json\/wp\/v2\/product"}],"about":[{"href":"https:\/\/no-nailboxes.com\/fr\/wp-json\/wp\/v2\/types\/product"}],"author":[{"embeddable":true,"href":"https:\/\/no-nailboxes.com\/fr\/wp-json\/wp\/v2\/users\/1"}],"replies":[{"embeddable":true,"href":"https:\/\/no-nailboxes.com\/fr\/wp-json\/wp\/v2\/comments?post=1232"}],"version-history":[{"count":14,"href":"https:\/\/no-nailboxes.com\/fr\/wp-json\/wp\/v2\/product\/1232\/revisions"}],"predecessor-version":[{"id":6806,"href":"https:\/\/no-nailboxes.com\/fr\/wp-json\/wp\/v2\/product\/1232\/revisions\/6806"}],"wp:featuredmedia":[{"embeddable":true,"href":"https:\/\/no-nailboxes.com\/fr\/wp-json\/wp\/v2\/media\/6046"}],"wp:attachment":[{"href":"https:\/\/no-nailboxes.com\/fr\/wp-json\/wp\/v2\/media?parent=1232"}],"curies":[{"name":"wp","href":"https:\/\/api.w.org\/{rel}","templated":true}]}}