{"id":1233,"date":"2024-08-13T06:34:11","date_gmt":"2024-08-13T06:34:11","guid":{"rendered":"https:\/\/no-nailboxes.com.eteamsys.com\/products\/exbox-dg\/"},"modified":"2025-09-16T08:02:51","modified_gmt":"2025-09-16T08:02:51","slug":"exbox-dg","status":"publish","type":"product","link":"https:\/\/no-nailboxes.com\/fr\/products\/exbox-dg\/","title":{"rendered":"EXBOX DG"},"content":{"rendered":"","protected":false},"excerpt":{"rendered":"<p>Les caisses pliantes en bois contreplaqu\u00e9 homologu\u00e9es EXBOX DG subissent les tests les plus s\u00e9v\u00e8res lors de leur homologation par un institut agr\u00e9\u00e9. <\/p>\n","protected":false},"author":1,"featured_media":1957,"comment_status":"closed","ping_status":"closed","template":"","meta":{"_acf_changed":false,"footnotes":""},"class_list":["post-1233","product","type-product","status-publish","has-post-thumbnail","hentry","product_category-caisses-pour-produits-dangereux"],"acf":[],"yoast_head":"<!-- This site is optimized with the Yoast SEO plugin v26.2 - https:\/\/yoast.com\/wordpress\/plugins\/seo\/ -->\n<title>EXBOX DG caisse produits dangereux bois | No-Nail Boxes<\/title>\n<meta name=\"description\" content=\"EXBOX DG caisse produits dangereux bois : homologu\u00e9e pour classes 2-9, stockage \u00e0 plat, conforme NIMP15 &amp; transports air, mer, terre.\" \/>\n<meta name=\"robots\" content=\"index, follow, max-snippet:-1, max-image-preview:large, max-video-preview:-1\" \/>\n<link rel=\"canonical\" href=\"https:\/\/no-nailboxes.com\/fr\/products\/exbox-dg\/\" \/>\n<meta property=\"og:locale\" content=\"fr_FR\" \/>\n<meta property=\"og:type\" content=\"article\" \/>\n<meta property=\"og:title\" content=\"EXBOX DG caisse produits dangereux bois | No-Nail Boxes\" \/>\n<meta property=\"og:description\" content=\"EXBOX DG caisse produits dangereux bois : homologu\u00e9e pour classes 2-9, stockage \u00e0 plat, conforme NIMP15 &amp; transports air, mer, terre.\" \/>\n<meta property=\"og:url\" content=\"https:\/\/no-nailboxes.com\/fr\/products\/exbox-dg\/\" \/>\n<meta property=\"og:site_name\" content=\"No-Nail Boxes\" \/>\n<meta property=\"article:publisher\" content=\"https:\/\/www.facebook.com\/nonailboxes.lux\/\" \/>\n<meta property=\"article:modified_time\" content=\"2025-09-16T08:02:51+00:00\" \/>\n<meta property=\"og:image\" content=\"https:\/\/no-nailboxes.com\/app\/uploads\/2024\/10\/no-nail-boxes-exbox-dg-vignette.png\" \/>\n\t<meta property=\"og:image:width\" content=\"620\" \/>\n\t<meta property=\"og:image:height\" content=\"620\" \/>\n\t<meta property=\"og:image:type\" content=\"image\/png\" \/>\n<meta name=\"twitter:card\" content=\"summary_large_image\" \/>\n<meta name=\"twitter:label1\" content=\"Est. reading time\" \/>\n\t<meta name=\"twitter:data1\" content=\"1 minute\" \/>\n<script type=\"application\/ld+json\" class=\"yoast-schema-graph\">{\"@context\":\"https:\/\/schema.org\",\"@graph\":[{\"@type\":\"WebPage\",\"@id\":\"https:\/\/no-nailboxes.com\/fr\/products\/exbox-dg\/\",\"url\":\"https:\/\/no-nailboxes.com\/fr\/products\/exbox-dg\/\",\"name\":\"EXBOX DG caisse produits dangereux bois | No-Nail Boxes\",\"isPartOf\":{\"@id\":\"https:\/\/no-nailboxes.com\/en\/#website\"},\"primaryImageOfPage\":{\"@id\":\"https:\/\/no-nailboxes.com\/fr\/products\/exbox-dg\/#primaryimage\"},\"image\":{\"@id\":\"https:\/\/no-nailboxes.com\/fr\/products\/exbox-dg\/#primaryimage\"},\"thumbnailUrl\":\"https:\/\/no-nailboxes.com\/app\/uploads\/2024\/10\/no-nail-boxes-exbox-dg-vignette.png\",\"datePublished\":\"2024-08-13T06:34:11+00:00\",\"dateModified\":\"2025-09-16T08:02:51+00:00\",\"description\":\"EXBOX DG caisse produits dangereux bois : homologu\u00e9e pour classes 2-9, stockage \u00e0 plat, conforme NIMP15 & transports air, mer, terre.\",\"breadcrumb\":{\"@id\":\"https:\/\/no-nailboxes.com\/fr\/products\/exbox-dg\/#breadcrumb\"},\"inLanguage\":\"fr-FR\",\"potentialAction\":[{\"@type\":\"ReadAction\",\"target\":[\"https:\/\/no-nailboxes.com\/fr\/products\/exbox-dg\/\"]}]},{\"@type\":\"ImageObject\",\"inLanguage\":\"fr-FR\",\"@id\":\"https:\/\/no-nailboxes.com\/fr\/products\/exbox-dg\/#primaryimage\",\"url\":\"https:\/\/no-nailboxes.com\/app\/uploads\/2024\/10\/no-nail-boxes-exbox-dg-vignette.png\",\"contentUrl\":\"https:\/\/no-nailboxes.com\/app\/uploads\/2024\/10\/no-nail-boxes-exbox-dg-vignette.png\",\"width\":620,\"height\":620,\"caption\":\"Caisse UN EXBOXDG | NO-NAIL BOXES\"},{\"@type\":\"BreadcrumbList\",\"@id\":\"https:\/\/no-nailboxes.com\/fr\/products\/exbox-dg\/#breadcrumb\",\"itemListElement\":[{\"@type\":\"ListItem\",\"position\":1,\"name\":\"Home\",\"item\":\"https:\/\/no-nailboxes.com\/fr\/\"},{\"@type\":\"ListItem\",\"position\":2,\"name\":\"EXBOX DG\"}]},{\"@type\":\"WebSite\",\"@id\":\"https:\/\/no-nailboxes.com\/en\/#website\",\"url\":\"https:\/\/no-nailboxes.com\/en\/\",\"name\":\"No-Nail Boxes\",\"description\":\"\",\"publisher\":{\"@id\":\"https:\/\/no-nailboxes.com\/en\/#organization\"},\"potentialAction\":[{\"@type\":\"SearchAction\",\"target\":{\"@type\":\"EntryPoint\",\"urlTemplate\":\"https:\/\/no-nailboxes.com\/en\/?s={search_term_string}\"},\"query-input\":{\"@type\":\"PropertyValueSpecification\",\"valueRequired\":true,\"valueName\":\"search_term_string\"}}],\"inLanguage\":\"fr-FR\"},{\"@type\":\"Organization\",\"@id\":\"https:\/\/no-nailboxes.com\/en\/#organization\",\"name\":\"No-Nail Boxes\",\"url\":\"https:\/\/no-nailboxes.com\/en\/\",\"logo\":{\"@type\":\"ImageObject\",\"inLanguage\":\"fr-FR\",\"@id\":\"https:\/\/no-nailboxes.com\/en\/#\/schema\/logo\/image\/\",\"url\":\"https:\/\/no-nailboxes.com\/app\/uploads\/2024\/10\/NNB_blanc-transparent.png\",\"contentUrl\":\"https:\/\/no-nailboxes.com\/app\/uploads\/2024\/10\/NNB_blanc-transparent.png\",\"width\":250,\"height\":56,\"caption\":\"No-Nail Boxes\"},\"image\":{\"@id\":\"https:\/\/no-nailboxes.com\/en\/#\/schema\/logo\/image\/\"},\"sameAs\":[\"https:\/\/www.facebook.com\/nonailboxes.lux\/\",\"https:\/\/www.linkedin.com\/company\/no-nail-boxes\",\"https:\/\/www.instagram.com\/nonail_boxes\/\",\"https:\/\/www.youtube.com\/channel\/UCb6za2DCXJdVtR_9lpEbZOw\",\"https:\/\/vimeo.com\/nonailboxes\"]}]}<\/script>\n<!-- \/ Yoast SEO plugin. -->","yoast_head_json":{"title":"EXBOX DG caisse produits dangereux bois | No-Nail Boxes","description":"EXBOX DG caisse produits dangereux bois : homologu\u00e9e pour classes 2-9, stockage \u00e0 plat, conforme NIMP15 & transports air, mer, terre.","robots":{"index":"index","follow":"follow","max-snippet":"max-snippet:-1","max-image-preview":"max-image-preview:large","max-video-preview":"max-video-preview:-1"},"canonical":"https:\/\/no-nailboxes.com\/fr\/products\/exbox-dg\/","og_locale":"fr_FR","og_type":"article","og_title":"EXBOX DG caisse produits dangereux bois | No-Nail Boxes","og_description":"EXBOX DG caisse produits dangereux bois : homologu\u00e9e pour classes 2-9, stockage \u00e0 plat, conforme NIMP15 & transports air, mer, terre.","og_url":"https:\/\/no-nailboxes.com\/fr\/products\/exbox-dg\/","og_site_name":"No-Nail Boxes","article_publisher":"https:\/\/www.facebook.com\/nonailboxes.lux\/","article_modified_time":"2025-09-16T08:02:51+00:00","og_image":[{"width":620,"height":620,"url":"https:\/\/no-nailboxes.com\/app\/uploads\/2024\/10\/no-nail-boxes-exbox-dg-vignette.png","type":"image\/png"}],"twitter_card":"summary_large_image","twitter_misc":{"Est. reading time":"1 minute"},"schema":{"@context":"https:\/\/schema.org","@graph":[{"@type":"WebPage","@id":"https:\/\/no-nailboxes.com\/fr\/products\/exbox-dg\/","url":"https:\/\/no-nailboxes.com\/fr\/products\/exbox-dg\/","name":"EXBOX DG caisse produits dangereux bois | No-Nail Boxes","isPartOf":{"@id":"https:\/\/no-nailboxes.com\/en\/#website"},"primaryImageOfPage":{"@id":"https:\/\/no-nailboxes.com\/fr\/products\/exbox-dg\/#primaryimage"},"image":{"@id":"https:\/\/no-nailboxes.com\/fr\/products\/exbox-dg\/#primaryimage"},"thumbnailUrl":"https:\/\/no-nailboxes.com\/app\/uploads\/2024\/10\/no-nail-boxes-exbox-dg-vignette.png","datePublished":"2024-08-13T06:34:11+00:00","dateModified":"2025-09-16T08:02:51+00:00","description":"EXBOX DG caisse produits dangereux bois : homologu\u00e9e pour classes 2-9, stockage \u00e0 plat, conforme NIMP15 & transports air, mer, terre.","breadcrumb":{"@id":"https:\/\/no-nailboxes.com\/fr\/products\/exbox-dg\/#breadcrumb"},"inLanguage":"fr-FR","potentialAction":[{"@type":"ReadAction","target":["https:\/\/no-nailboxes.com\/fr\/products\/exbox-dg\/"]}]},{"@type":"ImageObject","inLanguage":"fr-FR","@id":"https:\/\/no-nailboxes.com\/fr\/products\/exbox-dg\/#primaryimage","url":"https:\/\/no-nailboxes.com\/app\/uploads\/2024\/10\/no-nail-boxes-exbox-dg-vignette.png","contentUrl":"https:\/\/no-nailboxes.com\/app\/uploads\/2024\/10\/no-nail-boxes-exbox-dg-vignette.png","width":620,"height":620,"caption":"Caisse UN EXBOXDG | NO-NAIL BOXES"},{"@type":"BreadcrumbList","@id":"https:\/\/no-nailboxes.com\/fr\/products\/exbox-dg\/#breadcrumb","itemListElement":[{"@type":"ListItem","position":1,"name":"Home","item":"https:\/\/no-nailboxes.com\/fr\/"},{"@type":"ListItem","position":2,"name":"EXBOX DG"}]},{"@type":"WebSite","@id":"https:\/\/no-nailboxes.com\/en\/#website","url":"https:\/\/no-nailboxes.com\/en\/","name":"No-Nail Boxes","description":"","publisher":{"@id":"https:\/\/no-nailboxes.com\/en\/#organization"},"potentialAction":[{"@type":"SearchAction","target":{"@type":"EntryPoint","urlTemplate":"https:\/\/no-nailboxes.com\/en\/?s={search_term_string}"},"query-input":{"@type":"PropertyValueSpecification","valueRequired":true,"valueName":"search_term_string"}}],"inLanguage":"fr-FR"},{"@type":"Organization","@id":"https:\/\/no-nailboxes.com\/en\/#organization","name":"No-Nail Boxes","url":"https:\/\/no-nailboxes.com\/en\/","logo":{"@type":"ImageObject","inLanguage":"fr-FR","@id":"https:\/\/no-nailboxes.com\/en\/#\/schema\/logo\/image\/","url":"https:\/\/no-nailboxes.com\/app\/uploads\/2024\/10\/NNB_blanc-transparent.png","contentUrl":"https:\/\/no-nailboxes.com\/app\/uploads\/2024\/10\/NNB_blanc-transparent.png","width":250,"height":56,"caption":"No-Nail Boxes"},"image":{"@id":"https:\/\/no-nailboxes.com\/en\/#\/schema\/logo\/image\/"},"sameAs":["https:\/\/www.facebook.com\/nonailboxes.lux\/","https:\/\/www.linkedin.com\/company\/no-nail-boxes","https:\/\/www.instagram.com\/nonail_boxes\/","https:\/\/www.youtube.com\/channel\/UCb6za2DCXJdVtR_9lpEbZOw","https:\/\/vimeo.com\/nonailboxes"]}]}},"_links":{"self":[{"href":"https:\/\/no-nailboxes.com\/fr\/wp-json\/wp\/v2\/product\/1233","targetHints":{"allow":["GET"]}}],"collection":[{"href":"https:\/\/no-nailboxes.com\/fr\/wp-json\/wp\/v2\/product"}],"about":[{"href":"https:\/\/no-nailboxes.com\/fr\/wp-json\/wp\/v2\/types\/product"}],"author":[{"embeddable":true,"href":"https:\/\/no-nailboxes.com\/fr\/wp-json\/wp\/v2\/users\/1"}],"replies":[{"embeddable":true,"href":"https:\/\/no-nailboxes.com\/fr\/wp-json\/wp\/v2\/comments?post=1233"}],"version-history":[{"count":8,"href":"https:\/\/no-nailboxes.com\/fr\/wp-json\/wp\/v2\/product\/1233\/revisions"}],"predecessor-version":[{"id":4719,"href":"https:\/\/no-nailboxes.com\/fr\/wp-json\/wp\/v2\/product\/1233\/revisions\/4719"}],"wp:featuredmedia":[{"embeddable":true,"href":"https:\/\/no-nailboxes.com\/fr\/wp-json\/wp\/v2\/media\/1957"}],"wp:attachment":[{"href":"https:\/\/no-nailboxes.com\/fr\/wp-json\/wp\/v2\/media?parent=1233"}],"curies":[{"name":"wp","href":"https:\/\/api.w.org\/{rel}","templated":true}]}}