{"id":6719,"date":"2025-09-23T08:57:51","date_gmt":"2025-09-23T08:57:51","guid":{"rendered":"https:\/\/no-nailboxes.com\/?post_type=product&#038;p=6719"},"modified":"2025-09-23T08:59:26","modified_gmt":"2025-09-23T08:59:26","slug":"isibox-67","status":"publish","type":"product","link":"https:\/\/no-nailboxes.com\/fr\/products\/isibox-67\/","title":{"rendered":"ISIBOX 67"},"content":{"rendered":"","protected":false},"excerpt":{"rendered":"<p>Dot\u00e9e de languettes en acier robustes, l&#8217;ISIBOX 66 assure une fermeture s\u00e9curis\u00e9e et une protection optimale de vos produits pendant le transport. Enti\u00e8rement pliable \u00e0 plat, elle r\u00e9duit l&#8217;espace de stockage jusqu&#8217;\u00e0 85 % lorsqu&#8217;elle n&#8217;est pas en cours d&#8217;utilisation.<\/p>\n","protected":false},"author":7,"featured_media":6896,"comment_status":"closed","ping_status":"closed","template":"","meta":{"_acf_changed":false,"footnotes":""},"class_list":["post-6719","product","type-product","status-publish","has-post-thumbnail","hentry","product_category-caisses-a-usage-unique"],"acf":[],"yoast_head":"<!-- This site is optimized with the Yoast SEO plugin v26.2 - https:\/\/yoast.com\/wordpress\/plugins\/seo\/ -->\n<title>Caisses en bois \u00e0 usage unique : ISIBOX 67 | NO-NAIL BOXES<\/title>\n<meta name=\"description\" content=\"La caisse ISIBOX 67 est tr\u00e8s r\u00e9sistante aux chutes, au gerbage et aux conditions de transport difficiles. Elle est l\u00e9g\u00e8re, facile \u00e0 monter et \u00e0 manutentionner. Comme toutes nos caisses pliantes en bois contreplaqu\u00e9, elle est recyclable ais\u00e9ment.\" \/>\n<meta name=\"robots\" content=\"index, follow, max-snippet:-1, max-image-preview:large, max-video-preview:-1\" \/>\n<link rel=\"canonical\" href=\"https:\/\/no-nailboxes.com\/fr\/products\/isibox-67\/\" \/>\n<meta property=\"og:locale\" content=\"fr_FR\" \/>\n<meta property=\"og:type\" content=\"article\" \/>\n<meta property=\"og:title\" content=\"Caisses en bois \u00e0 usage unique : ISIBOX 67 | NO-NAIL BOXES\" \/>\n<meta property=\"og:description\" content=\"La caisse ISIBOX 67 est tr\u00e8s r\u00e9sistante aux chutes, au gerbage et aux conditions de transport difficiles. Elle est l\u00e9g\u00e8re, facile \u00e0 monter et \u00e0 manutentionner. Comme toutes nos caisses pliantes en bois contreplaqu\u00e9, elle est recyclable ais\u00e9ment.\" \/>\n<meta property=\"og:url\" content=\"https:\/\/no-nailboxes.com\/fr\/products\/isibox-67\/\" \/>\n<meta property=\"og:site_name\" content=\"No-Nail Boxes\" \/>\n<meta property=\"article:publisher\" content=\"https:\/\/www.facebook.com\/nonailboxes.lux\/\" \/>\n<meta property=\"article:modified_time\" content=\"2025-09-23T08:59:26+00:00\" \/>\n<meta property=\"og:image\" content=\"https:\/\/no-nailboxes.com\/app\/uploads\/2025\/09\/Isi-67-face-sans-arriere-plan-scaled.png\" \/>\n\t<meta property=\"og:image:width\" content=\"2560\" \/>\n\t<meta property=\"og:image:height\" content=\"1707\" \/>\n\t<meta property=\"og:image:type\" content=\"image\/png\" \/>\n<meta name=\"twitter:card\" content=\"summary_large_image\" \/>\n<meta name=\"twitter:label1\" content=\"Est. reading time\" \/>\n\t<meta name=\"twitter:data1\" content=\"1 minute\" \/>\n<script type=\"application\/ld+json\" class=\"yoast-schema-graph\">{\"@context\":\"https:\/\/schema.org\",\"@graph\":[{\"@type\":\"WebPage\",\"@id\":\"https:\/\/no-nailboxes.com\/fr\/products\/isibox-67\/\",\"url\":\"https:\/\/no-nailboxes.com\/fr\/products\/isibox-67\/\",\"name\":\"Caisses en bois \u00e0 usage unique : ISIBOX 67 | NO-NAIL BOXES\",\"isPartOf\":{\"@id\":\"https:\/\/no-nailboxes.com\/en\/#website\"},\"primaryImageOfPage\":{\"@id\":\"https:\/\/no-nailboxes.com\/fr\/products\/isibox-67\/#primaryimage\"},\"image\":{\"@id\":\"https:\/\/no-nailboxes.com\/fr\/products\/isibox-67\/#primaryimage\"},\"thumbnailUrl\":\"https:\/\/no-nailboxes.com\/app\/uploads\/2025\/09\/Isi-67-face-sans-arriere-plan-scaled.png\",\"datePublished\":\"2025-09-23T08:57:51+00:00\",\"dateModified\":\"2025-09-23T08:59:26+00:00\",\"description\":\"La caisse ISIBOX 67 est tr\u00e8s r\u00e9sistante aux chutes, au gerbage et aux conditions de transport difficiles. Elle est l\u00e9g\u00e8re, facile \u00e0 monter et \u00e0 manutentionner. Comme toutes nos caisses pliantes en bois contreplaqu\u00e9, elle est recyclable ais\u00e9ment.\",\"breadcrumb\":{\"@id\":\"https:\/\/no-nailboxes.com\/fr\/products\/isibox-67\/#breadcrumb\"},\"inLanguage\":\"fr-FR\",\"potentialAction\":[{\"@type\":\"ReadAction\",\"target\":[\"https:\/\/no-nailboxes.com\/fr\/products\/isibox-67\/\"]}]},{\"@type\":\"ImageObject\",\"inLanguage\":\"fr-FR\",\"@id\":\"https:\/\/no-nailboxes.com\/fr\/products\/isibox-67\/#primaryimage\",\"url\":\"https:\/\/no-nailboxes.com\/app\/uploads\/2025\/09\/Isi-67-face-sans-arriere-plan-scaled.png\",\"contentUrl\":\"https:\/\/no-nailboxes.com\/app\/uploads\/2025\/09\/Isi-67-face-sans-arriere-plan-scaled.png\",\"width\":2560,\"height\":1707},{\"@type\":\"BreadcrumbList\",\"@id\":\"https:\/\/no-nailboxes.com\/fr\/products\/isibox-67\/#breadcrumb\",\"itemListElement\":[{\"@type\":\"ListItem\",\"position\":1,\"name\":\"Home\",\"item\":\"https:\/\/no-nailboxes.com\/fr\/\"},{\"@type\":\"ListItem\",\"position\":2,\"name\":\"ISIBOX 67\"}]},{\"@type\":\"WebSite\",\"@id\":\"https:\/\/no-nailboxes.com\/en\/#website\",\"url\":\"https:\/\/no-nailboxes.com\/en\/\",\"name\":\"No-Nail Boxes\",\"description\":\"\",\"publisher\":{\"@id\":\"https:\/\/no-nailboxes.com\/en\/#organization\"},\"potentialAction\":[{\"@type\":\"SearchAction\",\"target\":{\"@type\":\"EntryPoint\",\"urlTemplate\":\"https:\/\/no-nailboxes.com\/en\/?s={search_term_string}\"},\"query-input\":{\"@type\":\"PropertyValueSpecification\",\"valueRequired\":true,\"valueName\":\"search_term_string\"}}],\"inLanguage\":\"fr-FR\"},{\"@type\":\"Organization\",\"@id\":\"https:\/\/no-nailboxes.com\/en\/#organization\",\"name\":\"No-Nail Boxes\",\"url\":\"https:\/\/no-nailboxes.com\/en\/\",\"logo\":{\"@type\":\"ImageObject\",\"inLanguage\":\"fr-FR\",\"@id\":\"https:\/\/no-nailboxes.com\/en\/#\/schema\/logo\/image\/\",\"url\":\"https:\/\/no-nailboxes.com\/app\/uploads\/2024\/10\/NNB_blanc-transparent.png\",\"contentUrl\":\"https:\/\/no-nailboxes.com\/app\/uploads\/2024\/10\/NNB_blanc-transparent.png\",\"width\":250,\"height\":56,\"caption\":\"No-Nail Boxes\"},\"image\":{\"@id\":\"https:\/\/no-nailboxes.com\/en\/#\/schema\/logo\/image\/\"},\"sameAs\":[\"https:\/\/www.facebook.com\/nonailboxes.lux\/\",\"https:\/\/www.linkedin.com\/company\/no-nail-boxes\",\"https:\/\/www.instagram.com\/nonail_boxes\/\",\"https:\/\/www.youtube.com\/channel\/UCb6za2DCXJdVtR_9lpEbZOw\",\"https:\/\/vimeo.com\/nonailboxes\"]}]}<\/script>\n<!-- \/ Yoast SEO plugin. -->","yoast_head_json":{"title":"Caisses en bois \u00e0 usage unique : ISIBOX 67 | NO-NAIL BOXES","description":"La caisse ISIBOX 67 est tr\u00e8s r\u00e9sistante aux chutes, au gerbage et aux conditions de transport difficiles. Elle est l\u00e9g\u00e8re, facile \u00e0 monter et \u00e0 manutentionner. Comme toutes nos caisses pliantes en bois contreplaqu\u00e9, elle est recyclable ais\u00e9ment.","robots":{"index":"index","follow":"follow","max-snippet":"max-snippet:-1","max-image-preview":"max-image-preview:large","max-video-preview":"max-video-preview:-1"},"canonical":"https:\/\/no-nailboxes.com\/fr\/products\/isibox-67\/","og_locale":"fr_FR","og_type":"article","og_title":"Caisses en bois \u00e0 usage unique : ISIBOX 67 | NO-NAIL BOXES","og_description":"La caisse ISIBOX 67 est tr\u00e8s r\u00e9sistante aux chutes, au gerbage et aux conditions de transport difficiles. Elle est l\u00e9g\u00e8re, facile \u00e0 monter et \u00e0 manutentionner. Comme toutes nos caisses pliantes en bois contreplaqu\u00e9, elle est recyclable ais\u00e9ment.","og_url":"https:\/\/no-nailboxes.com\/fr\/products\/isibox-67\/","og_site_name":"No-Nail Boxes","article_publisher":"https:\/\/www.facebook.com\/nonailboxes.lux\/","article_modified_time":"2025-09-23T08:59:26+00:00","og_image":[{"width":2560,"height":1707,"url":"https:\/\/no-nailboxes.com\/app\/uploads\/2025\/09\/Isi-67-face-sans-arriere-plan-scaled.png","type":"image\/png"}],"twitter_card":"summary_large_image","twitter_misc":{"Est. reading time":"1 minute"},"schema":{"@context":"https:\/\/schema.org","@graph":[{"@type":"WebPage","@id":"https:\/\/no-nailboxes.com\/fr\/products\/isibox-67\/","url":"https:\/\/no-nailboxes.com\/fr\/products\/isibox-67\/","name":"Caisses en bois \u00e0 usage unique : ISIBOX 67 | NO-NAIL BOXES","isPartOf":{"@id":"https:\/\/no-nailboxes.com\/en\/#website"},"primaryImageOfPage":{"@id":"https:\/\/no-nailboxes.com\/fr\/products\/isibox-67\/#primaryimage"},"image":{"@id":"https:\/\/no-nailboxes.com\/fr\/products\/isibox-67\/#primaryimage"},"thumbnailUrl":"https:\/\/no-nailboxes.com\/app\/uploads\/2025\/09\/Isi-67-face-sans-arriere-plan-scaled.png","datePublished":"2025-09-23T08:57:51+00:00","dateModified":"2025-09-23T08:59:26+00:00","description":"La caisse ISIBOX 67 est tr\u00e8s r\u00e9sistante aux chutes, au gerbage et aux conditions de transport difficiles. Elle est l\u00e9g\u00e8re, facile \u00e0 monter et \u00e0 manutentionner. Comme toutes nos caisses pliantes en bois contreplaqu\u00e9, elle est recyclable ais\u00e9ment.","breadcrumb":{"@id":"https:\/\/no-nailboxes.com\/fr\/products\/isibox-67\/#breadcrumb"},"inLanguage":"fr-FR","potentialAction":[{"@type":"ReadAction","target":["https:\/\/no-nailboxes.com\/fr\/products\/isibox-67\/"]}]},{"@type":"ImageObject","inLanguage":"fr-FR","@id":"https:\/\/no-nailboxes.com\/fr\/products\/isibox-67\/#primaryimage","url":"https:\/\/no-nailboxes.com\/app\/uploads\/2025\/09\/Isi-67-face-sans-arriere-plan-scaled.png","contentUrl":"https:\/\/no-nailboxes.com\/app\/uploads\/2025\/09\/Isi-67-face-sans-arriere-plan-scaled.png","width":2560,"height":1707},{"@type":"BreadcrumbList","@id":"https:\/\/no-nailboxes.com\/fr\/products\/isibox-67\/#breadcrumb","itemListElement":[{"@type":"ListItem","position":1,"name":"Home","item":"https:\/\/no-nailboxes.com\/fr\/"},{"@type":"ListItem","position":2,"name":"ISIBOX 67"}]},{"@type":"WebSite","@id":"https:\/\/no-nailboxes.com\/en\/#website","url":"https:\/\/no-nailboxes.com\/en\/","name":"No-Nail Boxes","description":"","publisher":{"@id":"https:\/\/no-nailboxes.com\/en\/#organization"},"potentialAction":[{"@type":"SearchAction","target":{"@type":"EntryPoint","urlTemplate":"https:\/\/no-nailboxes.com\/en\/?s={search_term_string}"},"query-input":{"@type":"PropertyValueSpecification","valueRequired":true,"valueName":"search_term_string"}}],"inLanguage":"fr-FR"},{"@type":"Organization","@id":"https:\/\/no-nailboxes.com\/en\/#organization","name":"No-Nail Boxes","url":"https:\/\/no-nailboxes.com\/en\/","logo":{"@type":"ImageObject","inLanguage":"fr-FR","@id":"https:\/\/no-nailboxes.com\/en\/#\/schema\/logo\/image\/","url":"https:\/\/no-nailboxes.com\/app\/uploads\/2024\/10\/NNB_blanc-transparent.png","contentUrl":"https:\/\/no-nailboxes.com\/app\/uploads\/2024\/10\/NNB_blanc-transparent.png","width":250,"height":56,"caption":"No-Nail Boxes"},"image":{"@id":"https:\/\/no-nailboxes.com\/en\/#\/schema\/logo\/image\/"},"sameAs":["https:\/\/www.facebook.com\/nonailboxes.lux\/","https:\/\/www.linkedin.com\/company\/no-nail-boxes","https:\/\/www.instagram.com\/nonail_boxes\/","https:\/\/www.youtube.com\/channel\/UCb6za2DCXJdVtR_9lpEbZOw","https:\/\/vimeo.com\/nonailboxes"]}]}},"_links":{"self":[{"href":"https:\/\/no-nailboxes.com\/fr\/wp-json\/wp\/v2\/product\/6719","targetHints":{"allow":["GET"]}}],"collection":[{"href":"https:\/\/no-nailboxes.com\/fr\/wp-json\/wp\/v2\/product"}],"about":[{"href":"https:\/\/no-nailboxes.com\/fr\/wp-json\/wp\/v2\/types\/product"}],"author":[{"embeddable":true,"href":"https:\/\/no-nailboxes.com\/fr\/wp-json\/wp\/v2\/users\/7"}],"replies":[{"embeddable":true,"href":"https:\/\/no-nailboxes.com\/fr\/wp-json\/wp\/v2\/comments?post=6719"}],"version-history":[{"count":6,"href":"https:\/\/no-nailboxes.com\/fr\/wp-json\/wp\/v2\/product\/6719\/revisions"}],"predecessor-version":[{"id":6909,"href":"https:\/\/no-nailboxes.com\/fr\/wp-json\/wp\/v2\/product\/6719\/revisions\/6909"}],"wp:featuredmedia":[{"embeddable":true,"href":"https:\/\/no-nailboxes.com\/fr\/wp-json\/wp\/v2\/media\/6896"}],"wp:attachment":[{"href":"https:\/\/no-nailboxes.com\/fr\/wp-json\/wp\/v2\/media?parent=6719"}],"curies":[{"name":"wp","href":"https:\/\/api.w.org\/{rel}","templated":true}]}}