{"id":4779,"date":"2024-10-18T14:01:06","date_gmt":"2024-10-18T14:01:06","guid":{"rendered":"https:\/\/no-nailboxes.com\/?page_id=4779"},"modified":"2025-01-16T10:42:52","modified_gmt":"2025-01-16T10:42:52","slug":"distributiekist","status":"publish","type":"page","link":"https:\/\/no-nailboxes.com\/nl\/distributiekist\/","title":{"rendered":"Distributiekist"},"content":{"rendered":"\r\n<section class=\"acf-block acf-block-space acf-block-first\" id=\"block_acf-block_6788e2abb348b\">\r\n            <div class=\"space small-space\" style=\"padding-top: 0rem;\"><\/div>\r\n            <div class=\"space medium-space\" style=\"padding-top: 0rem;\"><\/div>\r\n            <div class=\"space large-space\" style=\"padding-top: 0rem;\"><\/div>\r\n            <div class=\"space xl-space\" style=\"padding-top: 0rem;\"><\/div>\r\n    <\/section>\r\n\r\n<section class=\"acf-block acf-block-image-texte has_filligrame filligrame_outer\" id=\"block_acf-block_6788e2abb34eb\">\r\n                <div class=\"striped-background-diagonal\"><\/div>\r\n        <div class=\"container-fluid \">\r\n        <div class=\"content__columns--wrapper columns__wrapper columns__wrapper--one\">\r\n                                                \r\n                                            <div class=\"content__column content__column--left content content__column--valign content__column--valign-top\"><p>&nbsp;<\/p>\n<p>Logistiek is de sleutel tot goede bedrijfsprestaties. Het optimaliseren van de logistieke flow, het beveiligen van goederen en het verlagen van kosten zijn belangrijke prioriteiten geworden. Toch worden veel bedrijven geconfronteerd met logistieke uitdagingen die, als ze niet goed worden beheerd, hun winstgevendheid en effici\u00ebntie kunnen schaden. De distributiekisten van NO-NAIL BOXES zijn het juiste antwoord op deze uitdagingen<\/p>\n<h2>Personalisering voor complexe uitdagingen<\/h2>\n<p><span style=\"font-size: 30px; text-transform: none;\">\u00a0<\/span><\/p>\n<p>Bedrijven uit verschillende sectoren hebben te maken met specifieke logistieke uitdagingen op het gebied van opslag, transport en bescherming van goederen. Elke fase in het logistieke proces brengt risico&#8217;s met zich mee die de intactheid van het product kunnen aantasten, de kosten kunnen verhogen of vertragingen kunnen veroorzaken.<\/p>\n<p>Dankzij het ontwerp op maat van de distributiekist, is er steeds een geschikte oplossing voor deze uitdagingen. NO-NAIL BOXES heeft meer dan 60 jaar ervaring en ontwerpt vouwkisten in multiplex en staal die perfect aansluiten in de moderne toeleveringsketen. Tegelijk besparen ze op kosten en bieden ze optimale bescherming van uw goederen. Ontdek meer over de oplossingen die NO-NAIL BOXES kunnen bieden voor uw logistieke uitdagingen.<\/p>\n<\/div>\r\n                                                        <\/div>\r\n    <\/div>\r\n<\/section>\r\n\r\n<section class=\"acf-block acf-block-space\" id=\"block_acf-block_6788e2abb3507\">\r\n            <div class=\"space small-space\" style=\"padding-top: 0rem;\"><\/div>\r\n            <div class=\"space medium-space\" style=\"padding-top: 0rem;\"><\/div>\r\n            <div class=\"space large-space\" style=\"padding-top: 0rem;\"><\/div>\r\n            <div class=\"space xl-space\" style=\"padding-top: 0rem;\"><\/div>\r\n    <\/section>\r\n\r\n<section class=\"acf-block acf-block-image-texte\" id=\"block_acf-block_6788e2abb3531\">\r\n            <div class=\"container-fluid \">\r\n        <div class=\"content__columns--wrapper columns__wrapper columns__wrapper--two\">\r\n                                                \r\n                                            <div class=\"content__column content__column--left content content__column--valign content__column--valign-top\"><div class=\"sub_title\"><span style=\"font-size: 30px; text-transform: none;\">Probleem 1: ineffici\u00ebnt opslag en transport<\/span><\/div><p>De opslag van verpakkingen, vooral als ze leeg zijn, kan duur zijn op het vlak van ruimte en middelen. Veel bedrijven gebruiken nog steeds harde, grote verpakkingen, waardoor de ruimte niet optimaal wordt benut. Bovendien lopen de transportkosten sterk op wanneer vrachtwagens leeg terugkeren na een levering.<\/p>\n<h3>De oplossing: vouwbare distributiekisten in hout<\/h3>\n<p>De <u>distributiekist<\/u> van NO-NAIL BOXES is ontworpen om op te vouwen wanneer hij niet gebruikt wordt. Hierdoor neemt hij 80% minder ruimte in dan een harde kist, waardoor er meer opslagruimte vrijkomt en de kosten worden verlaagd. Als de kisten leeg zijn, kunnen ze opgevouwen en dus plat worden vervoerd waardoor er minder lege ritten nodig zijn en het aantal transportvoertuigen wordt beperkt.<\/p>\n<p>Deze oplossing is vooral geschikt voor bedrijven met veel retourzendingen, zoals distributiebedrijven. Dankzij opvouwbare distributiekisten blijven de transportkosten laag en blijft de verpakking stevig en herbruikbaar.<\/p>\n<\/div>\r\n                                                                                    \r\n                                            <div class=\"content__column content__column--right content content__column--valign content__column--valign-top content__column--image content__column--image-normal\"><img loading=\"lazy\" decoding=\"async\" width=\"426\" height=\"284\" src=\"https:\/\/no-nailboxes.com\/app\/uploads\/2024\/10\/exportation-des-caisses-no-nail-boxes.jpg\" class=\"attachment-large size-large\" alt=\"La norme NIMP15 : un certificat indispensable \u00e0 l\u2019exportation de nos caisses pliantes | NO-NAIL BOXES\" srcset=\"https:\/\/no-nailboxes.com\/app\/uploads\/2024\/10\/exportation-des-caisses-no-nail-boxes.jpg 426w, https:\/\/no-nailboxes.com\/app\/uploads\/2024\/10\/exportation-des-caisses-no-nail-boxes-300x200.jpg 300w\" sizes=\"auto, (max-width: 426px) 100vw, 426px\" \/><\/div>\r\n                                                        <\/div>\r\n    <\/div>\r\n<\/section>\r\n\r\n<section class=\"acf-block acf-block-image-texte\" id=\"block_acf-block_6788e2abb3568\">\r\n            <div class=\"container-fluid \">\r\n        <div class=\"content__columns--wrapper columns__wrapper columns__wrapper--two\">\r\n                                                \r\n                                            <div class=\"content__column content__column--left content content__column--valign content__column--valign-top content__column--image content__column--image-normal\"><img loading=\"lazy\" decoding=\"async\" width=\"426\" height=\"284\" src=\"https:\/\/no-nailboxes.com\/app\/uploads\/2024\/10\/no-nail-boxes-securite-sante-au-travail-1.jpg\" class=\"attachment-large size-large\" alt=\"S\u00e9curit\u00e9 et sant\u00e9 au travail | NO-NAIL BOXES\" srcset=\"https:\/\/no-nailboxes.com\/app\/uploads\/2024\/10\/no-nail-boxes-securite-sante-au-travail-1.jpg 426w, https:\/\/no-nailboxes.com\/app\/uploads\/2024\/10\/no-nail-boxes-securite-sante-au-travail-1-300x200.jpg 300w\" sizes=\"auto, (max-width: 426px) 100vw, 426px\" \/><\/div>\r\n                                                                                    \r\n                                            <div class=\"content__column content__column--right content content__column--valign content__column--valign-top\"><div class=\"sub_title\"><span style=\"font-size: 30px; text-transform: none;\">Probleem 2: onvoldoende goederenbescherming <\/span><\/div><p>Het vervoeren van goederen, vooral kwetsbare producten, brengt risico&#8217;s op schade met zich mee voor bedrijven. Trillingen, schokken en klimaatschommelingen kunnen de intactheid van producten aantasten, vooral in sectoren zoals elektronica, mechanica en chemicali\u00ebn. Lichtere, traditionele verpakkingen zoals karton bieden niet altijd voldoende bescherming.<\/p>\n<h3>De oplossing: een stevige bescherming op maat<\/h3>\n<p>De distributiekisten van NO-NAIL BOXES zijn gemaakt van kwalitatief multiplex en versterkt door stalen onderdelen waardoor ze licht en tegelijk heel stevig zijn. Ze kunnen bovendien ook gepersonaliseerd worden met <a href=\"https:\/\/no-nailboxes.com\/nl\/personalisering\/#calages\">specifieke binnenverpakkingen<\/a> om goederen te beschermen tegen trillingen en schokken tijdens het transport.<\/p>\n<p>Voor veeleisende sectoren zoals de chemische sector, stellen wij ook de <a href=\"https:\/\/no-nailboxes.com\/nl\/catalogus\/#produits-dangereux\">de gehomologeerde kisten voor het transport van gevaarlijke producten<\/a> voor. Met deze kisten wordt de veiligheid van de goederen en personen volgens de internationale normen gegarandeerd.<\/p>\n<\/div>\r\n                                                        <\/div>\r\n    <\/div>\r\n<\/section>\r\n\r\n<section class=\"acf-block acf-block-image-texte\" id=\"block_acf-block_6788e2abb35ac\">\r\n            <div class=\"container-fluid \">\r\n        <div class=\"content__columns--wrapper columns__wrapper columns__wrapper--two\">\r\n                                                \r\n                                            <div class=\"content__column content__column--left content content__column--valign content__column--valign-top\"><div class=\"sub_title\"><span style=\"font-size: 30px; text-transform: none;\">Probleem 3: gebrek aan flexibiliteit bij de verpakking <\/span><\/div><p>Veel bedrijven kampen met een groot probleem: het vinden van een verpakking die past bij hun producten, die kunnen vari\u00ebren in grootte, vorm of breekbaarheid. Standaardverpakkingen voldoen niet altijd aan de specifieke eisen van de producten die worden vervoerd, wat leidt tot extra kosten voor het aanpassen van bestaande verpakkingsoplossingen of schade tijdens het transport.<\/p>\n<h3>De oplossing: maximale flexibiliteit<\/h3>\n<p>Een van de grootste voordelen van de <strong>distributiekisten<\/strong> van NO-NAIL BOXES is dat ze volledig op maat kunnen gemaakt worden. Of het nu gaat om afmetingen, sluitsystemen of specifieke versterkingen, elke kist is ontworpen om precies aan uw eisen te voldoen.<\/p>\n<p>Bovendien zijn ze ook modulair, zodat de configuratie kan worden aangepast voor goederen met verschillende vormen. Deze flexibiliteit is essentieel voor bedrijven met producten van verschillende afmetingen of die een specifieke verpakking nodig hebben om de veiligheid tijdens het transport te garanderen. NO-NAIL BOXES werkt nauw samen met zijn klanten om ervoor te zorgen dat elke kist aan de logistieke eisen voldoet en tegelijk ruimte en bescherming optimaliseert.<\/p>\n<\/div>\r\n                                                                                    \r\n                                            <div class=\"content__column content__column--right content content__column--valign content__column--valign-top content__column--image content__column--image-normal\"><img loading=\"lazy\" decoding=\"async\" width=\"426\" height=\"284\" src=\"https:\/\/no-nailboxes.com\/app\/uploads\/2024\/10\/pourquoi-preferer-le-contreplaque-au-carton-dans-la-fabrication-de-nos-caisses.jpg\" class=\"attachment-large size-large\" alt=\"Pourquoi pr\u00e9f\u00e9rer le contreplaqu\u00e9 au carton dans la fabrication de nos caisses ? | NO-NAIL BOXES\" srcset=\"https:\/\/no-nailboxes.com\/app\/uploads\/2024\/10\/pourquoi-preferer-le-contreplaque-au-carton-dans-la-fabrication-de-nos-caisses.jpg 426w, https:\/\/no-nailboxes.com\/app\/uploads\/2024\/10\/pourquoi-preferer-le-contreplaque-au-carton-dans-la-fabrication-de-nos-caisses-300x200.jpg 300w\" sizes=\"auto, (max-width: 426px) 100vw, 426px\" \/><\/div>\r\n                                                        <\/div>\r\n    <\/div>\r\n<\/section>\r\n\r\n<section class=\"acf-block acf-block-image-texte\" id=\"block_acf-block_6788e2abb35d9\">\r\n            <div class=\"container-fluid \">\r\n        <div class=\"content__columns--wrapper columns__wrapper columns__wrapper--one\">\r\n                                                \r\n                                            <div class=\"content__column content__column--left content content__column--valign content__column--valign-top\"><div class=\"sub_title\"><H2 style=\"font-size: 30px; text-transform: none;\">Globale oplossing: NO-NAIL BOXES, uw partner voor logistieke behoeften<\/H2><\/div><p>We leveren niet enkel distributiekisten, maar we werken ook met u samen om logistieke oplossingen te ontwikkelen die zijn afgestemd op uw specifieke behoeften. Daarom is NO-NAIL BOXES een strategische partner voor uw bedrijf.<\/p>\n<p><strong>Eigen ontwerpbureau<\/strong> : we beschikken over een eigen ontwerpbureau voor het ontwerpen van kisten op maat. Door de specifieke eisen van elke klant te analyseren, stelt ons team technische oplossingen voor die voldoen aan de logistieke beperkingen en waarbij de vervoerde producten worden beschermd. Als onderdeel van deze dienst worden prototypes gemaakt en in de praktijk getest om ervoor te zorgen dat elke distributiekist aan uw eisen voldoet.<\/p>\n<p><strong>Certificeringen en erkende kwaliteit<\/strong> : NO-NAIL BOXES heeft meer dan 60 jaar ervaring in industri\u00eble verpakkingen en is <a href=\"https:\/\/no-nailboxes.com\/nl\/kwaliteit-en-milieu\/\">ISO 9001- en ISO 14001-gecertificeerd<\/a>, dat de kwaliteit en naleving van milieunormen garandeert.<\/p>\n<p><strong>Persoonlijke klantenservice<\/strong> : We ondersteunen onze klanten bij elke stap, van behoefteanalyse tot productie en levering van de kisten. Deze controle zorgt ervoor dat de verpakkingsoplossingen evolueren naargelang uw behoeften, vooral bij veranderingen in de logistieke processen of de vervoerde producten.<\/p>\n<\/div>\r\n                                                        <\/div>\r\n    <\/div>\r\n<\/section>\r\n\r\n<section class=\"acf-block acf-block-image-texte has_filligrame filligrame_inner custom__background blue\" id=\"block_acf-block_6788e2abb360d\">\r\n                <div class=\"striped-background-diagonal\"><\/div>\r\n        <div class=\"container-fluid \">\r\n        <div class=\"content__columns--wrapper columns__wrapper columns__wrapper--one top-padding bottom-padding\">\r\n                                                \r\n                                            <div class=\"content__column content__column--left content content__column--valign content__column--valign-bottom\"><div class=\"sub_title\"><H2 style=\"font-size: 30px; text-transform: none;\">Zet uw logistieke uitdagingen om in kansen met de distributiekist <\/h2><\/div><p>De distributiekist van NO-NAIL BOXES is niet zomaar een verpakkingsoplossing; het is een strategisch hulpmiddel om de logistieke uitdagingen van moderne bedrijven aan te gaan. Of u nu de opslag wilt optimaliseren, kwetsbare goederen wilt beschermen of aangepast wilt zijn aan een groot aantal producten, onze distributiekisten bieden een effici\u00ebnte, duurzame en op maat gemaakte oplossing.<\/p>\n<p>Kiest u voor NO-NAIL BOXES, dan geniet u van erkende expertise, maximale flexibiliteit en ondersteuning op maat, zodat u uw logistieke uitdagingen kunt omzetten in echte kansen. Contacteer ons vandaag nog voor een persoonlijk advies en ontdek hoe onze oplossingen uw activiteiten kunnen optimaliseren en uw kosten kunnen verlagen.<\/p>\n<p>&nbsp;<\/p>\n<\/div>\r\n                                                        <\/div>\r\n    <\/div>\r\n<\/section>\r\n\r\n<section class=\"acf-block acf-block-testimony acf-block-last\" id=\"block_acf-block_6788e2abb380c\">\r\n    <div class=\"container-fluid\">\r\n        <div class=\"testimony__header\">\r\n            <div class=\"subtitle\">Klantreferenties<\/div>\r\n            <div class=\"h2\">Zij kozen al voor ons<\/div>\r\n        <\/div>\r\n        <div class=\"testimony__wrapper\">\r\n            <div class=\"splide splide-testimony \">\r\n                <div class=\"splide__track\">\r\n                    <ul class=\"splide__list\">\r\n                                                <li class=\"splide__slide\">\r\n                                                        <img loading=\"lazy\" decoding=\"async\" width=\"219\" height=\"47\" src=\"https:\/\/no-nailboxes.com\/app\/uploads\/2024\/09\/1200px-Safran_-_logo_2016.png\" class=\"attachment-banner size-banner\" alt=\"\" \/>                                                    <\/li>\r\n                                                <li class=\"splide__slide\">\r\n                                                        <img loading=\"lazy\" decoding=\"async\" width=\"182\" height=\"54\" src=\"https:\/\/no-nailboxes.com\/app\/uploads\/2024\/09\/Schneider-Electric-Logo.png\" class=\"attachment-banner size-banner\" alt=\"\" \/>                                                    <\/li>\r\n                                                <li class=\"splide__slide\">\r\n                                                        <img loading=\"lazy\" decoding=\"async\" width=\"232\" height=\"84\" src=\"https:\/\/no-nailboxes.com\/app\/uploads\/2024\/09\/logo-Steliasignature-Quadri.png\" class=\"attachment-banner size-banner\" alt=\"\" \/>                                                    <\/li>\r\n                                                <li class=\"splide__slide\">\r\n                                                        <img loading=\"lazy\" decoding=\"async\" width=\"187\" height=\"37\" src=\"https:\/\/no-nailboxes.com\/app\/uploads\/2024\/09\/alstom-2.png\" class=\"attachment-banner size-banner\" alt=\"\" \/>                                                    <\/li>\r\n                                                <li class=\"splide__slide\">\r\n                                                        <img loading=\"lazy\" decoding=\"async\" width=\"146\" height=\"47\" src=\"https:\/\/no-nailboxes.com\/app\/uploads\/2024\/09\/Airbus_Group_Logo_2014.svg.png\" class=\"attachment-banner size-banner\" alt=\"\" \/>                                                    <\/li>\r\n                                            <\/ul>\r\n                <\/div>\r\n            <\/div>\r\n        <\/div>\r\n\r\n    <\/div>\r\n<\/section>","protected":false},"excerpt":{"rendered":"","protected":false},"author":5,"featured_media":0,"parent":0,"menu_order":0,"comment_status":"closed","ping_status":"closed","template":"","meta":{"_acf_changed":false,"footnotes":""},"class_list":["post-4779","page","type-page","status-publish","hentry"],"acf":[],"yoast_head":"<!-- This site is optimized with the Yoast SEO plugin v26.2 - https:\/\/yoast.com\/wordpress\/plugins\/seo\/ -->\n<title>Distributiekist - No-Nail Boxes<\/title>\n<meta name=\"robots\" content=\"index, follow, max-snippet:-1, max-image-preview:large, max-video-preview:-1\" \/>\n<link rel=\"canonical\" href=\"https:\/\/no-nailboxes.com\/nl\/distributiekist\/\" \/>\n<meta property=\"og:locale\" content=\"nl_NL\" \/>\n<meta property=\"og:type\" content=\"article\" \/>\n<meta property=\"og:title\" content=\"Distributiekist - No-Nail Boxes\" \/>\n<meta property=\"og:url\" content=\"https:\/\/no-nailboxes.com\/nl\/distributiekist\/\" \/>\n<meta property=\"og:site_name\" content=\"No-Nail Boxes\" \/>\n<meta property=\"article:publisher\" content=\"https:\/\/www.facebook.com\/nonailboxes.lux\/\" \/>\n<meta property=\"article:modified_time\" content=\"2025-01-16T10:42:52+00:00\" \/>\n<meta name=\"twitter:card\" content=\"summary_large_image\" \/>\n<script type=\"application\/ld+json\" class=\"yoast-schema-graph\">{\"@context\":\"https:\/\/schema.org\",\"@graph\":[{\"@type\":\"WebPage\",\"@id\":\"https:\/\/no-nailboxes.com\/nl\/distributiekist\/\",\"url\":\"https:\/\/no-nailboxes.com\/nl\/distributiekist\/\",\"name\":\"Distributiekist - No-Nail Boxes\",\"isPartOf\":{\"@id\":\"https:\/\/no-nailboxes.com\/en\/#website\"},\"datePublished\":\"2024-10-18T14:01:06+00:00\",\"dateModified\":\"2025-01-16T10:42:52+00:00\",\"breadcrumb\":{\"@id\":\"https:\/\/no-nailboxes.com\/nl\/distributiekist\/#breadcrumb\"},\"inLanguage\":\"nl-NL\",\"potentialAction\":[{\"@type\":\"ReadAction\",\"target\":[\"https:\/\/no-nailboxes.com\/nl\/distributiekist\/\"]}]},{\"@type\":\"BreadcrumbList\",\"@id\":\"https:\/\/no-nailboxes.com\/nl\/distributiekist\/#breadcrumb\",\"itemListElement\":[{\"@type\":\"ListItem\",\"position\":1,\"name\":\"Home\",\"item\":\"https:\/\/no-nailboxes.com\/nl\/\"},{\"@type\":\"ListItem\",\"position\":2,\"name\":\"Distributiekist\"}]},{\"@type\":\"WebSite\",\"@id\":\"https:\/\/no-nailboxes.com\/en\/#website\",\"url\":\"https:\/\/no-nailboxes.com\/en\/\",\"name\":\"No-Nail Boxes\",\"description\":\"\",\"publisher\":{\"@id\":\"https:\/\/no-nailboxes.com\/en\/#organization\"},\"potentialAction\":[{\"@type\":\"SearchAction\",\"target\":{\"@type\":\"EntryPoint\",\"urlTemplate\":\"https:\/\/no-nailboxes.com\/en\/?s={search_term_string}\"},\"query-input\":{\"@type\":\"PropertyValueSpecification\",\"valueRequired\":true,\"valueName\":\"search_term_string\"}}],\"inLanguage\":\"nl-NL\"},{\"@type\":\"Organization\",\"@id\":\"https:\/\/no-nailboxes.com\/en\/#organization\",\"name\":\"No-Nail Boxes\",\"url\":\"https:\/\/no-nailboxes.com\/en\/\",\"logo\":{\"@type\":\"ImageObject\",\"inLanguage\":\"nl-NL\",\"@id\":\"https:\/\/no-nailboxes.com\/en\/#\/schema\/logo\/image\/\",\"url\":\"https:\/\/no-nailboxes.com\/app\/uploads\/2024\/10\/NNB_blanc-transparent.png\",\"contentUrl\":\"https:\/\/no-nailboxes.com\/app\/uploads\/2024\/10\/NNB_blanc-transparent.png\",\"width\":250,\"height\":56,\"caption\":\"No-Nail Boxes\"},\"image\":{\"@id\":\"https:\/\/no-nailboxes.com\/en\/#\/schema\/logo\/image\/\"},\"sameAs\":[\"https:\/\/www.facebook.com\/nonailboxes.lux\/\",\"https:\/\/www.linkedin.com\/company\/no-nail-boxes\",\"https:\/\/www.instagram.com\/nonail_boxes\/\",\"https:\/\/www.youtube.com\/channel\/UCb6za2DCXJdVtR_9lpEbZOw\",\"https:\/\/vimeo.com\/nonailboxes\"]}]}<\/script>\n<!-- \/ Yoast SEO plugin. -->","yoast_head_json":{"title":"Distributiekist - No-Nail Boxes","robots":{"index":"index","follow":"follow","max-snippet":"max-snippet:-1","max-image-preview":"max-image-preview:large","max-video-preview":"max-video-preview:-1"},"canonical":"https:\/\/no-nailboxes.com\/nl\/distributiekist\/","og_locale":"nl_NL","og_type":"article","og_title":"Distributiekist - No-Nail Boxes","og_url":"https:\/\/no-nailboxes.com\/nl\/distributiekist\/","og_site_name":"No-Nail Boxes","article_publisher":"https:\/\/www.facebook.com\/nonailboxes.lux\/","article_modified_time":"2025-01-16T10:42:52+00:00","twitter_card":"summary_large_image","schema":{"@context":"https:\/\/schema.org","@graph":[{"@type":"WebPage","@id":"https:\/\/no-nailboxes.com\/nl\/distributiekist\/","url":"https:\/\/no-nailboxes.com\/nl\/distributiekist\/","name":"Distributiekist - No-Nail Boxes","isPartOf":{"@id":"https:\/\/no-nailboxes.com\/en\/#website"},"datePublished":"2024-10-18T14:01:06+00:00","dateModified":"2025-01-16T10:42:52+00:00","breadcrumb":{"@id":"https:\/\/no-nailboxes.com\/nl\/distributiekist\/#breadcrumb"},"inLanguage":"nl-NL","potentialAction":[{"@type":"ReadAction","target":["https:\/\/no-nailboxes.com\/nl\/distributiekist\/"]}]},{"@type":"BreadcrumbList","@id":"https:\/\/no-nailboxes.com\/nl\/distributiekist\/#breadcrumb","itemListElement":[{"@type":"ListItem","position":1,"name":"Home","item":"https:\/\/no-nailboxes.com\/nl\/"},{"@type":"ListItem","position":2,"name":"Distributiekist"}]},{"@type":"WebSite","@id":"https:\/\/no-nailboxes.com\/en\/#website","url":"https:\/\/no-nailboxes.com\/en\/","name":"No-Nail Boxes","description":"","publisher":{"@id":"https:\/\/no-nailboxes.com\/en\/#organization"},"potentialAction":[{"@type":"SearchAction","target":{"@type":"EntryPoint","urlTemplate":"https:\/\/no-nailboxes.com\/en\/?s={search_term_string}"},"query-input":{"@type":"PropertyValueSpecification","valueRequired":true,"valueName":"search_term_string"}}],"inLanguage":"nl-NL"},{"@type":"Organization","@id":"https:\/\/no-nailboxes.com\/en\/#organization","name":"No-Nail Boxes","url":"https:\/\/no-nailboxes.com\/en\/","logo":{"@type":"ImageObject","inLanguage":"nl-NL","@id":"https:\/\/no-nailboxes.com\/en\/#\/schema\/logo\/image\/","url":"https:\/\/no-nailboxes.com\/app\/uploads\/2024\/10\/NNB_blanc-transparent.png","contentUrl":"https:\/\/no-nailboxes.com\/app\/uploads\/2024\/10\/NNB_blanc-transparent.png","width":250,"height":56,"caption":"No-Nail Boxes"},"image":{"@id":"https:\/\/no-nailboxes.com\/en\/#\/schema\/logo\/image\/"},"sameAs":["https:\/\/www.facebook.com\/nonailboxes.lux\/","https:\/\/www.linkedin.com\/company\/no-nail-boxes","https:\/\/www.instagram.com\/nonail_boxes\/","https:\/\/www.youtube.com\/channel\/UCb6za2DCXJdVtR_9lpEbZOw","https:\/\/vimeo.com\/nonailboxes"]}]}},"_links":{"self":[{"href":"https:\/\/no-nailboxes.com\/nl\/wp-json\/wp\/v2\/pages\/4779","targetHints":{"allow":["GET"]}}],"collection":[{"href":"https:\/\/no-nailboxes.com\/nl\/wp-json\/wp\/v2\/pages"}],"about":[{"href":"https:\/\/no-nailboxes.com\/nl\/wp-json\/wp\/v2\/types\/page"}],"author":[{"embeddable":true,"href":"https:\/\/no-nailboxes.com\/nl\/wp-json\/wp\/v2\/users\/5"}],"replies":[{"embeddable":true,"href":"https:\/\/no-nailboxes.com\/nl\/wp-json\/wp\/v2\/comments?post=4779"}],"version-history":[{"count":6,"href":"https:\/\/no-nailboxes.com\/nl\/wp-json\/wp\/v2\/pages\/4779\/revisions"}],"predecessor-version":[{"id":4876,"href":"https:\/\/no-nailboxes.com\/nl\/wp-json\/wp\/v2\/pages\/4779\/revisions\/4876"}],"wp:attachment":[{"href":"https:\/\/no-nailboxes.com\/nl\/wp-json\/wp\/v2\/media?parent=4779"}],"curies":[{"name":"wp","href":"https:\/\/api.w.org\/{rel}","templated":true}]}}